{"id":20562,"date":"2020-05-18T15:02:11","date_gmt":"2020-05-18T13:02:11","guid":{"rendered":"http:\/\/www.promec-srl.com\/melegari-technology-servizio-after-sales\/"},"modified":"2025-10-22T10:30:12","modified_gmt":"2025-10-22T08:30:12","slug":"durabilite","status":"publish","type":"page","link":"https:\/\/www.promec-srl.com\/fr\/durabilite\/","title":{"rendered":"Durabilit\u00e9"},"content":{"rendered":"<section  class=\"bg-image-srcset cover-background\" style=\"background-image: url(https:\/\/www.promec-srl.com\/wp-content\/uploads\/2021\/04\/shutterstock_1798672513.jpg);\" data-bg-srcset=\"https:\/\/www.promec-srl.com\/wp-content\/uploads\/2021\/04\/shutterstock_1798672513.jpg 1920w, https:\/\/www.promec-srl.com\/wp-content\/uploads\/2021\/04\/shutterstock_1798672513-300x169.jpg 300w, https:\/\/www.promec-srl.com\/wp-content\/uploads\/2021\/04\/shutterstock_1798672513-1024x576.jpg 1024w, https:\/\/www.promec-srl.com\/wp-content\/uploads\/2021\/04\/shutterstock_1798672513-768x432.jpg 768w, https:\/\/www.promec-srl.com\/wp-content\/uploads\/2021\/04\/shutterstock_1798672513-1536x864.jpg 1536w, https:\/\/www.promec-srl.com\/wp-content\/uploads\/2021\/04\/shutterstock_1798672513-81x46.jpg 81w\"><div class=\"container\"><div class=\"row\"><div class=\"wpb_column hcode-column-container center-col text-center vc_col-sm-8 vc_col-md-6 col-xs-mobile-fullwidth\" data-front-class=\"center-col text-center col-xs-mobile-fullwidth\"><div class=\"vc-column-innner-wrapper\">[vc_empty_space height=\"300\"]<\/div><\/div><\/div><\/div><\/section><section class=\" vc_custom_1589806659182 row-equal-height row-content-middle\"><div class=\"container-fluid\"><div class=\"row hcode-row-flex\"><div class=\"wpb_column hcode-column-container center-col text-center vc_col-sm-10 vc_col-md-6 col-xs-mobile-fullwidth\" data-front-class=\"center-col text-center col-xs-mobile-fullwidth\"><div class=\"vc-column-innner-wrapper\"><div class=\"hcode-inner-row\"><div class=\"wpb_column hcode-column-container vc_col-sm-12 col-xs-mobile-fullwidth\" data-front-class=\"col-xs-mobile-fullwidth\"><div class=\"vc-column-innner-wrapper\"><h1 style=\"text-align: center;\"><strong>DURABILIT\u00c9<\/strong><\/h1>\n<p style=\"text-align: center;\">De nos jours, le d\u00e9veloppement durable devient un concept de plus en plus important. Parvenir \u00e0 un d\u00e9veloppement durable repr\u00e9sente aujourd\u2019hui un d\u00e9fi aussi bien social, environnemental qu\u2019\u00e9conomique.<\/p>\n<p style=\"text-align: center;\">Bien que les entreprises doivent in\u00e9vitablement continuer \u00e0 poursuivre leurs dynamiques industrielles, elles ne doivent pas pour autant oublier que le processus de changement, l\u2019exploitation des ressources, les plans d\u2019investissement et les directives technologiques doivent \u00eatre, dans une mesure croissante, en synergie avec l\u2019environnement dans lequel nous vivons, malheureusement d\u00e9j\u00e0 trop compromis.<\/p>\n<p style=\"text-align: center;\">Lorsque nous concevons et r\u00e9alisons nos machines, c\u2019est dans cet \u00e9tat d\u2019esprit que nous mettons en \u0153uvre toutes les initiatives r\u00e9alisables pour d\u00e9velopper et cr\u00e9er les syst\u00e8mes les plus respectueux de l\u2019environnement possibles, tout en garantissant efficacit\u00e9 et fiabilit\u00e9, mais en r\u00e9duisant au minimum l\u2019impact sur l\u2019environnement.<\/p>\n[vc_single_image image=\"20309\" img_size=\"full\" alignment=\"right\"]<\/div><\/div><\/div><h2 style=\"text-align: left;\">CODE \u00c9THIQUE<\/h2>\n<p>Nous ne sommes pas seulement dans le business pour\u2026 le business ! Nous le faisons avec passion et, avant tout,\u00a0<em>par<\/em>\u00a0passion. C\u2019est pour cela que chez Promec nous attribuons une importance absolue non seulement au \u00ab\u00a0<em>quoi\u00a0\u00bb,<\/em>\u00a0mais aussi au\u00a0<em>\u00ab\u00a0comment\u00a0\u00bb.<\/em>\u00a0Nous d\u00e9dions tous les jours notre attention \u00e0 la fa\u00e7on dont nous nous mettons en relation \u00e0 l\u2019int\u00e9rieur et \u00e0 l\u2019ext\u00e9rieur de notre entreprise, car nous d\u00e9sirons \u00eatre reconnus pour notre valeur et par nos valeurs.<\/p>\n<p>Voil\u00e0 pourquoi nos principes ne sont pas n\u00e9gociables en mati\u00e8re de:<\/p>\n<ul>\n<li><strong>Respect de la loi<\/strong><\/li>\n<li><strong>Respect envers les autres<\/strong><\/li>\n<li><strong>Respect des crit\u00e8res d\u2019honn\u00eatet\u00e9<\/strong><\/li>\n<li><strong>Int\u00e9grit\u00e9 morale enti\u00e8re<\/strong><\/li>\n<li><strong>Aucune distinction de race, religion, genre, handicap ou orientation sexuelle<\/strong><\/li>\n<li><strong>Qualit\u00e9 et s\u00e9curit\u00e9 sur le travail<\/strong><\/li>\n<li><strong>Respect de l\u2019environnement<\/strong><\/li>\n<\/ul>\n<p>Aujourd\u2019hui plus que jamais, le mot\u00a0<em>\u00ab\u00a0partenaire\u00a0\u00bb<\/em>\u00a0prend une valeur non pas rh\u00e9torique, mais concr\u00e8te\u00a0: ensemble on peut, et on peut\u00a0<em>mieux<\/em>. R\u00e9ellement. Nos valeurs, notre mission et le partage de la part de nos collaborateurs de la \u00ab\u00a0vision\u00a0\u00bb de l\u2019entreprise sont les points de r\u00e9f\u00e9rence pour garantir une avanc\u00e9e constante vers le futur\u00a0; \u00e9l\u00e9ments \u00e0 la base de notre code de conduite, gr\u00e2ce auxquels, plus largement, sont d\u00e9finies la qualit\u00e9, la comp\u00e9titivit\u00e9 et la croissance de l\u2019entreprise.<\/p>\n<\/div><\/div><\/div><\/div><\/section>","protected":false},"excerpt":{"rendered":"<p>[vc_empty_space height=\u00a0\u00bb300&Prime;]DURABILIT\u00c9 De nos jours, le d\u00e9veloppement durable devient un concept de plus en plus important. Parvenir \u00e0 un d\u00e9veloppement durable repr\u00e9sente aujourd\u2019hui un d\u00e9fi aussi bien social, environnemental qu\u2019\u00e9conomique. Bien que les entreprises doivent in\u00e9vitablement continuer \u00e0 poursuivre leurs dynamiques industrielles, elles ne doivent pas pour autant oublier que le processus de changement, l\u2019exploitation [&hellip;]<\/p>\n","protected":false},"author":9,"featured_media":0,"parent":0,"menu_order":0,"comment_status":"open","ping_status":"closed","template":"","meta":{"footnotes":""},"class_list":["post-20562","page","type-page","status-publish","hentry"],"yoast_head":"<!-- This site is optimized with the Yoast SEO plugin v27.4 - https:\/\/yoast.com\/product\/yoast-seo-wordpress\/ -->\n<title>Durabilit\u00e9 | Promec<\/title>\n<meta name=\"description\" content=\"De nos jours, le d\u00e9veloppement durable devient un concept de plus en plus important.\" \/>\n<meta name=\"robots\" content=\"index, follow, max-snippet:-1, max-image-preview:large, max-video-preview:-1\" \/>\n<link rel=\"canonical\" href=\"https:\/\/www.promec-srl.com\/fr\/durabilite\/\" \/>\n<meta property=\"og:locale\" content=\"fr_FR\" \/>\n<meta property=\"og:type\" content=\"article\" \/>\n<meta property=\"og:title\" content=\"Durabilit\u00e9 | Promec\" \/>\n<meta property=\"og:description\" content=\"De nos jours, le d\u00e9veloppement durable devient un concept de plus en plus important.\" \/>\n<meta property=\"og:url\" content=\"https:\/\/www.promec-srl.com\/fr\/durabilite\/\" \/>\n<meta property=\"og:site_name\" content=\"Promec\" \/>\n<meta property=\"article:modified_time\" content=\"2025-10-22T08:30:12+00:00\" \/>\n<meta name=\"twitter:card\" content=\"summary_large_image\" \/>\n<meta name=\"twitter:label1\" content=\"Dur\u00e9e de lecture estim\u00e9e\" \/>\n\t<meta name=\"twitter:data1\" content=\"2 minutes\" \/>\n<script type=\"application\/ld+json\" class=\"yoast-schema-graph\">{\"@context\":\"https:\\\/\\\/schema.org\",\"@graph\":[{\"@type\":\"WebPage\",\"@id\":\"https:\\\/\\\/www.promec-srl.com\\\/fr\\\/durabilite\\\/\",\"url\":\"https:\\\/\\\/www.promec-srl.com\\\/fr\\\/durabilite\\\/\",\"name\":\"Durabilit\u00e9 | Promec\",\"isPartOf\":{\"@id\":\"https:\\\/\\\/www.promec-srl.com\\\/#website\"},\"datePublished\":\"2020-05-18T13:02:11+00:00\",\"dateModified\":\"2025-10-22T08:30:12+00:00\",\"description\":\"De nos jours, le d\u00e9veloppement durable devient un concept de plus en plus important.\",\"breadcrumb\":{\"@id\":\"https:\\\/\\\/www.promec-srl.com\\\/fr\\\/durabilite\\\/#breadcrumb\"},\"inLanguage\":\"fr-FR\",\"potentialAction\":[{\"@type\":\"ReadAction\",\"target\":[\"https:\\\/\\\/www.promec-srl.com\\\/fr\\\/durabilite\\\/\"]}]},{\"@type\":\"BreadcrumbList\",\"@id\":\"https:\\\/\\\/www.promec-srl.com\\\/fr\\\/durabilite\\\/#breadcrumb\",\"itemListElement\":[{\"@type\":\"ListItem\",\"position\":1,\"name\":\"Home\",\"item\":\"https:\\\/\\\/www.promec-srl.com\\\/fr\\\/\"},{\"@type\":\"ListItem\",\"position\":2,\"name\":\"Durabilit\u00e9\"}]},{\"@type\":\"WebSite\",\"@id\":\"https:\\\/\\\/www.promec-srl.com\\\/#website\",\"url\":\"https:\\\/\\\/www.promec-srl.com\\\/\",\"name\":\"Promec\",\"description\":\"IL PARTNER IDEALE PER LA REALIZZAZIONE DI IMPIANTI COMPLETI DI IMBOTTIGLIAMENTO\",\"potentialAction\":[{\"@type\":\"SearchAction\",\"target\":{\"@type\":\"EntryPoint\",\"urlTemplate\":\"https:\\\/\\\/www.promec-srl.com\\\/?s={search_term_string}\"},\"query-input\":{\"@type\":\"PropertyValueSpecification\",\"valueRequired\":true,\"valueName\":\"search_term_string\"}}],\"inLanguage\":\"fr-FR\"}]}<\/script>\n<!-- \/ Yoast SEO plugin. -->","yoast_head_json":{"title":"Durabilit\u00e9 | Promec","description":"De nos jours, le d\u00e9veloppement durable devient un concept de plus en plus important.","robots":{"index":"index","follow":"follow","max-snippet":"max-snippet:-1","max-image-preview":"max-image-preview:large","max-video-preview":"max-video-preview:-1"},"canonical":"https:\/\/www.promec-srl.com\/fr\/durabilite\/","og_locale":"fr_FR","og_type":"article","og_title":"Durabilit\u00e9 | Promec","og_description":"De nos jours, le d\u00e9veloppement durable devient un concept de plus en plus important.","og_url":"https:\/\/www.promec-srl.com\/fr\/durabilite\/","og_site_name":"Promec","article_modified_time":"2025-10-22T08:30:12+00:00","twitter_card":"summary_large_image","twitter_misc":{"Dur\u00e9e de lecture estim\u00e9e":"2 minutes"},"schema":{"@context":"https:\/\/schema.org","@graph":[{"@type":"WebPage","@id":"https:\/\/www.promec-srl.com\/fr\/durabilite\/","url":"https:\/\/www.promec-srl.com\/fr\/durabilite\/","name":"Durabilit\u00e9 | Promec","isPartOf":{"@id":"https:\/\/www.promec-srl.com\/#website"},"datePublished":"2020-05-18T13:02:11+00:00","dateModified":"2025-10-22T08:30:12+00:00","description":"De nos jours, le d\u00e9veloppement durable devient un concept de plus en plus important.","breadcrumb":{"@id":"https:\/\/www.promec-srl.com\/fr\/durabilite\/#breadcrumb"},"inLanguage":"fr-FR","potentialAction":[{"@type":"ReadAction","target":["https:\/\/www.promec-srl.com\/fr\/durabilite\/"]}]},{"@type":"BreadcrumbList","@id":"https:\/\/www.promec-srl.com\/fr\/durabilite\/#breadcrumb","itemListElement":[{"@type":"ListItem","position":1,"name":"Home","item":"https:\/\/www.promec-srl.com\/fr\/"},{"@type":"ListItem","position":2,"name":"Durabilit\u00e9"}]},{"@type":"WebSite","@id":"https:\/\/www.promec-srl.com\/#website","url":"https:\/\/www.promec-srl.com\/","name":"Promec","description":"IL PARTNER IDEALE PER LA REALIZZAZIONE DI IMPIANTI COMPLETI DI IMBOTTIGLIAMENTO","potentialAction":[{"@type":"SearchAction","target":{"@type":"EntryPoint","urlTemplate":"https:\/\/www.promec-srl.com\/?s={search_term_string}"},"query-input":{"@type":"PropertyValueSpecification","valueRequired":true,"valueName":"search_term_string"}}],"inLanguage":"fr-FR"}]}},"_links":{"self":[{"href":"https:\/\/www.promec-srl.com\/fr\/wp-json\/wp\/v2\/pages\/20562","targetHints":{"allow":["GET"]}}],"collection":[{"href":"https:\/\/www.promec-srl.com\/fr\/wp-json\/wp\/v2\/pages"}],"about":[{"href":"https:\/\/www.promec-srl.com\/fr\/wp-json\/wp\/v2\/types\/page"}],"author":[{"embeddable":true,"href":"https:\/\/www.promec-srl.com\/fr\/wp-json\/wp\/v2\/users\/9"}],"replies":[{"embeddable":true,"href":"https:\/\/www.promec-srl.com\/fr\/wp-json\/wp\/v2\/comments?post=20562"}],"version-history":[{"count":0,"href":"https:\/\/www.promec-srl.com\/fr\/wp-json\/wp\/v2\/pages\/20562\/revisions"}],"wp:attachment":[{"href":"https:\/\/www.promec-srl.com\/fr\/wp-json\/wp\/v2\/media?parent=20562"}],"curies":[{"name":"wp","href":"https:\/\/api.w.org\/{rel}","templated":true}]}}