{"id":21141,"date":"2019-09-09T14:33:27","date_gmt":"2019-09-09T12:33:27","guid":{"rendered":"http:\/\/www.promec-srl.com\/bottling-machinery-for-still-water\/"},"modified":"2021-11-17T10:18:46","modified_gmt":"2021-11-17T09:18:46","slug":"rinceuses","status":"publish","type":"page","link":"https:\/\/www.promec-srl.com\/fr\/rinceuses\/","title":{"rendered":"Rinceuses"},"content":{"rendered":"<section  class=\"bg-image-srcset cover-background\" style=\"background-image: url(https:\/\/www.promec-srl.com\/wp-content\/uploads\/2021\/02\/header-water.jpg);\" data-bg-srcset=\"https:\/\/www.promec-srl.com\/wp-content\/uploads\/2021\/02\/header-water.jpg 1500w, https:\/\/www.promec-srl.com\/wp-content\/uploads\/2021\/02\/header-water-300x200.jpg 300w, https:\/\/www.promec-srl.com\/wp-content\/uploads\/2021\/02\/header-water-1024x683.jpg 1024w, https:\/\/www.promec-srl.com\/wp-content\/uploads\/2021\/02\/header-water-768x512.jpg 768w, https:\/\/www.promec-srl.com\/wp-content\/uploads\/2021\/02\/header-water-81x54.jpg 81w\"><div class=\"selection-overlay\" style=\"opacity:0.8;background-color:#005292;\"><\/div><div class=\"container\"><div class=\"row\"><div class=\"wpb_column hcode-column-container center-col text-center vc_col-sm-8 vc_col-md-6 col-xs-mobile-fullwidth\" data-front-class=\"center-col text-center col-xs-mobile-fullwidth\"><div class=\"vc-column-innner-wrapper\"><p class=\"title-large text-uppercase letter-spacing-1 black-text font-weight-600\"  style=\"color:#ffffff !important\">RINCEUSES<\/p><\/div><\/div><\/div><\/div><\/section><section><div class=\"wpb_column hcode-column-container  vc_custom_1568626106247 vc_col-sm-12 col-xs-mobile-fullwidth\" data-front-class=\" vc_custom_1568626106247 col-xs-mobile-fullwidth\"><div class=\"vc-column-innner-wrapper\"><div class=\"col-md-12 text-center\"><div class=\"text-center\"><ul  class=\"portfolio-filter nav nav-tabs  hcode-portfolio-filter-1\"><li class=\"nav  active \"><a href=\"#\"  class=\"\" data-uniqueid=\"hcode-portfolio-1\" data-filter=\"*\" data-id=\"\">All<\/a><\/li><li class=\"nav \">\n                                    <a href=\"#\"  class=\"\" data-uniqueid=\"hcode-portfolio-1\" data-filter=\".portfolio-filter-184\" data-trigger-id=\"sciacquatrici-fr\" data-id=\"\">Rinceuses Rotative<\/a>\n                                <\/li><li class=\"nav \">\n                                    <a href=\"#\"  class=\"\" data-uniqueid=\"hcode-portfolio-1\" data-filter=\".portfolio-filter-209\" data-trigger-id=\"sciacquatrici-lineari-fr\" data-id=\"\">Rinceuses Lin\u00e9aire<\/a>\n                                <\/li><li class=\"nav \">\n                                    <a href=\"#\"  class=\"\" data-uniqueid=\"hcode-portfolio-1\" data-filter=\".portfolio-filter-210\" data-trigger-id=\"torrette-fr\" data-id=\"\">Tourelle<\/a>\n                                <\/li><\/ul><\/div><\/div><div  class=\"work-4col gutter work-with-title \"><div class=\"col-md-12  grid-gallery overflow-hidden  content-section\"><div class=\"tab-content portfolio-infinite-scroll-pagination\"><ul class=\"grid masonry-items masonry-portfolio-grid   hcode-portfolio-1\" data-portfolio=\"\" data-uniqueid=\"hcode-portfolio-1\"><li class=\"portfolio-filter-209 \"><figure><div class=\"gallery-img\"><a href=\"https:\/\/www.promec-srl.com\/fr\/prodotti\/rinceuses-grands-recipients\/\"><img fetchpriority=\"high\" decoding=\"async\" width=\"1500\" height=\"1000\" src=\"https:\/\/www.promec-srl.com\/wp-content\/uploads\/2021\/04\/Sciacquatrice-grandi-formati.jpg\" class=\"hcode-portfolio-img wp-post-image\" alt=\"\" srcset=\"https:\/\/www.promec-srl.com\/wp-content\/uploads\/2021\/04\/Sciacquatrice-grandi-formati.jpg 1500w, https:\/\/www.promec-srl.com\/wp-content\/uploads\/2021\/04\/Sciacquatrice-grandi-formati-300x200.jpg 300w, https:\/\/www.promec-srl.com\/wp-content\/uploads\/2021\/04\/Sciacquatrice-grandi-formati-1024x683.jpg 1024w, https:\/\/www.promec-srl.com\/wp-content\/uploads\/2021\/04\/Sciacquatrice-grandi-formati-768x512.jpg 768w, https:\/\/www.promec-srl.com\/wp-content\/uploads\/2021\/04\/Sciacquatrice-grandi-formati-81x54.jpg 81w\" sizes=\"(max-width: 1500px) 100vw, 1500px\" \/><\/a><\/div><figcaption><h3 class=\"\"><a href=\"https:\/\/www.promec-srl.com\/fr\/prodotti\/rinceuses-grands-recipients\/\">Rinceuses grands r\u00e9cipients<\/a><\/h3><\/figcaption><\/figure><\/li><li class=\"portfolio-filter-210 \"><figure><div class=\"gallery-img\"><a href=\"https:\/\/www.promec-srl.com\/fr\/prodotti\/tourelle-evolution\/\"><img decoding=\"async\" width=\"1500\" height=\"1000\" src=\"https:\/\/www.promec-srl.com\/wp-content\/uploads\/2021\/04\/evolution-torretta-grande-1.jpg\" class=\"hcode-portfolio-img wp-post-image\" alt=\"\" srcset=\"https:\/\/www.promec-srl.com\/wp-content\/uploads\/2021\/04\/evolution-torretta-grande-1.jpg 1500w, https:\/\/www.promec-srl.com\/wp-content\/uploads\/2021\/04\/evolution-torretta-grande-1-300x200.jpg 300w, https:\/\/www.promec-srl.com\/wp-content\/uploads\/2021\/04\/evolution-torretta-grande-1-1024x683.jpg 1024w, https:\/\/www.promec-srl.com\/wp-content\/uploads\/2021\/04\/evolution-torretta-grande-1-768x512.jpg 768w, https:\/\/www.promec-srl.com\/wp-content\/uploads\/2021\/04\/evolution-torretta-grande-1-81x54.jpg 81w\" sizes=\"(max-width: 1500px) 100vw, 1500px\" \/><\/a><\/div><figcaption><h3 class=\"\"><a href=\"https:\/\/www.promec-srl.com\/fr\/prodotti\/tourelle-evolution\/\">Tourelle Evolution<\/a><\/h3><\/figcaption><\/figure><\/li><li class=\"portfolio-filter-209 \"><figure><div class=\"gallery-img\"><a href=\"https:\/\/www.promec-srl.com\/fr\/prodotti\/twistline\/\"><img decoding=\"async\" width=\"1500\" height=\"1000\" src=\"https:\/\/www.promec-srl.com\/wp-content\/uploads\/2021\/04\/twistline.jpg\" class=\"hcode-portfolio-img wp-post-image\" alt=\"\" srcset=\"https:\/\/www.promec-srl.com\/wp-content\/uploads\/2021\/04\/twistline.jpg 1500w, https:\/\/www.promec-srl.com\/wp-content\/uploads\/2021\/04\/twistline-300x200.jpg 300w, https:\/\/www.promec-srl.com\/wp-content\/uploads\/2021\/04\/twistline-1024x683.jpg 1024w, https:\/\/www.promec-srl.com\/wp-content\/uploads\/2021\/04\/twistline-768x512.jpg 768w, https:\/\/www.promec-srl.com\/wp-content\/uploads\/2021\/04\/twistline-81x54.jpg 81w\" sizes=\"(max-width: 1500px) 100vw, 1500px\" \/><\/a><\/div><figcaption><h3 class=\"\"><a href=\"https:\/\/www.promec-srl.com\/fr\/prodotti\/twistline\/\">Twistline<\/a><\/h3><\/figcaption><\/figure><\/li><li class=\"portfolio-filter-209 \"><figure><div class=\"gallery-img\"><a href=\"https:\/\/www.promec-srl.com\/fr\/prodotti\/linerins\/\"><img loading=\"lazy\" decoding=\"async\" width=\"1500\" height=\"1000\" src=\"https:\/\/www.promec-srl.com\/wp-content\/uploads\/2021\/04\/Lineris.jpg\" class=\"hcode-portfolio-img wp-post-image\" alt=\"\" srcset=\"https:\/\/www.promec-srl.com\/wp-content\/uploads\/2021\/04\/Lineris.jpg 1500w, https:\/\/www.promec-srl.com\/wp-content\/uploads\/2021\/04\/Lineris-300x200.jpg 300w, https:\/\/www.promec-srl.com\/wp-content\/uploads\/2021\/04\/Lineris-1024x683.jpg 1024w, https:\/\/www.promec-srl.com\/wp-content\/uploads\/2021\/04\/Lineris-768x512.jpg 768w, https:\/\/www.promec-srl.com\/wp-content\/uploads\/2021\/04\/Lineris-81x54.jpg 81w\" sizes=\"(max-width: 1500px) 100vw, 1500px\" \/><\/a><\/div><figcaption><h3 class=\"\"><a href=\"https:\/\/www.promec-srl.com\/fr\/prodotti\/linerins\/\">Linerins<\/a><\/h3><\/figcaption><\/figure><\/li><li class=\"portfolio-filter-184 \"><figure><div class=\"gallery-img\"><a href=\"https:\/\/www.promec-srl.com\/fr\/prodotti\/evolution-electronique\/\"><img loading=\"lazy\" decoding=\"async\" width=\"1500\" height=\"1000\" src=\"https:\/\/www.promec-srl.com\/wp-content\/uploads\/2021\/04\/evolution-elettronica-scontarnata.jpg\" class=\"hcode-portfolio-img wp-post-image\" alt=\"\" srcset=\"https:\/\/www.promec-srl.com\/wp-content\/uploads\/2021\/04\/evolution-elettronica-scontarnata.jpg 1500w, https:\/\/www.promec-srl.com\/wp-content\/uploads\/2021\/04\/evolution-elettronica-scontarnata-300x200.jpg 300w, https:\/\/www.promec-srl.com\/wp-content\/uploads\/2021\/04\/evolution-elettronica-scontarnata-1024x683.jpg 1024w, https:\/\/www.promec-srl.com\/wp-content\/uploads\/2021\/04\/evolution-elettronica-scontarnata-768x512.jpg 768w, https:\/\/www.promec-srl.com\/wp-content\/uploads\/2021\/04\/evolution-elettronica-scontarnata-81x54.jpg 81w\" sizes=\"(max-width: 1500px) 100vw, 1500px\" \/><\/a><\/div><figcaption><h3 class=\"\"><a href=\"https:\/\/www.promec-srl.com\/fr\/prodotti\/evolution-electronique\/\">Evolution Electronique<\/a><\/h3><\/figcaption><\/figure><\/li><li class=\"portfolio-filter-184 portfolio-filter-211 \"><figure><div class=\"gallery-img\"><a href=\"https:\/\/www.promec-srl.com\/fr\/prodotti\/rotoax\/\"><img loading=\"lazy\" decoding=\"async\" width=\"1500\" height=\"1000\" src=\"https:\/\/www.promec-srl.com\/wp-content\/uploads\/2021\/04\/Rotoax.jpg\" class=\"hcode-portfolio-img wp-post-image\" alt=\"\" srcset=\"https:\/\/www.promec-srl.com\/wp-content\/uploads\/2021\/04\/Rotoax.jpg 1500w, https:\/\/www.promec-srl.com\/wp-content\/uploads\/2021\/04\/Rotoax-300x200.jpg 300w, https:\/\/www.promec-srl.com\/wp-content\/uploads\/2021\/04\/Rotoax-1024x683.jpg 1024w, https:\/\/www.promec-srl.com\/wp-content\/uploads\/2021\/04\/Rotoax-768x512.jpg 768w, https:\/\/www.promec-srl.com\/wp-content\/uploads\/2021\/04\/Rotoax-81x54.jpg 81w\" sizes=\"(max-width: 1500px) 100vw, 1500px\" \/><\/a><\/div><figcaption><h3 class=\"\"><a href=\"https:\/\/www.promec-srl.com\/fr\/prodotti\/rotoax\/\">Rotoax<\/a><\/h3><\/figcaption><\/figure><\/li><li class=\"portfolio-filter-184 \"><figure><div class=\"gallery-img\"><a href=\"https:\/\/www.promec-srl.com\/fr\/prodotti\/rotoneck\/\"><img loading=\"lazy\" decoding=\"async\" width=\"1500\" height=\"1000\" src=\"https:\/\/www.promec-srl.com\/wp-content\/uploads\/2021\/04\/rotoneck-scontornato.jpg\" class=\"hcode-portfolio-img wp-post-image\" alt=\"\" srcset=\"https:\/\/www.promec-srl.com\/wp-content\/uploads\/2021\/04\/rotoneck-scontornato.jpg 1500w, https:\/\/www.promec-srl.com\/wp-content\/uploads\/2021\/04\/rotoneck-scontornato-300x200.jpg 300w, https:\/\/www.promec-srl.com\/wp-content\/uploads\/2021\/04\/rotoneck-scontornato-1024x683.jpg 1024w, https:\/\/www.promec-srl.com\/wp-content\/uploads\/2021\/04\/rotoneck-scontornato-768x512.jpg 768w, https:\/\/www.promec-srl.com\/wp-content\/uploads\/2021\/04\/rotoneck-scontornato-81x54.jpg 81w\" sizes=\"(max-width: 1500px) 100vw, 1500px\" \/><\/a><\/div><figcaption><h3 class=\"\"><a href=\"https:\/\/www.promec-srl.com\/fr\/prodotti\/rotoneck\/\">Rotoneck<\/a><\/h3><\/figcaption><\/figure><\/li><li class=\"portfolio-filter-184 \"><figure><div class=\"gallery-img\"><a href=\"https:\/\/www.promec-srl.com\/fr\/prodotti\/evolution\/\"><img loading=\"lazy\" decoding=\"async\" width=\"1500\" height=\"1000\" src=\"https:\/\/www.promec-srl.com\/wp-content\/uploads\/2019\/09\/Evolution.jpg\" class=\"hcode-portfolio-img wp-post-image\" alt=\"\" srcset=\"https:\/\/www.promec-srl.com\/wp-content\/uploads\/2019\/09\/Evolution.jpg 1500w, https:\/\/www.promec-srl.com\/wp-content\/uploads\/2019\/09\/Evolution-300x200.jpg 300w, https:\/\/www.promec-srl.com\/wp-content\/uploads\/2019\/09\/Evolution-1024x683.jpg 1024w, https:\/\/www.promec-srl.com\/wp-content\/uploads\/2019\/09\/Evolution-768x512.jpg 768w, https:\/\/www.promec-srl.com\/wp-content\/uploads\/2019\/09\/Evolution-81x54.jpg 81w\" sizes=\"(max-width: 1500px) 100vw, 1500px\" \/><\/a><\/div><figcaption><h3 class=\"\"><a href=\"https:\/\/www.promec-srl.com\/fr\/prodotti\/evolution\/\">Evolution<\/a><\/h3><\/figcaption><\/figure><\/li><\/ul><\/div><\/div><\/div><\/div><\/div><\/section>","protected":false},"excerpt":{"rendered":"<p>[vc_single_image image=\u00a0\u00bb22973&Prime; img_size=\u00a0\u00bb1920&#215;700&Prime;][vc_single_image image=\u00a0\u00bb21652&Prime; img_size=\u00a0\u00bbfull\u00a0\u00bb]Evolution est une rinceuse-souffleuse-st\u00e9rilisateur rotative caract\u00e9ris\u00e9e par des pinces \u00e0 ouverture sym\u00e9trique et irr\u00e9versible qui prennent les bouteilles par le col et les tournent autour de leur axe, soit dans la version \u00e0 bec fixe ou mobile, afin de permettre de r\u00e9duire et optimiser l\u2019encombrement de la machine. l&rsquo;irr\u00e9versibilit\u00e9 permet, au [&hellip;]<\/p>\n","protected":false},"author":9,"featured_media":0,"parent":0,"menu_order":0,"comment_status":"open","ping_status":"closed","template":"","meta":{"footnotes":""},"class_list":["post-21141","page","type-page","status-publish","hentry"],"yoast_head":"<!-- This site is optimized with the Yoast SEO plugin v27.5 - https:\/\/yoast.com\/product\/yoast-seo-wordpress\/ -->\n<title>Rinceuses | Promec<\/title>\n<meta name=\"description\" content=\"Section d\u00e9di\u00e9e aux rinceuses Promec. D\u00e9couvrez toutes les machines et lignes d&#039;embouteillage de Promec.\" \/>\n<meta name=\"robots\" content=\"index, follow, max-snippet:-1, max-image-preview:large, max-video-preview:-1\" \/>\n<link rel=\"canonical\" href=\"https:\/\/www.promec-srl.com\/fr\/rinceuses\/\" \/>\n<meta property=\"og:locale\" content=\"fr_FR\" \/>\n<meta property=\"og:type\" content=\"article\" \/>\n<meta property=\"og:title\" content=\"Rinceuses | Promec\" \/>\n<meta property=\"og:description\" content=\"Section d\u00e9di\u00e9e aux rinceuses Promec. D\u00e9couvrez toutes les machines et lignes d&#039;embouteillage de Promec.\" \/>\n<meta property=\"og:url\" content=\"https:\/\/www.promec-srl.com\/fr\/rinceuses\/\" \/>\n<meta property=\"og:site_name\" content=\"Promec\" \/>\n<meta property=\"article:modified_time\" content=\"2021-11-17T09:18:46+00:00\" \/>\n<meta name=\"twitter:card\" content=\"summary_large_image\" \/>\n<meta name=\"twitter:label1\" content=\"Dur\u00e9e de lecture estim\u00e9e\" \/>\n\t<meta name=\"twitter:data1\" content=\"2 minutes\" \/>\n<script type=\"application\/ld+json\" class=\"yoast-schema-graph\">{\"@context\":\"https:\\\/\\\/schema.org\",\"@graph\":[{\"@type\":\"WebPage\",\"@id\":\"https:\\\/\\\/www.promec-srl.com\\\/fr\\\/rinceuses\\\/\",\"url\":\"https:\\\/\\\/www.promec-srl.com\\\/fr\\\/rinceuses\\\/\",\"name\":\"Rinceuses | Promec\",\"isPartOf\":{\"@id\":\"https:\\\/\\\/www.promec-srl.com\\\/#website\"},\"datePublished\":\"2019-09-09T12:33:27+00:00\",\"dateModified\":\"2021-11-17T09:18:46+00:00\",\"description\":\"Section d\u00e9di\u00e9e aux rinceuses Promec. D\u00e9couvrez toutes les machines et lignes d'embouteillage de Promec.\",\"breadcrumb\":{\"@id\":\"https:\\\/\\\/www.promec-srl.com\\\/fr\\\/rinceuses\\\/#breadcrumb\"},\"inLanguage\":\"fr-FR\",\"potentialAction\":[{\"@type\":\"ReadAction\",\"target\":[\"https:\\\/\\\/www.promec-srl.com\\\/fr\\\/rinceuses\\\/\"]}]},{\"@type\":\"BreadcrumbList\",\"@id\":\"https:\\\/\\\/www.promec-srl.com\\\/fr\\\/rinceuses\\\/#breadcrumb\",\"itemListElement\":[{\"@type\":\"ListItem\",\"position\":1,\"name\":\"Home\",\"item\":\"https:\\\/\\\/www.promec-srl.com\\\/fr\\\/\"},{\"@type\":\"ListItem\",\"position\":2,\"name\":\"Rinceuses\"}]},{\"@type\":\"WebSite\",\"@id\":\"https:\\\/\\\/www.promec-srl.com\\\/#website\",\"url\":\"https:\\\/\\\/www.promec-srl.com\\\/\",\"name\":\"Promec\",\"description\":\"IL PARTNER IDEALE PER LA REALIZZAZIONE DI IMPIANTI COMPLETI DI IMBOTTIGLIAMENTO\",\"potentialAction\":[{\"@type\":\"SearchAction\",\"target\":{\"@type\":\"EntryPoint\",\"urlTemplate\":\"https:\\\/\\\/www.promec-srl.com\\\/?s={search_term_string}\"},\"query-input\":{\"@type\":\"PropertyValueSpecification\",\"valueRequired\":true,\"valueName\":\"search_term_string\"}}],\"inLanguage\":\"fr-FR\"}]}<\/script>\n<!-- \/ Yoast SEO plugin. -->","yoast_head_json":{"title":"Rinceuses | Promec","description":"Section d\u00e9di\u00e9e aux rinceuses Promec. D\u00e9couvrez toutes les machines et lignes d'embouteillage de Promec.","robots":{"index":"index","follow":"follow","max-snippet":"max-snippet:-1","max-image-preview":"max-image-preview:large","max-video-preview":"max-video-preview:-1"},"canonical":"https:\/\/www.promec-srl.com\/fr\/rinceuses\/","og_locale":"fr_FR","og_type":"article","og_title":"Rinceuses | Promec","og_description":"Section d\u00e9di\u00e9e aux rinceuses Promec. D\u00e9couvrez toutes les machines et lignes d'embouteillage de Promec.","og_url":"https:\/\/www.promec-srl.com\/fr\/rinceuses\/","og_site_name":"Promec","article_modified_time":"2021-11-17T09:18:46+00:00","twitter_card":"summary_large_image","twitter_misc":{"Dur\u00e9e de lecture estim\u00e9e":"2 minutes"},"schema":{"@context":"https:\/\/schema.org","@graph":[{"@type":"WebPage","@id":"https:\/\/www.promec-srl.com\/fr\/rinceuses\/","url":"https:\/\/www.promec-srl.com\/fr\/rinceuses\/","name":"Rinceuses | Promec","isPartOf":{"@id":"https:\/\/www.promec-srl.com\/#website"},"datePublished":"2019-09-09T12:33:27+00:00","dateModified":"2021-11-17T09:18:46+00:00","description":"Section d\u00e9di\u00e9e aux rinceuses Promec. D\u00e9couvrez toutes les machines et lignes d'embouteillage de Promec.","breadcrumb":{"@id":"https:\/\/www.promec-srl.com\/fr\/rinceuses\/#breadcrumb"},"inLanguage":"fr-FR","potentialAction":[{"@type":"ReadAction","target":["https:\/\/www.promec-srl.com\/fr\/rinceuses\/"]}]},{"@type":"BreadcrumbList","@id":"https:\/\/www.promec-srl.com\/fr\/rinceuses\/#breadcrumb","itemListElement":[{"@type":"ListItem","position":1,"name":"Home","item":"https:\/\/www.promec-srl.com\/fr\/"},{"@type":"ListItem","position":2,"name":"Rinceuses"}]},{"@type":"WebSite","@id":"https:\/\/www.promec-srl.com\/#website","url":"https:\/\/www.promec-srl.com\/","name":"Promec","description":"IL PARTNER IDEALE PER LA REALIZZAZIONE DI IMPIANTI COMPLETI DI IMBOTTIGLIAMENTO","potentialAction":[{"@type":"SearchAction","target":{"@type":"EntryPoint","urlTemplate":"https:\/\/www.promec-srl.com\/?s={search_term_string}"},"query-input":{"@type":"PropertyValueSpecification","valueRequired":true,"valueName":"search_term_string"}}],"inLanguage":"fr-FR"}]}},"_links":{"self":[{"href":"https:\/\/www.promec-srl.com\/fr\/wp-json\/wp\/v2\/pages\/21141","targetHints":{"allow":["GET"]}}],"collection":[{"href":"https:\/\/www.promec-srl.com\/fr\/wp-json\/wp\/v2\/pages"}],"about":[{"href":"https:\/\/www.promec-srl.com\/fr\/wp-json\/wp\/v2\/types\/page"}],"author":[{"embeddable":true,"href":"https:\/\/www.promec-srl.com\/fr\/wp-json\/wp\/v2\/users\/9"}],"replies":[{"embeddable":true,"href":"https:\/\/www.promec-srl.com\/fr\/wp-json\/wp\/v2\/comments?post=21141"}],"version-history":[{"count":0,"href":"https:\/\/www.promec-srl.com\/fr\/wp-json\/wp\/v2\/pages\/21141\/revisions"}],"wp:attachment":[{"href":"https:\/\/www.promec-srl.com\/fr\/wp-json\/wp\/v2\/media?parent=21141"}],"curies":[{"name":"wp","href":"https:\/\/api.w.org\/{rel}","templated":true}]}}