{"id":21145,"date":"2019-09-13T15:37:55","date_gmt":"2019-09-13T13:37:55","guid":{"rendered":"http:\/\/www.promec-srl.com\/compila-il-form-per-ricevere-informazioni-sui-macchinari-per-limbottigliamento-di-melegari-technology\/"},"modified":"2021-11-04T15:19:26","modified_gmt":"2021-11-04T14:19:26","slug":"obtenez-plus-d-informations","status":"publish","type":"page","link":"https:\/\/www.promec-srl.com\/fr\/obtenez-plus-d-informations\/","title":{"rendered":"Obtenez plus d&rsquo;informations"},"content":{"rendered":"<section  class=\"cover-background\"><div class=\"selection-overlay\" style=\"opacity:0.8;background-color:#005292;\"><\/div><div class=\"container\"><div class=\"row\"><div class=\"wpb_column hcode-column-container center-col text-center vc_col-sm-8 vc_col-md-6 col-xs-mobile-fullwidth\" data-front-class=\"center-col text-center col-xs-mobile-fullwidth\"><div class=\"vc-column-innner-wrapper\"><p class=\"title-large text-uppercase letter-spacing-1 black-text font-weight-600\"  style=\"color:#ffffff !important\">OBTENEZ PLUS D\u2019INFORMATIONS<\/p><\/div><\/div><\/div><\/div><\/section><section class=\" vc_custom_1568032199691\"><div class=\"container\"><div class=\"row\"><div class=\"wpb_column hcode-column-container full-screen  vc_custom_1565357531164 vc_col-sm-12 col-xs-mobile-fullwidth\" data-front-class=\"full-screen  vc_custom_1565357531164 col-xs-mobile-fullwidth\"><div class=\"vc-column-innner-wrapper\">\n<div class=\"wpcf7 no-js\" id=\"wpcf7-f21235-o1\" lang=\"en-US\" dir=\"ltr\" data-wpcf7-id=\"21235\">\n<div class=\"screen-reader-response\"><p role=\"status\" aria-live=\"polite\" aria-atomic=\"true\"><\/p> <ul><\/ul><\/div>\n<form action=\"\/fr\/wp-json\/wp\/v2\/pages\/21145#wpcf7-f21235-o1\" method=\"post\" class=\"wpcf7-form init\" aria-label=\"Contact form\" novalidate=\"novalidate\" data-status=\"init\">\n<fieldset class=\"hidden-fields-container\"><input type=\"hidden\" name=\"_wpcf7\" value=\"21235\" \/><input type=\"hidden\" name=\"_wpcf7_version\" value=\"6.1.5\" \/><input type=\"hidden\" name=\"_wpcf7_locale\" value=\"en_US\" \/><input type=\"hidden\" name=\"_wpcf7_unit_tag\" value=\"wpcf7-f21235-o1\" \/><input type=\"hidden\" name=\"_wpcf7_container_post\" value=\"0\" \/><input type=\"hidden\" name=\"_wpcf7_posted_data_hash\" value=\"\" \/>\n<\/fieldset>\n<h3>REMPLISSEZ LE FORMULAIRE\n<\/h3>\n<p>Il nous fera plaisir de vous r\u00e9pondre dans les plus brefs d\u00e9lais pour recevoir tous les d\u00e9tails dont vous avez besoin.\n<\/p>\n<p><span class=\"wpcf7-form-control-wrap\" data-name=\"nome\"><input size=\"40\" maxlength=\"400\" class=\"wpcf7-form-control wpcf7-text wpcf7-validates-as-required\" aria-required=\"true\" aria-invalid=\"false\" placeholder=\"NOM*\" value=\"\" type=\"text\" name=\"nome\" \/><\/span><br \/>\n<span class=\"wpcf7-form-control-wrap\" data-name=\"cognome\"><input size=\"40\" maxlength=\"400\" class=\"wpcf7-form-control wpcf7-text wpcf7-validates-as-required\" aria-required=\"true\" aria-invalid=\"false\" placeholder=\"PRENOM*\" value=\"\" type=\"text\" name=\"cognome\" \/><\/span><br \/>\n<span class=\"wpcf7-form-control-wrap\" data-name=\"indirizzo\"><input size=\"40\" maxlength=\"400\" class=\"wpcf7-form-control wpcf7-text\" aria-invalid=\"false\" placeholder=\"ADDRESSE\" value=\"\" type=\"text\" name=\"indirizzo\" \/><\/span><br \/>\n<span class=\"wpcf7-form-control-wrap\" data-name=\"citta\"><input size=\"40\" maxlength=\"400\" class=\"wpcf7-form-control wpcf7-text\" aria-invalid=\"false\" placeholder=\"VILLE\" value=\"\" type=\"text\" name=\"citta\" \/><\/span><br \/>\n<span class=\"wpcf7-form-control-wrap\" data-name=\"paese\"><input size=\"40\" maxlength=\"400\" class=\"wpcf7-form-control wpcf7-text wpcf7-validates-as-required\" aria-required=\"true\" aria-invalid=\"false\" placeholder=\"PAYS*\" value=\"\" type=\"text\" name=\"paese\" \/><\/span><br \/>\n<span class=\"wpcf7-form-control-wrap\" data-name=\"telefono\"><input size=\"40\" maxlength=\"400\" class=\"wpcf7-form-control wpcf7-tel wpcf7-validates-as-required wpcf7-text wpcf7-validates-as-tel\" aria-required=\"true\" aria-invalid=\"false\" placeholder=\"TELEPHONE*\" value=\"\" type=\"tel\" name=\"telefono\" \/><\/span><br \/>\n<span class=\"wpcf7-form-control-wrap\" data-name=\"email-284\"><input size=\"40\" maxlength=\"400\" class=\"wpcf7-form-control wpcf7-email wpcf7-validates-as-required wpcf7-text wpcf7-validates-as-email\" aria-required=\"true\" aria-invalid=\"false\" placeholder=\"EMAIL*\" value=\"\" type=\"email\" name=\"email-284\" \/><\/span><br \/>\n<span class=\"wpcf7-form-control-wrap\" data-name=\"your-message\"><textarea cols=\"40\" rows=\"2\" maxlength=\"2000\" class=\"wpcf7-form-control wpcf7-textarea\" aria-invalid=\"false\" placeholder=\"MESSAGE\" name=\"your-message\"><\/textarea><\/span><br \/>\n<span class=\"required\">*Champs obligatoires<\/span><br \/>\n<span class=\"wpcf7-form-control-wrap\" data-name=\"acceptance-483\"><span class=\"wpcf7-form-control wpcf7-acceptance\"><span class=\"wpcf7-list-item\"><label><input type=\"checkbox\" name=\"acceptance-483\" value=\"1\" aria-invalid=\"false\" \/><span class=\"wpcf7-list-item-label\">En soumettant la demande, vous d\u00e9clarez avoir accept\u00e9 le <a href=\"https:\/\/www.iubenda.com\/privacy-policy\/84583134\" target=\"_blank\">politique de confidentialit\u00e9<\/a> de ce site<\/span><\/label><\/span><\/span><\/span>\n<\/p>\n<p><input class=\"wpcf7-form-control wpcf7-submit has-spinner btn btn-black button no-margin-bottom\" type=\"submit\" value=\"ENVOYER\" \/>\n<\/p><div class=\"wpcf7-response-output\" aria-hidden=\"true\"><\/div>\n<\/form>\n<\/div>\n<\/div><\/div><\/div><\/div><\/section>","protected":false},"excerpt":{"rendered":"<p>OBTENEZ PLUS D\u2019INFORMATIONS REMPLISSEZ LE FORMULAIRE Il nous fera plaisir de vous r\u00e9pondre dans les plus brefs d\u00e9lais pour recevoir tous les d\u00e9tails dont vous avez besoin. *Champs obligatoires En soumettant la demande, vous d\u00e9clarez avoir accept\u00e9 le politique de confidentialit\u00e9 de ce site<\/p>\n","protected":false},"author":9,"featured_media":0,"parent":0,"menu_order":0,"comment_status":"open","ping_status":"closed","template":"","meta":{"footnotes":""},"class_list":["post-21145","page","type-page","status-publish","hentry"],"yoast_head":"<!-- This site is optimized with the Yoast SEO plugin v27.6 - https:\/\/yoast.com\/product\/yoast-seo-wordpress\/ -->\n<title>Obtenez plus d&#039;informations | Promec<\/title>\n<meta name=\"description\" content=\"Obtenez plus d&#039;informations. Remplissez le formulaire!\" \/>\n<meta name=\"robots\" content=\"index, follow, max-snippet:-1, max-image-preview:large, max-video-preview:-1\" \/>\n<link rel=\"canonical\" href=\"https:\/\/www.promec-srl.com\/fr\/obtenez-plus-d-informations\/\" \/>\n<meta property=\"og:locale\" content=\"fr_FR\" \/>\n<meta property=\"og:type\" content=\"article\" \/>\n<meta property=\"og:title\" content=\"Obtenez plus d&#039;informations | Promec\" \/>\n<meta property=\"og:description\" content=\"Obtenez plus d&#039;informations. Remplissez le formulaire!\" \/>\n<meta property=\"og:url\" content=\"https:\/\/www.promec-srl.com\/fr\/obtenez-plus-d-informations\/\" \/>\n<meta property=\"og:site_name\" content=\"Promec\" \/>\n<meta property=\"article:modified_time\" content=\"2021-11-04T14:19:26+00:00\" \/>\n<meta name=\"twitter:card\" content=\"summary_large_image\" \/>\n<meta name=\"twitter:label1\" content=\"Dur\u00e9e de lecture estim\u00e9e\" \/>\n\t<meta name=\"twitter:data1\" content=\"1 minute\" \/>\n<script type=\"application\/ld+json\" class=\"yoast-schema-graph\">{\"@context\":\"https:\\\/\\\/schema.org\",\"@graph\":[{\"@type\":\"WebPage\",\"@id\":\"https:\\\/\\\/www.promec-srl.com\\\/fr\\\/obtenez-plus-d-informations\\\/\",\"url\":\"https:\\\/\\\/www.promec-srl.com\\\/fr\\\/obtenez-plus-d-informations\\\/\",\"name\":\"Obtenez plus d'informations | Promec\",\"isPartOf\":{\"@id\":\"https:\\\/\\\/www.promec-srl.com\\\/#website\"},\"datePublished\":\"2019-09-13T13:37:55+00:00\",\"dateModified\":\"2021-11-04T14:19:26+00:00\",\"description\":\"Obtenez plus d'informations. Remplissez le formulaire!\",\"breadcrumb\":{\"@id\":\"https:\\\/\\\/www.promec-srl.com\\\/fr\\\/obtenez-plus-d-informations\\\/#breadcrumb\"},\"inLanguage\":\"fr-FR\",\"potentialAction\":[{\"@type\":\"ReadAction\",\"target\":[\"https:\\\/\\\/www.promec-srl.com\\\/fr\\\/obtenez-plus-d-informations\\\/\"]}]},{\"@type\":\"BreadcrumbList\",\"@id\":\"https:\\\/\\\/www.promec-srl.com\\\/fr\\\/obtenez-plus-d-informations\\\/#breadcrumb\",\"itemListElement\":[{\"@type\":\"ListItem\",\"position\":1,\"name\":\"Home\",\"item\":\"https:\\\/\\\/www.promec-srl.com\\\/fr\\\/\"},{\"@type\":\"ListItem\",\"position\":2,\"name\":\"Obtenez plus d&#8217;informations\"}]},{\"@type\":\"WebSite\",\"@id\":\"https:\\\/\\\/www.promec-srl.com\\\/#website\",\"url\":\"https:\\\/\\\/www.promec-srl.com\\\/\",\"name\":\"Promec\",\"description\":\"IL PARTNER IDEALE PER LA REALIZZAZIONE DI IMPIANTI COMPLETI DI IMBOTTIGLIAMENTO\",\"potentialAction\":[{\"@type\":\"SearchAction\",\"target\":{\"@type\":\"EntryPoint\",\"urlTemplate\":\"https:\\\/\\\/www.promec-srl.com\\\/?s={search_term_string}\"},\"query-input\":{\"@type\":\"PropertyValueSpecification\",\"valueRequired\":true,\"valueName\":\"search_term_string\"}}],\"inLanguage\":\"fr-FR\"}]}<\/script>\n<!-- \/ Yoast SEO plugin. -->","yoast_head_json":{"title":"Obtenez plus d'informations | Promec","description":"Obtenez plus d'informations. Remplissez le formulaire!","robots":{"index":"index","follow":"follow","max-snippet":"max-snippet:-1","max-image-preview":"max-image-preview:large","max-video-preview":"max-video-preview:-1"},"canonical":"https:\/\/www.promec-srl.com\/fr\/obtenez-plus-d-informations\/","og_locale":"fr_FR","og_type":"article","og_title":"Obtenez plus d'informations | Promec","og_description":"Obtenez plus d'informations. Remplissez le formulaire!","og_url":"https:\/\/www.promec-srl.com\/fr\/obtenez-plus-d-informations\/","og_site_name":"Promec","article_modified_time":"2021-11-04T14:19:26+00:00","twitter_card":"summary_large_image","twitter_misc":{"Dur\u00e9e de lecture estim\u00e9e":"1 minute"},"schema":{"@context":"https:\/\/schema.org","@graph":[{"@type":"WebPage","@id":"https:\/\/www.promec-srl.com\/fr\/obtenez-plus-d-informations\/","url":"https:\/\/www.promec-srl.com\/fr\/obtenez-plus-d-informations\/","name":"Obtenez plus d'informations | Promec","isPartOf":{"@id":"https:\/\/www.promec-srl.com\/#website"},"datePublished":"2019-09-13T13:37:55+00:00","dateModified":"2021-11-04T14:19:26+00:00","description":"Obtenez plus d'informations. Remplissez le formulaire!","breadcrumb":{"@id":"https:\/\/www.promec-srl.com\/fr\/obtenez-plus-d-informations\/#breadcrumb"},"inLanguage":"fr-FR","potentialAction":[{"@type":"ReadAction","target":["https:\/\/www.promec-srl.com\/fr\/obtenez-plus-d-informations\/"]}]},{"@type":"BreadcrumbList","@id":"https:\/\/www.promec-srl.com\/fr\/obtenez-plus-d-informations\/#breadcrumb","itemListElement":[{"@type":"ListItem","position":1,"name":"Home","item":"https:\/\/www.promec-srl.com\/fr\/"},{"@type":"ListItem","position":2,"name":"Obtenez plus d&#8217;informations"}]},{"@type":"WebSite","@id":"https:\/\/www.promec-srl.com\/#website","url":"https:\/\/www.promec-srl.com\/","name":"Promec","description":"IL PARTNER IDEALE PER LA REALIZZAZIONE DI IMPIANTI COMPLETI DI IMBOTTIGLIAMENTO","potentialAction":[{"@type":"SearchAction","target":{"@type":"EntryPoint","urlTemplate":"https:\/\/www.promec-srl.com\/?s={search_term_string}"},"query-input":{"@type":"PropertyValueSpecification","valueRequired":true,"valueName":"search_term_string"}}],"inLanguage":"fr-FR"}]}},"_links":{"self":[{"href":"https:\/\/www.promec-srl.com\/fr\/wp-json\/wp\/v2\/pages\/21145","targetHints":{"allow":["GET"]}}],"collection":[{"href":"https:\/\/www.promec-srl.com\/fr\/wp-json\/wp\/v2\/pages"}],"about":[{"href":"https:\/\/www.promec-srl.com\/fr\/wp-json\/wp\/v2\/types\/page"}],"author":[{"embeddable":true,"href":"https:\/\/www.promec-srl.com\/fr\/wp-json\/wp\/v2\/users\/9"}],"replies":[{"embeddable":true,"href":"https:\/\/www.promec-srl.com\/fr\/wp-json\/wp\/v2\/comments?post=21145"}],"version-history":[{"count":0,"href":"https:\/\/www.promec-srl.com\/fr\/wp-json\/wp\/v2\/pages\/21145\/revisions"}],"wp:attachment":[{"href":"https:\/\/www.promec-srl.com\/fr\/wp-json\/wp\/v2\/media?parent=21145"}],"curies":[{"name":"wp","href":"https:\/\/api.w.org\/{rel}","templated":true}]}}