{"id":21213,"date":"2015-08-10T11:12:26","date_gmt":"2015-08-10T09:12:26","guid":{"rendered":"http:\/\/www.promec-srl.com\/contatta-la-azienda-melegari-technology-a-parma\/"},"modified":"2025-10-22T10:00:19","modified_gmt":"2025-10-22T08:00:19","slug":"contact","status":"publish","type":"page","link":"https:\/\/www.promec-srl.com\/fr\/contact\/","title":{"rendered":"Contact"},"content":{"rendered":"<section class=\" vc_custom_1619449979947 no-padding\"><div class=\"container-fluid\"><div class=\"row\"><div class=\"wpb_column hcode-column-container no-padding  col-xs-mobile-fullwidth\" data-front-class=\"no-padding col-xs-mobile-fullwidth front-column-class\"><div class=\"vc-column-innner-wrapper\"><p><iframe style=\"border: 0;\" src=\"https:\/\/www.google.com\/maps\/embed?pb=!1m18!1m12!1m3!1d2828.941235600878!2d10.208778516133775!3d44.84313008268849!2m3!1f0!2f0!3f0!3m2!1i1024!2i768!4f13.1!3m3!1m2!1s0x478042e427a4d57b%3A0xdd419fa5c6291316!2sPromec!5e0!3m2!1sit!2sit!4v1619449908678!5m2!1sit!2sit\" width=\"100%\" height=\"550\" allowfullscreen=\"allowfullscreen\"><\/iframe><\/p>\n<\/div><\/div><\/div><\/div><\/section><section id=\"contact-us\"><div class=\"container\"><div class=\"row\"><div class=\"wpb_column hcode-column-container text-center sm-text-center xs-text-center vc_col-sm-12 col-xs-mobile-fullwidth\" data-front-class=\"text-center sm-text-center xs-text-center col-xs-mobile-fullwidth\"><div class=\"vc-column-innner-wrapper\"><h1 style=\"text-align: center;\">Contact<\/h1>\n[vc_empty_space]<h2>Vous avez besoin de plus d'informations? Contactez-nous!<\/h2>\n[vc_empty_space]\n<div class=\"wpcf7 no-js\" id=\"wpcf7-f21231-o1\" lang=\"en-US\" dir=\"ltr\" data-wpcf7-id=\"21231\">\n<div class=\"screen-reader-response\"><p role=\"status\" aria-live=\"polite\" aria-atomic=\"true\"><\/p> <ul><\/ul><\/div>\n<form action=\"\/fr\/wp-json\/wp\/v2\/pages\/21213#wpcf7-f21231-o1\" method=\"post\" class=\"wpcf7-form init\" aria-label=\"Contact form\" novalidate=\"novalidate\" data-status=\"init\">\n<fieldset class=\"hidden-fields-container\"><input type=\"hidden\" name=\"_wpcf7\" value=\"21231\" \/><input type=\"hidden\" name=\"_wpcf7_version\" value=\"6.1.5\" \/><input type=\"hidden\" name=\"_wpcf7_locale\" value=\"en_US\" \/><input type=\"hidden\" name=\"_wpcf7_unit_tag\" value=\"wpcf7-f21231-o1\" \/><input type=\"hidden\" name=\"_wpcf7_container_post\" value=\"0\" \/><input type=\"hidden\" name=\"_wpcf7_posted_data_hash\" value=\"\" \/>\n<\/fieldset>\n<div class=\"no-margin\">\n\t<p><span class=\"wpcf7-form-control-wrap\" data-name=\"your-name\"><input size=\"40\" maxlength=\"400\" class=\"wpcf7-form-control wpcf7-text wpcf7-validates-as-required\" aria-required=\"true\" aria-invalid=\"false\" placeholder=\"PRENOM*\" value=\"\" type=\"text\" name=\"your-name\" \/><\/span><span class=\"wpcf7-form-control-wrap\" data-name=\"azienda\"><input size=\"40\" maxlength=\"400\" class=\"wpcf7-form-control wpcf7-text wpcf7-validates-as-required\" aria-required=\"true\" aria-invalid=\"false\" placeholder=\"ENTREPRISE*\" value=\"\" type=\"text\" name=\"azienda\" \/><\/span><span class=\"wpcf7-form-control-wrap\" data-name=\"email-771\"><input size=\"40\" maxlength=\"400\" class=\"wpcf7-form-control wpcf7-email wpcf7-validates-as-required wpcf7-text wpcf7-validates-as-email\" aria-required=\"true\" aria-invalid=\"false\" placeholder=\"EMAIL*\" value=\"\" type=\"email\" name=\"email-771\" \/><\/span><span class=\"wpcf7-form-control-wrap\" data-name=\"your-message\"><textarea cols=\"40\" rows=\"2\" maxlength=\"2000\" class=\"wpcf7-form-control wpcf7-textarea\" aria-invalid=\"false\" placeholder=\"MESSAGE\" name=\"your-message\"><\/textarea><\/span><br \/>\n*Champs obligatoires<br \/>\n<span class=\"wpcf7-form-control-wrap\" data-name=\"acceptance-509\"><span class=\"wpcf7-form-control wpcf7-acceptance\"><span class=\"wpcf7-list-item\"><label><input type=\"checkbox\" name=\"acceptance-509\" value=\"1\" aria-invalid=\"false\" \/><span class=\"wpcf7-list-item-label\">J\u2019ai lu et j\u2019accepte <a href=\"https:\/\/www.iubenda.com\/privacy-policy\/84583134\" target=\"_blank\">la politique de confidentialit\u00e9 <\/a><\/span><\/label><\/span><\/span><\/span><input class=\"wpcf7-form-control wpcf7-submit has-spinner highlight-button-dark btn btn-small button xs-margin-bottom-five\" type=\"submit\" value=\"Envoyer\" \/>\n\t<\/p>\n<\/div><div class=\"wpcf7-response-output\" aria-hidden=\"true\"><\/div>\n<\/form>\n<\/div>\n[vc_empty_space height=\"64px\"]<h2 style=\"text-align: center;\">Si vous avez le moindre doute, n\u2019h\u00e9sitez pas \u00e0 contacter nos experts.<br \/>\nNous vous r\u00e9pondrons dans les plus brefs d\u00e9lais.<\/h2>\n[vc_empty_space]<p style=\"text-align: center;\"><strong><u>Direction<\/u>:\u00a0<\/strong><a href=\"mailto:direzione@promec-srl.com\">direzione@promec-srl.com<\/a><\/p>\n<p style=\"text-align: center;\"><strong><u>Sales<\/u>:\u00a0<\/strong><a href=\"mailto:sale@promec-srl.com\">sale@promec-srl.com<\/a><\/p>\n<p style=\"text-align: center;\"><strong><u>Technical Dept<\/u>: <\/strong><a href=\"mailto:tech@promec-srl.com\">tech@promec-srl.com<\/a><\/p>\n<p style=\"text-align: center;\"><strong><u>Production Dept<\/u>: <\/strong><a href=\"mailto:produzione@promec-srl.com\">produzione@promec-srl.com<\/a><\/p>\n<p style=\"text-align: center;\"><strong><u>Service and After Service<\/u>: <\/strong><a href=\"mailto:spare@promec-srl.com\">spare@promec-srl.com<\/a><\/p>\n<p style=\"text-align: center;\"><strong><u>Bureau d'achats<\/u>: <\/strong><a href=\"mailto:acquisti@promec-srl.com\">acquisti@promec-srl.com<\/a><\/p>\n<\/div><\/div><\/div><\/div><\/section>","protected":false},"excerpt":{"rendered":"<p>Contact [vc_empty_space]Vous avez besoin de plus d&rsquo;informations? Contactez-nous! [vc_empty_space] *Champs obligatoires J\u2019ai lu et j\u2019accepte la politique de confidentialit\u00e9 [vc_empty_space height=\u00a0\u00bb64px\u00a0\u00bb]Si vous avez le moindre doute, n\u2019h\u00e9sitez pas \u00e0 contacter nos experts. Nous vous r\u00e9pondrons dans les plus brefs d\u00e9lais. [vc_empty_space]Direction:\u00a0direzione@promec-srl.com Sales:\u00a0sale@promec-srl.com Technical Dept: tech@promec-srl.com Production Dept: produzione@promec-srl.com Service and After Service: spare@promec-srl.com Bureau d&rsquo;achats: [&hellip;]<\/p>\n","protected":false},"author":9,"featured_media":0,"parent":0,"menu_order":0,"comment_status":"open","ping_status":"closed","template":"","meta":{"footnotes":""},"class_list":["post-21213","page","type-page","status-publish","hentry"],"yoast_head":"<!-- This site is optimized with the Yoast SEO plugin v27.5 - https:\/\/yoast.com\/product\/yoast-seo-wordpress\/ -->\n<title>Contact | Promec<\/title>\n<meta name=\"description\" content=\"Contact - Si vous avez le moindre doute, n\u2019h\u00e9sitez pas \u00e0 contacter nos experts!\" \/>\n<meta name=\"robots\" content=\"index, follow, max-snippet:-1, max-image-preview:large, max-video-preview:-1\" \/>\n<link rel=\"canonical\" href=\"https:\/\/www.promec-srl.com\/fr\/contact\/\" \/>\n<meta property=\"og:locale\" content=\"fr_FR\" \/>\n<meta property=\"og:type\" content=\"article\" \/>\n<meta property=\"og:title\" content=\"Contact | Promec\" \/>\n<meta property=\"og:description\" content=\"Contact - Si vous avez le moindre doute, n\u2019h\u00e9sitez pas \u00e0 contacter nos experts!\" \/>\n<meta property=\"og:url\" content=\"https:\/\/www.promec-srl.com\/fr\/contact\/\" \/>\n<meta property=\"og:site_name\" content=\"Promec\" \/>\n<meta property=\"article:modified_time\" content=\"2025-10-22T08:00:19+00:00\" \/>\n<meta name=\"twitter:card\" content=\"summary_large_image\" \/>\n<meta name=\"twitter:label1\" content=\"Dur\u00e9e de lecture estim\u00e9e\" \/>\n\t<meta name=\"twitter:data1\" content=\"1 minute\" \/>\n<script type=\"application\/ld+json\" class=\"yoast-schema-graph\">{\"@context\":\"https:\\\/\\\/schema.org\",\"@graph\":[{\"@type\":\"WebPage\",\"@id\":\"https:\\\/\\\/www.promec-srl.com\\\/fr\\\/contact\\\/\",\"url\":\"https:\\\/\\\/www.promec-srl.com\\\/fr\\\/contact\\\/\",\"name\":\"Contact | Promec\",\"isPartOf\":{\"@id\":\"https:\\\/\\\/www.promec-srl.com\\\/#website\"},\"datePublished\":\"2015-08-10T09:12:26+00:00\",\"dateModified\":\"2025-10-22T08:00:19+00:00\",\"description\":\"Contact - Si vous avez le moindre doute, n\u2019h\u00e9sitez pas \u00e0 contacter nos experts!\",\"breadcrumb\":{\"@id\":\"https:\\\/\\\/www.promec-srl.com\\\/fr\\\/contact\\\/#breadcrumb\"},\"inLanguage\":\"fr-FR\",\"potentialAction\":[{\"@type\":\"ReadAction\",\"target\":[\"https:\\\/\\\/www.promec-srl.com\\\/fr\\\/contact\\\/\"]}]},{\"@type\":\"BreadcrumbList\",\"@id\":\"https:\\\/\\\/www.promec-srl.com\\\/fr\\\/contact\\\/#breadcrumb\",\"itemListElement\":[{\"@type\":\"ListItem\",\"position\":1,\"name\":\"Home\",\"item\":\"https:\\\/\\\/www.promec-srl.com\\\/fr\\\/\"},{\"@type\":\"ListItem\",\"position\":2,\"name\":\"Contact\"}]},{\"@type\":\"WebSite\",\"@id\":\"https:\\\/\\\/www.promec-srl.com\\\/#website\",\"url\":\"https:\\\/\\\/www.promec-srl.com\\\/\",\"name\":\"Promec\",\"description\":\"IL PARTNER IDEALE PER LA REALIZZAZIONE DI IMPIANTI COMPLETI DI IMBOTTIGLIAMENTO\",\"potentialAction\":[{\"@type\":\"SearchAction\",\"target\":{\"@type\":\"EntryPoint\",\"urlTemplate\":\"https:\\\/\\\/www.promec-srl.com\\\/?s={search_term_string}\"},\"query-input\":{\"@type\":\"PropertyValueSpecification\",\"valueRequired\":true,\"valueName\":\"search_term_string\"}}],\"inLanguage\":\"fr-FR\"}]}<\/script>\n<!-- \/ Yoast SEO plugin. -->","yoast_head_json":{"title":"Contact | Promec","description":"Contact - Si vous avez le moindre doute, n\u2019h\u00e9sitez pas \u00e0 contacter nos experts!","robots":{"index":"index","follow":"follow","max-snippet":"max-snippet:-1","max-image-preview":"max-image-preview:large","max-video-preview":"max-video-preview:-1"},"canonical":"https:\/\/www.promec-srl.com\/fr\/contact\/","og_locale":"fr_FR","og_type":"article","og_title":"Contact | Promec","og_description":"Contact - Si vous avez le moindre doute, n\u2019h\u00e9sitez pas \u00e0 contacter nos experts!","og_url":"https:\/\/www.promec-srl.com\/fr\/contact\/","og_site_name":"Promec","article_modified_time":"2025-10-22T08:00:19+00:00","twitter_card":"summary_large_image","twitter_misc":{"Dur\u00e9e de lecture estim\u00e9e":"1 minute"},"schema":{"@context":"https:\/\/schema.org","@graph":[{"@type":"WebPage","@id":"https:\/\/www.promec-srl.com\/fr\/contact\/","url":"https:\/\/www.promec-srl.com\/fr\/contact\/","name":"Contact | Promec","isPartOf":{"@id":"https:\/\/www.promec-srl.com\/#website"},"datePublished":"2015-08-10T09:12:26+00:00","dateModified":"2025-10-22T08:00:19+00:00","description":"Contact - Si vous avez le moindre doute, n\u2019h\u00e9sitez pas \u00e0 contacter nos experts!","breadcrumb":{"@id":"https:\/\/www.promec-srl.com\/fr\/contact\/#breadcrumb"},"inLanguage":"fr-FR","potentialAction":[{"@type":"ReadAction","target":["https:\/\/www.promec-srl.com\/fr\/contact\/"]}]},{"@type":"BreadcrumbList","@id":"https:\/\/www.promec-srl.com\/fr\/contact\/#breadcrumb","itemListElement":[{"@type":"ListItem","position":1,"name":"Home","item":"https:\/\/www.promec-srl.com\/fr\/"},{"@type":"ListItem","position":2,"name":"Contact"}]},{"@type":"WebSite","@id":"https:\/\/www.promec-srl.com\/#website","url":"https:\/\/www.promec-srl.com\/","name":"Promec","description":"IL PARTNER IDEALE PER LA REALIZZAZIONE DI IMPIANTI COMPLETI DI IMBOTTIGLIAMENTO","potentialAction":[{"@type":"SearchAction","target":{"@type":"EntryPoint","urlTemplate":"https:\/\/www.promec-srl.com\/?s={search_term_string}"},"query-input":{"@type":"PropertyValueSpecification","valueRequired":true,"valueName":"search_term_string"}}],"inLanguage":"fr-FR"}]}},"_links":{"self":[{"href":"https:\/\/www.promec-srl.com\/fr\/wp-json\/wp\/v2\/pages\/21213","targetHints":{"allow":["GET"]}}],"collection":[{"href":"https:\/\/www.promec-srl.com\/fr\/wp-json\/wp\/v2\/pages"}],"about":[{"href":"https:\/\/www.promec-srl.com\/fr\/wp-json\/wp\/v2\/types\/page"}],"author":[{"embeddable":true,"href":"https:\/\/www.promec-srl.com\/fr\/wp-json\/wp\/v2\/users\/9"}],"replies":[{"embeddable":true,"href":"https:\/\/www.promec-srl.com\/fr\/wp-json\/wp\/v2\/comments?post=21213"}],"version-history":[{"count":0,"href":"https:\/\/www.promec-srl.com\/fr\/wp-json\/wp\/v2\/pages\/21213\/revisions"}],"wp:attachment":[{"href":"https:\/\/www.promec-srl.com\/fr\/wp-json\/wp\/v2\/media?parent=21213"}],"curies":[{"name":"wp","href":"https:\/\/api.w.org\/{rel}","templated":true}]}}