{"id":25832,"date":"2021-05-14T11:58:57","date_gmt":"2021-05-14T09:58:57","guid":{"rendered":"https:\/\/www.promec-srl.com\/service\/"},"modified":"2021-11-04T12:51:24","modified_gmt":"2021-11-04T11:51:24","slug":"service","status":"publish","type":"page","link":"https:\/\/www.promec-srl.com\/fr\/service\/","title":{"rendered":"Service"},"content":{"rendered":"<section  class=\"bg-image-srcset cover-background\" style=\"background-image: url(https:\/\/www.promec-srl.com\/wp-content\/uploads\/2020\/05\/melegari-technology-imbottigliamento-a-parma-contatti.jpg);\" data-bg-srcset=\"https:\/\/www.promec-srl.com\/wp-content\/uploads\/2020\/05\/melegari-technology-imbottigliamento-a-parma-contatti.jpg 1920w, https:\/\/www.promec-srl.com\/wp-content\/uploads\/2020\/05\/melegari-technology-imbottigliamento-a-parma-contatti-300x169.jpg 300w, https:\/\/www.promec-srl.com\/wp-content\/uploads\/2020\/05\/melegari-technology-imbottigliamento-a-parma-contatti-768x432.jpg 768w, https:\/\/www.promec-srl.com\/wp-content\/uploads\/2020\/05\/melegari-technology-imbottigliamento-a-parma-contatti-1024x576.jpg 1024w, https:\/\/www.promec-srl.com\/wp-content\/uploads\/2020\/05\/melegari-technology-imbottigliamento-a-parma-contatti-81x46.jpg 81w\"><div class=\"container\"><div class=\"row\"><div class=\"wpb_column hcode-column-container center-col text-center vc_col-sm-8 vc_col-md-6 col-xs-mobile-fullwidth\" data-front-class=\"center-col text-center col-xs-mobile-fullwidth\"><div class=\"vc-column-innner-wrapper\">[vc_empty_space height=\"300\"]<\/div><\/div><\/div><\/div><\/section><section id=\"contact-us\"><div class=\"container\"><div class=\"row\"><div class=\"wpb_column hcode-column-container text-center sm-text-center xs-text-center vc_col-sm-12 col-xs-mobile-fullwidth\" data-front-class=\"text-center sm-text-center xs-text-center col-xs-mobile-fullwidth\"><div class=\"vc-column-innner-wrapper\"><h1 style=\"text-align: center;\">Service<\/h1>\n[vc_empty_space]<p style=\"text-align: center;\"><strong>Service d\u2019assistance client de Promec pour la commande des pi\u00e8ces de rechange<\/strong><\/p>\n<p style=\"text-align: center;\"><strong>et la demande d\u2019assistance qualifi\u00e9e.<\/strong><\/p>\n[vc_empty_space height=\"64px\"]<h2 style=\"text-align: center;\">M\u00e9thode de commande des pi\u00e8ces de rechange<\/h2>\n[vc_empty_space]<div class=\"hcode-inner-row\"><div class=\"wpb_column hcode-column-container vc_col-sm-6 col-xs-mobile-fullwidth\" data-front-class=\"col-xs-mobile-fullwidth\"><div class=\"vc-column-innner-wrapper\"><p style=\"text-align: left;\">Pour effectuer la commande des pi\u00e8ces de rechange de la machine, \u00e9num\u00e9r\u00e9es et repr\u00e9sent\u00e9es dans cette section, avec des indications pr\u00e9cises qui permettent leur identification, suivre la proc\u00e9dure ci-apr\u00e8s:<\/p>\n<ol style=\"text-align: left;\">\n<li>Pr\u00e9ciser, outre le nom et l\u2019adresse du demandeur, les donn\u00e9es relatives \u00e0 la machine en se reportant \u00e0 la plaque signal\u00e9tique appos\u00e9e sur celle-ci (voir: emplacement de la plaque signal\u00e9tique) \u00e0 savoir:<br \/>\n- Type<br \/>\n- Mod\u00e8le<br \/>\n- Num\u00e9ro de s\u00e9rie<br \/>\n- Ann\u00e9e de fabrication<\/li>\n<li>Num\u00e9rotation de codification compl\u00e8te du tableau de repr\u00e9sentation<\/li>\n<li>Num\u00e9ro de r\u00e9f\u00e9rence (emplacement sur le tableau), code et description de la pi\u00e8ce concern\u00e9e<\/li>\n<li>Quantit\u00e9 de pi\u00e8ces requises<\/li>\n<li>Date de livraison requise<\/li>\n<li>Adresse exacte de destination pour l\u2019exp\u00e9dition<\/li>\n<\/ol>\n<p style=\"text-align: left;\"><u>Envoyer toutes les informations \u00e0<\/u> <a href=\"mailto:spare@promec-srl.com\"><strong>spare@promec-srl.com<\/strong><\/a><\/p>\n<\/div><\/div><div class=\"wpb_column hcode-column-container vc_col-sm-6 col-xs-mobile-fullwidth\" data-front-class=\"col-xs-mobile-fullwidth\"><div class=\"vc-column-innner-wrapper\">[vc_single_image image=\"23938\" img_size=\"full\"]<\/div><\/div><\/div>[vc_empty_space]<h3 style=\"text-align: left;\">Attention<\/h3>\n<p>Toujours utiliser des pi\u00e8ces de rechange d\u2019origine ou recommand\u00e9es par Promec.<br \/>\nPromec ne pourra \u00eatre tenue pour responsable d'\u00e9ventuels dysfonctionnements ou dommages occasionn\u00e9s \u00e0 la machine et\/ou \u00e0 des personnes \u00e0 cause de l\u2019utilisation de pi\u00e8ces de rechange non d\u2019origine.<\/p>\n<\/div><\/div><\/div><\/div><\/section>","protected":false},"excerpt":{"rendered":"<p>[vc_empty_space height=\u00a0\u00bb300&Prime;]Service [vc_empty_space]Service d\u2019assistance client de Promec pour la commande des pi\u00e8ces de rechange et la demande d\u2019assistance qualifi\u00e9e. [vc_empty_space height=\u00a0\u00bb64px\u00a0\u00bb]M\u00e9thode de commande des pi\u00e8ces de rechange [vc_empty_space]Pour effectuer la commande des pi\u00e8ces de rechange de la machine, \u00e9num\u00e9r\u00e9es et repr\u00e9sent\u00e9es dans cette section, avec des indications pr\u00e9cises qui permettent leur identification, suivre la proc\u00e9dure [&hellip;]<\/p>\n","protected":false},"author":9,"featured_media":0,"parent":0,"menu_order":0,"comment_status":"open","ping_status":"closed","template":"","meta":{"footnotes":""},"class_list":["post-25832","page","type-page","status-publish","hentry"],"yoast_head":"<!-- This site is optimized with the Yoast SEO plugin v27.5 - https:\/\/yoast.com\/product\/yoast-seo-wordpress\/ -->\n<title>Service | Promec<\/title>\n<meta name=\"description\" content=\"Service - Pour effectuer la commande des pi\u00e8ces de rechange de la machine, suivre la proc\u00e9dure ci-apr\u00e8s\" \/>\n<meta name=\"robots\" content=\"index, follow, max-snippet:-1, max-image-preview:large, max-video-preview:-1\" \/>\n<link rel=\"canonical\" href=\"https:\/\/www.promec-srl.com\/fr\/service\/\" \/>\n<meta property=\"og:locale\" content=\"fr_FR\" \/>\n<meta property=\"og:type\" content=\"article\" \/>\n<meta property=\"og:title\" content=\"Service | Promec\" \/>\n<meta property=\"og:description\" content=\"Service - Pour effectuer la commande des pi\u00e8ces de rechange de la machine, suivre la proc\u00e9dure ci-apr\u00e8s\" \/>\n<meta property=\"og:url\" content=\"https:\/\/www.promec-srl.com\/fr\/service\/\" \/>\n<meta property=\"og:site_name\" content=\"Promec\" \/>\n<meta property=\"article:modified_time\" content=\"2021-11-04T11:51:24+00:00\" \/>\n<meta name=\"twitter:card\" content=\"summary_large_image\" \/>\n<meta name=\"twitter:label1\" content=\"Dur\u00e9e de lecture estim\u00e9e\" \/>\n\t<meta name=\"twitter:data1\" content=\"1 minute\" \/>\n<script type=\"application\/ld+json\" class=\"yoast-schema-graph\">{\"@context\":\"https:\\\/\\\/schema.org\",\"@graph\":[{\"@type\":\"WebPage\",\"@id\":\"https:\\\/\\\/www.promec-srl.com\\\/fr\\\/service\\\/\",\"url\":\"https:\\\/\\\/www.promec-srl.com\\\/fr\\\/service\\\/\",\"name\":\"Service | Promec\",\"isPartOf\":{\"@id\":\"https:\\\/\\\/www.promec-srl.com\\\/#website\"},\"datePublished\":\"2021-05-14T09:58:57+00:00\",\"dateModified\":\"2021-11-04T11:51:24+00:00\",\"description\":\"Service - Pour effectuer la commande des pi\u00e8ces de rechange de la machine, suivre la proc\u00e9dure ci-apr\u00e8s\",\"breadcrumb\":{\"@id\":\"https:\\\/\\\/www.promec-srl.com\\\/fr\\\/service\\\/#breadcrumb\"},\"inLanguage\":\"fr-FR\",\"potentialAction\":[{\"@type\":\"ReadAction\",\"target\":[\"https:\\\/\\\/www.promec-srl.com\\\/fr\\\/service\\\/\"]}]},{\"@type\":\"BreadcrumbList\",\"@id\":\"https:\\\/\\\/www.promec-srl.com\\\/fr\\\/service\\\/#breadcrumb\",\"itemListElement\":[{\"@type\":\"ListItem\",\"position\":1,\"name\":\"Home\",\"item\":\"https:\\\/\\\/www.promec-srl.com\\\/fr\\\/\"},{\"@type\":\"ListItem\",\"position\":2,\"name\":\"Service\"}]},{\"@type\":\"WebSite\",\"@id\":\"https:\\\/\\\/www.promec-srl.com\\\/#website\",\"url\":\"https:\\\/\\\/www.promec-srl.com\\\/\",\"name\":\"Promec\",\"description\":\"IL PARTNER IDEALE PER LA REALIZZAZIONE DI IMPIANTI COMPLETI DI IMBOTTIGLIAMENTO\",\"potentialAction\":[{\"@type\":\"SearchAction\",\"target\":{\"@type\":\"EntryPoint\",\"urlTemplate\":\"https:\\\/\\\/www.promec-srl.com\\\/?s={search_term_string}\"},\"query-input\":{\"@type\":\"PropertyValueSpecification\",\"valueRequired\":true,\"valueName\":\"search_term_string\"}}],\"inLanguage\":\"fr-FR\"}]}<\/script>\n<!-- \/ Yoast SEO plugin. -->","yoast_head_json":{"title":"Service | Promec","description":"Service - Pour effectuer la commande des pi\u00e8ces de rechange de la machine, suivre la proc\u00e9dure ci-apr\u00e8s","robots":{"index":"index","follow":"follow","max-snippet":"max-snippet:-1","max-image-preview":"max-image-preview:large","max-video-preview":"max-video-preview:-1"},"canonical":"https:\/\/www.promec-srl.com\/fr\/service\/","og_locale":"fr_FR","og_type":"article","og_title":"Service | Promec","og_description":"Service - Pour effectuer la commande des pi\u00e8ces de rechange de la machine, suivre la proc\u00e9dure ci-apr\u00e8s","og_url":"https:\/\/www.promec-srl.com\/fr\/service\/","og_site_name":"Promec","article_modified_time":"2021-11-04T11:51:24+00:00","twitter_card":"summary_large_image","twitter_misc":{"Dur\u00e9e de lecture estim\u00e9e":"1 minute"},"schema":{"@context":"https:\/\/schema.org","@graph":[{"@type":"WebPage","@id":"https:\/\/www.promec-srl.com\/fr\/service\/","url":"https:\/\/www.promec-srl.com\/fr\/service\/","name":"Service | Promec","isPartOf":{"@id":"https:\/\/www.promec-srl.com\/#website"},"datePublished":"2021-05-14T09:58:57+00:00","dateModified":"2021-11-04T11:51:24+00:00","description":"Service - Pour effectuer la commande des pi\u00e8ces de rechange de la machine, suivre la proc\u00e9dure ci-apr\u00e8s","breadcrumb":{"@id":"https:\/\/www.promec-srl.com\/fr\/service\/#breadcrumb"},"inLanguage":"fr-FR","potentialAction":[{"@type":"ReadAction","target":["https:\/\/www.promec-srl.com\/fr\/service\/"]}]},{"@type":"BreadcrumbList","@id":"https:\/\/www.promec-srl.com\/fr\/service\/#breadcrumb","itemListElement":[{"@type":"ListItem","position":1,"name":"Home","item":"https:\/\/www.promec-srl.com\/fr\/"},{"@type":"ListItem","position":2,"name":"Service"}]},{"@type":"WebSite","@id":"https:\/\/www.promec-srl.com\/#website","url":"https:\/\/www.promec-srl.com\/","name":"Promec","description":"IL PARTNER IDEALE PER LA REALIZZAZIONE DI IMPIANTI COMPLETI DI IMBOTTIGLIAMENTO","potentialAction":[{"@type":"SearchAction","target":{"@type":"EntryPoint","urlTemplate":"https:\/\/www.promec-srl.com\/?s={search_term_string}"},"query-input":{"@type":"PropertyValueSpecification","valueRequired":true,"valueName":"search_term_string"}}],"inLanguage":"fr-FR"}]}},"_links":{"self":[{"href":"https:\/\/www.promec-srl.com\/fr\/wp-json\/wp\/v2\/pages\/25832","targetHints":{"allow":["GET"]}}],"collection":[{"href":"https:\/\/www.promec-srl.com\/fr\/wp-json\/wp\/v2\/pages"}],"about":[{"href":"https:\/\/www.promec-srl.com\/fr\/wp-json\/wp\/v2\/types\/page"}],"author":[{"embeddable":true,"href":"https:\/\/www.promec-srl.com\/fr\/wp-json\/wp\/v2\/users\/9"}],"replies":[{"embeddable":true,"href":"https:\/\/www.promec-srl.com\/fr\/wp-json\/wp\/v2\/comments?post=25832"}],"version-history":[{"count":0,"href":"https:\/\/www.promec-srl.com\/fr\/wp-json\/wp\/v2\/pages\/25832\/revisions"}],"wp:attachment":[{"href":"https:\/\/www.promec-srl.com\/fr\/wp-json\/wp\/v2\/media?parent=25832"}],"curies":[{"name":"wp","href":"https:\/\/api.w.org\/{rel}","templated":true}]}}