{"id":26059,"date":"2021-04-26T10:59:48","date_gmt":"2021-04-26T08:59:48","guid":{"rendered":"https:\/\/www.promec-srl.com\/applicazioni-speciali\/"},"modified":"2025-10-22T09:52:06","modified_gmt":"2025-10-22T07:52:06","slug":"applications-speciales","status":"publish","type":"page","link":"https:\/\/www.promec-srl.com\/fr\/applications-speciales\/","title":{"rendered":"Applications Sp\u00e9ciales"},"content":{"rendered":"<section  class=\"bg-image-srcset cover-background\" style=\"background-image: url(https:\/\/www.promec-srl.com\/wp-content\/uploads\/2021\/04\/promec-header-11-1500x1000-1.jpg);\" data-bg-srcset=\"https:\/\/www.promec-srl.com\/wp-content\/uploads\/2021\/04\/promec-header-11-1500x1000-1.jpg 1500w, https:\/\/www.promec-srl.com\/wp-content\/uploads\/2021\/04\/promec-header-11-1500x1000-1-300x200.jpg 300w, https:\/\/www.promec-srl.com\/wp-content\/uploads\/2021\/04\/promec-header-11-1500x1000-1-1024x683.jpg 1024w, https:\/\/www.promec-srl.com\/wp-content\/uploads\/2021\/04\/promec-header-11-1500x1000-1-768x512.jpg 768w, https:\/\/www.promec-srl.com\/wp-content\/uploads\/2021\/04\/promec-header-11-1500x1000-1-81x54.jpg 81w\"><div class=\"selection-overlay\" style=\"opacity:0.8;background-color:#005292;\"><\/div><div class=\"container\"><div class=\"row\"><div class=\"wpb_column hcode-column-container center-col text-center vc_col-sm-8 vc_col-md-6 col-xs-mobile-fullwidth\" data-front-class=\"center-col text-center col-xs-mobile-fullwidth\"><div class=\"vc-column-innner-wrapper\"><p class=\"title-large text-uppercase letter-spacing-1 black-text font-weight-600\"  style=\"color:#ffffff !important\">APPLICATIONS SP\u00c9CIALES<\/p><\/div><\/div><\/div><\/div><\/section><section><div class=\"wpb_column hcode-column-container  vc_custom_1568626106247 vc_col-sm-12 col-xs-mobile-fullwidth\" data-front-class=\" vc_custom_1568626106247 col-xs-mobile-fullwidth\"><div class=\"vc-column-innner-wrapper\"><div  class=\"work-4col gutter work-with-title \"><div class=\"col-md-12  grid-gallery overflow-hidden  content-section\"><div class=\"tab-content portfolio-infinite-scroll-pagination\"><ul class=\"grid masonry-items masonry-portfolio-grid   hcode-portfolio-1\" data-portfolio=\"\" data-uniqueid=\"hcode-portfolio-1\"><li class=\"portfolio-filter-221 \"><figure><div class=\"gallery-img\"><a href=\"https:\/\/www.promec-srl.com\/fr\/prodotti\/tunnel-de-prechauffage-ou-de-sechage\/\"><img fetchpriority=\"high\" decoding=\"async\" width=\"1500\" height=\"1000\" src=\"https:\/\/www.promec-srl.com\/wp-content\/uploads\/2021\/04\/tunnel-preriscaldamento-scontornato.jpg\" class=\"hcode-portfolio-img wp-post-image\" alt=\"\" srcset=\"https:\/\/www.promec-srl.com\/wp-content\/uploads\/2021\/04\/tunnel-preriscaldamento-scontornato.jpg 1500w, https:\/\/www.promec-srl.com\/wp-content\/uploads\/2021\/04\/tunnel-preriscaldamento-scontornato-300x200.jpg 300w, https:\/\/www.promec-srl.com\/wp-content\/uploads\/2021\/04\/tunnel-preriscaldamento-scontornato-1024x683.jpg 1024w, https:\/\/www.promec-srl.com\/wp-content\/uploads\/2021\/04\/tunnel-preriscaldamento-scontornato-768x512.jpg 768w, https:\/\/www.promec-srl.com\/wp-content\/uploads\/2021\/04\/tunnel-preriscaldamento-scontornato-81x54.jpg 81w\" sizes=\"(max-width: 1500px) 100vw, 1500px\" \/><\/a><\/div><figcaption><h3 class=\"\"><a href=\"https:\/\/www.promec-srl.com\/fr\/prodotti\/tunnel-de-prechauffage-ou-de-sechage\/\">Tunnel de prechauffage ou de sechage<\/a><\/h3><\/figcaption><\/figure><\/li><li class=\"portfolio-filter-221 \"><figure><div class=\"gallery-img\"><a href=\"https:\/\/www.promec-srl.com\/fr\/prodotti\/tilting-conveyor\/\"><img decoding=\"async\" width=\"1500\" height=\"1000\" src=\"https:\/\/www.promec-srl.com\/wp-content\/uploads\/2021\/04\/particolare-tilting-conveyor-2.jpg\" class=\"hcode-portfolio-img wp-post-image\" alt=\"\" srcset=\"https:\/\/www.promec-srl.com\/wp-content\/uploads\/2021\/04\/particolare-tilting-conveyor-2.jpg 1500w, https:\/\/www.promec-srl.com\/wp-content\/uploads\/2021\/04\/particolare-tilting-conveyor-2-300x200.jpg 300w, https:\/\/www.promec-srl.com\/wp-content\/uploads\/2021\/04\/particolare-tilting-conveyor-2-1024x683.jpg 1024w, https:\/\/www.promec-srl.com\/wp-content\/uploads\/2021\/04\/particolare-tilting-conveyor-2-768x512.jpg 768w, https:\/\/www.promec-srl.com\/wp-content\/uploads\/2021\/04\/particolare-tilting-conveyor-2-81x54.jpg 81w\" sizes=\"(max-width: 1500px) 100vw, 1500px\" \/><\/a><\/div><figcaption><h3 class=\"\"><a href=\"https:\/\/www.promec-srl.com\/fr\/prodotti\/tilting-conveyor\/\">Tilting Conveyor<\/a><\/h3><\/figcaption><\/figure><\/li><li class=\"portfolio-filter-221 \"><figure><div class=\"gallery-img\"><a href=\"https:\/\/www.promec-srl.com\/fr\/prodotti\/etoiles-pour-plusieurs-formats\/\"><img decoding=\"async\" width=\"1500\" height=\"1000\" src=\"https:\/\/www.promec-srl.com\/wp-content\/uploads\/2021\/04\/stelle-multiformato-scontorno.jpg\" class=\"hcode-portfolio-img wp-post-image\" alt=\"\" srcset=\"https:\/\/www.promec-srl.com\/wp-content\/uploads\/2021\/04\/stelle-multiformato-scontorno.jpg 1500w, https:\/\/www.promec-srl.com\/wp-content\/uploads\/2021\/04\/stelle-multiformato-scontorno-300x200.jpg 300w, https:\/\/www.promec-srl.com\/wp-content\/uploads\/2021\/04\/stelle-multiformato-scontorno-1024x683.jpg 1024w, https:\/\/www.promec-srl.com\/wp-content\/uploads\/2021\/04\/stelle-multiformato-scontorno-768x512.jpg 768w, https:\/\/www.promec-srl.com\/wp-content\/uploads\/2021\/04\/stelle-multiformato-scontorno-81x54.jpg 81w\" sizes=\"(max-width: 1500px) 100vw, 1500px\" \/><\/a><\/div><figcaption><h3 class=\"\"><a href=\"https:\/\/www.promec-srl.com\/fr\/prodotti\/etoiles-pour-plusieurs-formats\/\">Etoiles pour plusieurs formats<\/a><\/h3><\/figcaption><\/figure><\/li><li class=\"portfolio-filter-221 \"><figure><div class=\"gallery-img\"><a href=\"https:\/\/www.promec-srl.com\/fr\/prodotti\/desincrustant-a-twist\/\"><img loading=\"lazy\" decoding=\"async\" width=\"1500\" height=\"1000\" src=\"https:\/\/www.promec-srl.com\/wp-content\/uploads\/2021\/04\/disincrostatrice_twist_1500x1000.png\" class=\"hcode-portfolio-img wp-post-image\" alt=\"\" \/><\/a><\/div><figcaption><h3 class=\"\"><a href=\"https:\/\/www.promec-srl.com\/fr\/prodotti\/desincrustant-a-twist\/\">Desincrustant a twist<\/a><\/h3><\/figcaption><\/figure><\/li><\/ul><\/div><\/div><\/div><\/div><\/div><\/section>","protected":false},"excerpt":{"rendered":"<p>[vc_single_image image=\u00a0\u00bb23462&Prime; img_size=\u00a0\u00bb1500&#215;700&Prime;][vc_single_image image=\u00a0\u00bb22451&Prime; img_size=\u00a0\u00bbfull\u00a0\u00bb]Int\u00e9rieur de la machine C\u2019est une machine du type Twistline, con\u00e7ue pour \u00e9liminer tout reste d\u2019oxyde de fer (rouille) pr\u00e9sent dans le goulot des bouteilles de verre recycl\u00e9es avec capsule couronne m\u00e9tal. Les bouteilles, retourn\u00e9es par un \u00ab twist \u00bb en entr\u00e9e, d\u00e9filent t\u00eate en bas dans la machine. Les goulots [&hellip;]<\/p>\n","protected":false},"author":9,"featured_media":0,"parent":0,"menu_order":0,"comment_status":"open","ping_status":"closed","template":"","meta":{"footnotes":""},"class_list":["post-26059","page","type-page","status-publish","hentry"],"yoast_head":"<!-- This site is optimized with the Yoast SEO plugin v27.5 - https:\/\/yoast.com\/product\/yoast-seo-wordpress\/ -->\n<title>Applications sp\u00e9ciales | Promec<\/title>\n<meta name=\"description\" content=\"Section d\u00e9di\u00e9e aux applications sp\u00e9ciales de Promec. D\u00e9couvrez toutes les machines et lignes d&#039;embouteillage de Promec.\" \/>\n<meta name=\"robots\" content=\"index, follow, max-snippet:-1, max-image-preview:large, max-video-preview:-1\" \/>\n<link rel=\"canonical\" href=\"https:\/\/www.promec-srl.com\/fr\/applications-speciales\/\" \/>\n<meta property=\"og:locale\" content=\"fr_FR\" \/>\n<meta property=\"og:type\" content=\"article\" \/>\n<meta property=\"og:title\" content=\"Applications sp\u00e9ciales | Promec\" \/>\n<meta property=\"og:description\" content=\"Section d\u00e9di\u00e9e aux applications sp\u00e9ciales de Promec. D\u00e9couvrez toutes les machines et lignes d&#039;embouteillage de Promec.\" \/>\n<meta property=\"og:url\" content=\"https:\/\/www.promec-srl.com\/fr\/applications-speciales\/\" \/>\n<meta property=\"og:site_name\" content=\"Promec\" \/>\n<meta property=\"article:modified_time\" content=\"2025-10-22T07:52:06+00:00\" \/>\n<meta name=\"twitter:card\" content=\"summary_large_image\" \/>\n<meta name=\"twitter:label1\" content=\"Dur\u00e9e de lecture estim\u00e9e\" \/>\n\t<meta name=\"twitter:data1\" content=\"3 minutes\" \/>\n<script type=\"application\/ld+json\" class=\"yoast-schema-graph\">{\"@context\":\"https:\\\/\\\/schema.org\",\"@graph\":[{\"@type\":\"WebPage\",\"@id\":\"https:\\\/\\\/www.promec-srl.com\\\/fr\\\/applications-speciales\\\/\",\"url\":\"https:\\\/\\\/www.promec-srl.com\\\/fr\\\/applications-speciales\\\/\",\"name\":\"Applications sp\u00e9ciales | Promec\",\"isPartOf\":{\"@id\":\"https:\\\/\\\/www.promec-srl.com\\\/#website\"},\"datePublished\":\"2021-04-26T08:59:48+00:00\",\"dateModified\":\"2025-10-22T07:52:06+00:00\",\"description\":\"Section d\u00e9di\u00e9e aux applications sp\u00e9ciales de Promec. D\u00e9couvrez toutes les machines et lignes d'embouteillage de Promec.\",\"breadcrumb\":{\"@id\":\"https:\\\/\\\/www.promec-srl.com\\\/fr\\\/applications-speciales\\\/#breadcrumb\"},\"inLanguage\":\"fr-FR\",\"potentialAction\":[{\"@type\":\"ReadAction\",\"target\":[\"https:\\\/\\\/www.promec-srl.com\\\/fr\\\/applications-speciales\\\/\"]}]},{\"@type\":\"BreadcrumbList\",\"@id\":\"https:\\\/\\\/www.promec-srl.com\\\/fr\\\/applications-speciales\\\/#breadcrumb\",\"itemListElement\":[{\"@type\":\"ListItem\",\"position\":1,\"name\":\"Home\",\"item\":\"https:\\\/\\\/www.promec-srl.com\\\/fr\\\/\"},{\"@type\":\"ListItem\",\"position\":2,\"name\":\"Applications Sp\u00e9ciales\"}]},{\"@type\":\"WebSite\",\"@id\":\"https:\\\/\\\/www.promec-srl.com\\\/#website\",\"url\":\"https:\\\/\\\/www.promec-srl.com\\\/\",\"name\":\"Promec\",\"description\":\"IL PARTNER IDEALE PER LA REALIZZAZIONE DI IMPIANTI COMPLETI DI IMBOTTIGLIAMENTO\",\"potentialAction\":[{\"@type\":\"SearchAction\",\"target\":{\"@type\":\"EntryPoint\",\"urlTemplate\":\"https:\\\/\\\/www.promec-srl.com\\\/?s={search_term_string}\"},\"query-input\":{\"@type\":\"PropertyValueSpecification\",\"valueRequired\":true,\"valueName\":\"search_term_string\"}}],\"inLanguage\":\"fr-FR\"}]}<\/script>\n<!-- \/ Yoast SEO plugin. -->","yoast_head_json":{"title":"Applications sp\u00e9ciales | Promec","description":"Section d\u00e9di\u00e9e aux applications sp\u00e9ciales de Promec. D\u00e9couvrez toutes les machines et lignes d'embouteillage de Promec.","robots":{"index":"index","follow":"follow","max-snippet":"max-snippet:-1","max-image-preview":"max-image-preview:large","max-video-preview":"max-video-preview:-1"},"canonical":"https:\/\/www.promec-srl.com\/fr\/applications-speciales\/","og_locale":"fr_FR","og_type":"article","og_title":"Applications sp\u00e9ciales | Promec","og_description":"Section d\u00e9di\u00e9e aux applications sp\u00e9ciales de Promec. D\u00e9couvrez toutes les machines et lignes d'embouteillage de Promec.","og_url":"https:\/\/www.promec-srl.com\/fr\/applications-speciales\/","og_site_name":"Promec","article_modified_time":"2025-10-22T07:52:06+00:00","twitter_card":"summary_large_image","twitter_misc":{"Dur\u00e9e de lecture estim\u00e9e":"3 minutes"},"schema":{"@context":"https:\/\/schema.org","@graph":[{"@type":"WebPage","@id":"https:\/\/www.promec-srl.com\/fr\/applications-speciales\/","url":"https:\/\/www.promec-srl.com\/fr\/applications-speciales\/","name":"Applications sp\u00e9ciales | Promec","isPartOf":{"@id":"https:\/\/www.promec-srl.com\/#website"},"datePublished":"2021-04-26T08:59:48+00:00","dateModified":"2025-10-22T07:52:06+00:00","description":"Section d\u00e9di\u00e9e aux applications sp\u00e9ciales de Promec. D\u00e9couvrez toutes les machines et lignes d'embouteillage de Promec.","breadcrumb":{"@id":"https:\/\/www.promec-srl.com\/fr\/applications-speciales\/#breadcrumb"},"inLanguage":"fr-FR","potentialAction":[{"@type":"ReadAction","target":["https:\/\/www.promec-srl.com\/fr\/applications-speciales\/"]}]},{"@type":"BreadcrumbList","@id":"https:\/\/www.promec-srl.com\/fr\/applications-speciales\/#breadcrumb","itemListElement":[{"@type":"ListItem","position":1,"name":"Home","item":"https:\/\/www.promec-srl.com\/fr\/"},{"@type":"ListItem","position":2,"name":"Applications Sp\u00e9ciales"}]},{"@type":"WebSite","@id":"https:\/\/www.promec-srl.com\/#website","url":"https:\/\/www.promec-srl.com\/","name":"Promec","description":"IL PARTNER IDEALE PER LA REALIZZAZIONE DI IMPIANTI COMPLETI DI IMBOTTIGLIAMENTO","potentialAction":[{"@type":"SearchAction","target":{"@type":"EntryPoint","urlTemplate":"https:\/\/www.promec-srl.com\/?s={search_term_string}"},"query-input":{"@type":"PropertyValueSpecification","valueRequired":true,"valueName":"search_term_string"}}],"inLanguage":"fr-FR"}]}},"_links":{"self":[{"href":"https:\/\/www.promec-srl.com\/fr\/wp-json\/wp\/v2\/pages\/26059","targetHints":{"allow":["GET"]}}],"collection":[{"href":"https:\/\/www.promec-srl.com\/fr\/wp-json\/wp\/v2\/pages"}],"about":[{"href":"https:\/\/www.promec-srl.com\/fr\/wp-json\/wp\/v2\/types\/page"}],"author":[{"embeddable":true,"href":"https:\/\/www.promec-srl.com\/fr\/wp-json\/wp\/v2\/users\/9"}],"replies":[{"embeddable":true,"href":"https:\/\/www.promec-srl.com\/fr\/wp-json\/wp\/v2\/comments?post=26059"}],"version-history":[{"count":0,"href":"https:\/\/www.promec-srl.com\/fr\/wp-json\/wp\/v2\/pages\/26059\/revisions"}],"wp:attachment":[{"href":"https:\/\/www.promec-srl.com\/fr\/wp-json\/wp\/v2\/media?parent=26059"}],"curies":[{"name":"wp","href":"https:\/\/api.w.org\/{rel}","templated":true}]}}