{"id":26071,"date":"2021-04-26T10:39:12","date_gmt":"2021-04-26T08:39:12","guid":{"rendered":"https:\/\/www.promec-srl.com\/riempitrici-grandi-formati\/"},"modified":"2021-11-16T17:19:00","modified_gmt":"2021-11-16T16:19:00","slug":"remplisseuses-grands-formats","status":"publish","type":"page","link":"https:\/\/www.promec-srl.com\/fr\/remplisseuses-grands-formats\/","title":{"rendered":"Remplisseuses Grands Formats"},"content":{"rendered":"<section  class=\"bg-image-srcset cover-background\" style=\"background-image: url(https:\/\/www.promec-srl.com\/wp-content\/uploads\/2021\/04\/promec-header-7-1500x1000-1.jpg);\" data-bg-srcset=\"https:\/\/www.promec-srl.com\/wp-content\/uploads\/2021\/04\/promec-header-7-1500x1000-1.jpg 1500w, https:\/\/www.promec-srl.com\/wp-content\/uploads\/2021\/04\/promec-header-7-1500x1000-1-300x200.jpg 300w, https:\/\/www.promec-srl.com\/wp-content\/uploads\/2021\/04\/promec-header-7-1500x1000-1-1024x683.jpg 1024w, https:\/\/www.promec-srl.com\/wp-content\/uploads\/2021\/04\/promec-header-7-1500x1000-1-768x512.jpg 768w, https:\/\/www.promec-srl.com\/wp-content\/uploads\/2021\/04\/promec-header-7-1500x1000-1-81x54.jpg 81w\"><div class=\"selection-overlay\" style=\"opacity:0.8;background-color:#005292;\"><\/div><div class=\"container\"><div class=\"row\"><div class=\"wpb_column hcode-column-container center-col text-center vc_col-sm-8 vc_col-md-6 col-xs-mobile-fullwidth\" data-front-class=\"center-col text-center col-xs-mobile-fullwidth\"><div class=\"vc-column-innner-wrapper\"><p class=\"title-large text-uppercase letter-spacing-1 black-text font-weight-600\"  style=\"color:#ffffff !important\">REMPLISSEUSES GRANDS FORMATS<\/p><\/div><\/div><\/div><\/div><\/section><section><div class=\"wpb_column hcode-column-container  vc_custom_1568626106247 vc_col-sm-12 col-xs-mobile-fullwidth\" data-front-class=\" vc_custom_1568626106247 col-xs-mobile-fullwidth\"><div class=\"vc-column-innner-wrapper\"><div  class=\"work-4col gutter work-with-title \"><div class=\"col-md-12  grid-gallery overflow-hidden  content-section\"><div class=\"tab-content portfolio-infinite-scroll-pagination\"><ul class=\"grid masonry-items masonry-portfolio-grid   hcode-portfolio-1\" data-portfolio=\"\" data-uniqueid=\"hcode-portfolio-1\"><li class=\"portfolio-filter-216 \"><figure><div class=\"gallery-img\"><a href=\"https:\/\/www.promec-srl.com\/fr\/prodotti\/fill-jet-bc\/\"><img fetchpriority=\"high\" decoding=\"async\" width=\"1500\" height=\"1000\" src=\"https:\/\/www.promec-srl.com\/wp-content\/uploads\/2021\/04\/8110-1500x1000-1-e1631544740229.jpg\" class=\"hcode-portfolio-img wp-post-image\" alt=\"\" \/><\/a><\/div><figcaption><h3 class=\"\"><a href=\"https:\/\/www.promec-srl.com\/fr\/prodotti\/fill-jet-bc\/\">Fill Jet BC<\/a><\/h3><\/figcaption><\/figure><\/li><li class=\"portfolio-filter-216 \"><figure><div class=\"gallery-img\"><a href=\"https:\/\/www.promec-srl.com\/fr\/prodotti\/aris\/\"><img decoding=\"async\" width=\"1500\" height=\"1000\" src=\"https:\/\/www.promec-srl.com\/wp-content\/uploads\/2021\/04\/Aris_1500x1000.jpg\" class=\"hcode-portfolio-img wp-post-image\" alt=\"\" srcset=\"https:\/\/www.promec-srl.com\/wp-content\/uploads\/2021\/04\/Aris_1500x1000.jpg 1500w, https:\/\/www.promec-srl.com\/wp-content\/uploads\/2021\/04\/Aris_1500x1000-300x200.jpg 300w, https:\/\/www.promec-srl.com\/wp-content\/uploads\/2021\/04\/Aris_1500x1000-1024x683.jpg 1024w, https:\/\/www.promec-srl.com\/wp-content\/uploads\/2021\/04\/Aris_1500x1000-768x512.jpg 768w, https:\/\/www.promec-srl.com\/wp-content\/uploads\/2021\/04\/Aris_1500x1000-81x54.jpg 81w\" sizes=\"(max-width: 1500px) 100vw, 1500px\" \/><\/a><\/div><figcaption><h3 class=\"\"><a href=\"https:\/\/www.promec-srl.com\/fr\/prodotti\/aris\/\">Aris<\/a><\/h3><\/figcaption><\/figure><\/li><li class=\"portfolio-filter-216 \"><figure><div class=\"gallery-img\"><a href=\"https:\/\/www.promec-srl.com\/fr\/prodotti\/compac-200\/\"><img decoding=\"async\" width=\"1500\" height=\"1000\" src=\"https:\/\/www.promec-srl.com\/wp-content\/uploads\/2021\/04\/Compac200_1500x1000.jpg\" class=\"hcode-portfolio-img wp-post-image\" alt=\"\" srcset=\"https:\/\/www.promec-srl.com\/wp-content\/uploads\/2021\/04\/Compac200_1500x1000.jpg 1500w, https:\/\/www.promec-srl.com\/wp-content\/uploads\/2021\/04\/Compac200_1500x1000-300x200.jpg 300w, https:\/\/www.promec-srl.com\/wp-content\/uploads\/2021\/04\/Compac200_1500x1000-1024x683.jpg 1024w, https:\/\/www.promec-srl.com\/wp-content\/uploads\/2021\/04\/Compac200_1500x1000-768x512.jpg 768w, https:\/\/www.promec-srl.com\/wp-content\/uploads\/2021\/04\/Compac200_1500x1000-81x54.jpg 81w\" sizes=\"(max-width: 1500px) 100vw, 1500px\" \/><\/a><\/div><figcaption><h3 class=\"\"><a href=\"https:\/\/www.promec-srl.com\/fr\/prodotti\/compac-200\/\">Compac 200<\/a><\/h3><\/figcaption><\/figure><\/li><li class=\"portfolio-filter-216 \"><figure><div class=\"gallery-img\"><a href=\"https:\/\/www.promec-srl.com\/fr\/prodotti\/fill-line\/\"><img loading=\"lazy\" decoding=\"async\" width=\"1500\" height=\"1000\" src=\"https:\/\/www.promec-srl.com\/wp-content\/uploads\/2021\/04\/Fill-line_1500x1000.jpg\" class=\"hcode-portfolio-img wp-post-image\" alt=\"\" srcset=\"https:\/\/www.promec-srl.com\/wp-content\/uploads\/2021\/04\/Fill-line_1500x1000.jpg 1500w, https:\/\/www.promec-srl.com\/wp-content\/uploads\/2021\/04\/Fill-line_1500x1000-300x200.jpg 300w, https:\/\/www.promec-srl.com\/wp-content\/uploads\/2021\/04\/Fill-line_1500x1000-1024x683.jpg 1024w, https:\/\/www.promec-srl.com\/wp-content\/uploads\/2021\/04\/Fill-line_1500x1000-768x512.jpg 768w, https:\/\/www.promec-srl.com\/wp-content\/uploads\/2021\/04\/Fill-line_1500x1000-81x54.jpg 81w\" sizes=\"(max-width: 1500px) 100vw, 1500px\" \/><\/a><\/div><figcaption><h3 class=\"\"><a href=\"https:\/\/www.promec-srl.com\/fr\/prodotti\/fill-line\/\">Fill line<\/a><\/h3><\/figcaption><\/figure><\/li><\/ul><\/div><\/div><\/div><\/div><\/div><\/section>","protected":false},"excerpt":{"rendered":"<p>[vc_single_image image=\u00a0\u00bb22319&Prime; img_size=\u00a0\u00bb1500&#215;700&Prime;][vc_single_image image=\u00a0\u00bb24925&Prime; img_size=\u00a0\u00bbfull\u00a0\u00bb]MONOBLOCS LIN\u00c9AIRES MULTIFORMATS MOD\u00c8LE FILL-LINE POUR DES PRODUCTIONS JUSQU&rsquo;\u00c0 2 500 BPH \u00c0 PARTIR DE 5 L Il s&rsquo;agit d&rsquo;une machine lin\u00e9aire pour le remplissage avec de l&rsquo;eau de conteneurs de grandes dimensions, entre 5 et 20 l, en PET et en HDPE jetables ; la structure modulaire permet de composer [&hellip;]<\/p>\n","protected":false},"author":9,"featured_media":0,"parent":0,"menu_order":0,"comment_status":"open","ping_status":"closed","template":"","meta":{"footnotes":""},"class_list":["post-26071","page","type-page","status-publish","hentry"],"yoast_head":"<!-- This site is optimized with the Yoast SEO plugin v27.4 - https:\/\/yoast.com\/product\/yoast-seo-wordpress\/ -->\n<title>Remplisseuses grands formats | Promec<\/title>\n<meta name=\"description\" content=\"Toutes les machines Promec de remplissage de conteneurs grand format. D\u00e9couvrez toutes les machines et lignes d&#039;embouteillage de Promec.\" \/>\n<meta name=\"robots\" content=\"index, follow, max-snippet:-1, max-image-preview:large, max-video-preview:-1\" \/>\n<link rel=\"canonical\" href=\"https:\/\/www.promec-srl.com\/fr\/remplisseuses-grands-formats\/\" \/>\n<meta property=\"og:locale\" content=\"fr_FR\" \/>\n<meta property=\"og:type\" content=\"article\" \/>\n<meta property=\"og:title\" content=\"Remplisseuses grands formats | Promec\" \/>\n<meta property=\"og:description\" content=\"Toutes les machines Promec de remplissage de conteneurs grand format. D\u00e9couvrez toutes les machines et lignes d&#039;embouteillage de Promec.\" \/>\n<meta property=\"og:url\" content=\"https:\/\/www.promec-srl.com\/fr\/remplisseuses-grands-formats\/\" \/>\n<meta property=\"og:site_name\" content=\"Promec\" \/>\n<meta property=\"article:modified_time\" content=\"2021-11-16T16:19:00+00:00\" \/>\n<meta name=\"twitter:card\" content=\"summary_large_image\" \/>\n<meta name=\"twitter:label1\" content=\"Dur\u00e9e de lecture estim\u00e9e\" \/>\n\t<meta name=\"twitter:data1\" content=\"2 minutes\" \/>\n<script type=\"application\/ld+json\" class=\"yoast-schema-graph\">{\"@context\":\"https:\\\/\\\/schema.org\",\"@graph\":[{\"@type\":\"WebPage\",\"@id\":\"https:\\\/\\\/www.promec-srl.com\\\/fr\\\/remplisseuses-grands-formats\\\/\",\"url\":\"https:\\\/\\\/www.promec-srl.com\\\/fr\\\/remplisseuses-grands-formats\\\/\",\"name\":\"Remplisseuses grands formats | Promec\",\"isPartOf\":{\"@id\":\"https:\\\/\\\/www.promec-srl.com\\\/#website\"},\"datePublished\":\"2021-04-26T08:39:12+00:00\",\"dateModified\":\"2021-11-16T16:19:00+00:00\",\"description\":\"Toutes les machines Promec de remplissage de conteneurs grand format. D\u00e9couvrez toutes les machines et lignes d'embouteillage de Promec.\",\"breadcrumb\":{\"@id\":\"https:\\\/\\\/www.promec-srl.com\\\/fr\\\/remplisseuses-grands-formats\\\/#breadcrumb\"},\"inLanguage\":\"fr-FR\",\"potentialAction\":[{\"@type\":\"ReadAction\",\"target\":[\"https:\\\/\\\/www.promec-srl.com\\\/fr\\\/remplisseuses-grands-formats\\\/\"]}]},{\"@type\":\"BreadcrumbList\",\"@id\":\"https:\\\/\\\/www.promec-srl.com\\\/fr\\\/remplisseuses-grands-formats\\\/#breadcrumb\",\"itemListElement\":[{\"@type\":\"ListItem\",\"position\":1,\"name\":\"Home\",\"item\":\"https:\\\/\\\/www.promec-srl.com\\\/fr\\\/\"},{\"@type\":\"ListItem\",\"position\":2,\"name\":\"Remplisseuses Grands Formats\"}]},{\"@type\":\"WebSite\",\"@id\":\"https:\\\/\\\/www.promec-srl.com\\\/#website\",\"url\":\"https:\\\/\\\/www.promec-srl.com\\\/\",\"name\":\"Promec\",\"description\":\"IL PARTNER IDEALE PER LA REALIZZAZIONE DI IMPIANTI COMPLETI DI IMBOTTIGLIAMENTO\",\"potentialAction\":[{\"@type\":\"SearchAction\",\"target\":{\"@type\":\"EntryPoint\",\"urlTemplate\":\"https:\\\/\\\/www.promec-srl.com\\\/?s={search_term_string}\"},\"query-input\":{\"@type\":\"PropertyValueSpecification\",\"valueRequired\":true,\"valueName\":\"search_term_string\"}}],\"inLanguage\":\"fr-FR\"}]}<\/script>\n<!-- \/ Yoast SEO plugin. -->","yoast_head_json":{"title":"Remplisseuses grands formats | Promec","description":"Toutes les machines Promec de remplissage de conteneurs grand format. D\u00e9couvrez toutes les machines et lignes d'embouteillage de Promec.","robots":{"index":"index","follow":"follow","max-snippet":"max-snippet:-1","max-image-preview":"max-image-preview:large","max-video-preview":"max-video-preview:-1"},"canonical":"https:\/\/www.promec-srl.com\/fr\/remplisseuses-grands-formats\/","og_locale":"fr_FR","og_type":"article","og_title":"Remplisseuses grands formats | Promec","og_description":"Toutes les machines Promec de remplissage de conteneurs grand format. D\u00e9couvrez toutes les machines et lignes d'embouteillage de Promec.","og_url":"https:\/\/www.promec-srl.com\/fr\/remplisseuses-grands-formats\/","og_site_name":"Promec","article_modified_time":"2021-11-16T16:19:00+00:00","twitter_card":"summary_large_image","twitter_misc":{"Dur\u00e9e de lecture estim\u00e9e":"2 minutes"},"schema":{"@context":"https:\/\/schema.org","@graph":[{"@type":"WebPage","@id":"https:\/\/www.promec-srl.com\/fr\/remplisseuses-grands-formats\/","url":"https:\/\/www.promec-srl.com\/fr\/remplisseuses-grands-formats\/","name":"Remplisseuses grands formats | Promec","isPartOf":{"@id":"https:\/\/www.promec-srl.com\/#website"},"datePublished":"2021-04-26T08:39:12+00:00","dateModified":"2021-11-16T16:19:00+00:00","description":"Toutes les machines Promec de remplissage de conteneurs grand format. D\u00e9couvrez toutes les machines et lignes d'embouteillage de Promec.","breadcrumb":{"@id":"https:\/\/www.promec-srl.com\/fr\/remplisseuses-grands-formats\/#breadcrumb"},"inLanguage":"fr-FR","potentialAction":[{"@type":"ReadAction","target":["https:\/\/www.promec-srl.com\/fr\/remplisseuses-grands-formats\/"]}]},{"@type":"BreadcrumbList","@id":"https:\/\/www.promec-srl.com\/fr\/remplisseuses-grands-formats\/#breadcrumb","itemListElement":[{"@type":"ListItem","position":1,"name":"Home","item":"https:\/\/www.promec-srl.com\/fr\/"},{"@type":"ListItem","position":2,"name":"Remplisseuses Grands Formats"}]},{"@type":"WebSite","@id":"https:\/\/www.promec-srl.com\/#website","url":"https:\/\/www.promec-srl.com\/","name":"Promec","description":"IL PARTNER IDEALE PER LA REALIZZAZIONE DI IMPIANTI COMPLETI DI IMBOTTIGLIAMENTO","potentialAction":[{"@type":"SearchAction","target":{"@type":"EntryPoint","urlTemplate":"https:\/\/www.promec-srl.com\/?s={search_term_string}"},"query-input":{"@type":"PropertyValueSpecification","valueRequired":true,"valueName":"search_term_string"}}],"inLanguage":"fr-FR"}]}},"_links":{"self":[{"href":"https:\/\/www.promec-srl.com\/fr\/wp-json\/wp\/v2\/pages\/26071","targetHints":{"allow":["GET"]}}],"collection":[{"href":"https:\/\/www.promec-srl.com\/fr\/wp-json\/wp\/v2\/pages"}],"about":[{"href":"https:\/\/www.promec-srl.com\/fr\/wp-json\/wp\/v2\/types\/page"}],"author":[{"embeddable":true,"href":"https:\/\/www.promec-srl.com\/fr\/wp-json\/wp\/v2\/users\/9"}],"replies":[{"embeddable":true,"href":"https:\/\/www.promec-srl.com\/fr\/wp-json\/wp\/v2\/comments?post=26071"}],"version-history":[{"count":0,"href":"https:\/\/www.promec-srl.com\/fr\/wp-json\/wp\/v2\/pages\/26071\/revisions"}],"wp:attachment":[{"href":"https:\/\/www.promec-srl.com\/fr\/wp-json\/wp\/v2\/media?parent=26071"}],"curies":[{"name":"wp","href":"https:\/\/api.w.org\/{rel}","templated":true}]}}