{"id":26080,"date":"2021-04-26T11:00:52","date_gmt":"2021-04-26T09:00:52","guid":{"rendered":"https:\/\/www.promec-srl.com\/linee-di-imbottigliamento\/"},"modified":"2025-10-22T10:25:36","modified_gmt":"2025-10-22T08:25:36","slug":"lignes-d-embouteillage","status":"publish","type":"page","link":"https:\/\/www.promec-srl.com\/fr\/lignes-d-embouteillage\/","title":{"rendered":"Lignes d&#8217;embouteillage"},"content":{"rendered":"<section  class=\"bg-image-srcset cover-background\" style=\"background-image: url(https:\/\/www.promec-srl.com\/wp-content\/uploads\/2021\/02\/header-water.jpg);\" data-bg-srcset=\"https:\/\/www.promec-srl.com\/wp-content\/uploads\/2021\/02\/header-water.jpg 1500w, https:\/\/www.promec-srl.com\/wp-content\/uploads\/2021\/02\/header-water-300x200.jpg 300w, https:\/\/www.promec-srl.com\/wp-content\/uploads\/2021\/02\/header-water-1024x683.jpg 1024w, https:\/\/www.promec-srl.com\/wp-content\/uploads\/2021\/02\/header-water-768x512.jpg 768w, https:\/\/www.promec-srl.com\/wp-content\/uploads\/2021\/02\/header-water-81x54.jpg 81w\"><div class=\"selection-overlay\" style=\"opacity:0.8;background-color:#005292;\"><\/div><div class=\"container\"><div class=\"row\"><div class=\"wpb_column hcode-column-container center-col text-center vc_col-sm-8 vc_col-md-6 col-xs-mobile-fullwidth\" data-front-class=\"center-col text-center col-xs-mobile-fullwidth\"><div class=\"vc-column-innner-wrapper\"><p class=\"title-large text-uppercase letter-spacing-1 black-text font-weight-600\"  style=\"color:#ffffff !important\">LIGNES D'EMBOUTEILLAGE<\/p><\/div><\/div><\/div><\/div><\/section><section><div class=\"wpb_column hcode-column-container  vc_custom_1568626106247 vc_col-sm-12 col-xs-mobile-fullwidth\" data-front-class=\" vc_custom_1568626106247 col-xs-mobile-fullwidth\"><div class=\"vc-column-innner-wrapper\"><div  class=\"work-4col gutter work-with-title \"><div class=\"col-md-12  grid-gallery overflow-hidden  content-section\"><div class=\"tab-content portfolio-infinite-scroll-pagination\"><ul class=\"grid masonry-items masonry-portfolio-grid   hcode-portfolio-1\" data-portfolio=\"\" data-uniqueid=\"hcode-portfolio-1\"><li class=\"portfolio-filter-222 \"><figure><div class=\"gallery-img\"><a href=\"https:\/\/www.promec-srl.com\/fr\/prodotti\/ligne-d-embouteillage\/\"><img fetchpriority=\"high\" decoding=\"async\" width=\"1500\" height=\"700\" src=\"https:\/\/www.promec-srl.com\/wp-content\/uploads\/2021\/05\/linea-di-imbottigliamento-header-1500x700-1.jpg\" class=\"hcode-portfolio-img wp-post-image\" alt=\"\" srcset=\"https:\/\/www.promec-srl.com\/wp-content\/uploads\/2021\/05\/linea-di-imbottigliamento-header-1500x700-1.jpg 1500w, https:\/\/www.promec-srl.com\/wp-content\/uploads\/2021\/05\/linea-di-imbottigliamento-header-1500x700-1-300x140.jpg 300w, https:\/\/www.promec-srl.com\/wp-content\/uploads\/2021\/05\/linea-di-imbottigliamento-header-1500x700-1-1024x478.jpg 1024w, https:\/\/www.promec-srl.com\/wp-content\/uploads\/2021\/05\/linea-di-imbottigliamento-header-1500x700-1-768x358.jpg 768w, https:\/\/www.promec-srl.com\/wp-content\/uploads\/2021\/05\/linea-di-imbottigliamento-header-1500x700-1-81x38.jpg 81w\" sizes=\"(max-width: 1500px) 100vw, 1500px\" \/><\/a><\/div><figcaption><h3 class=\"\"><a href=\"https:\/\/www.promec-srl.com\/fr\/prodotti\/ligne-d-embouteillage\/\">Ligne d&#8217;embouteillage<\/a><\/h3><\/figcaption><\/figure><\/li><\/ul><\/div><\/div><\/div><\/div><\/div><\/section>","protected":false},"excerpt":{"rendered":"<p>[vc_single_image image=\u00a0\u00bb24921&Prime; img_size=\u00a0\u00bbfull\u00a0\u00bb]Ligne compl\u00e8te 7-20 lt. PET [vc_single_image image=\u00a0\u00bb25176&Prime; img_size=\u00a0\u00bbfull\u00a0\u00bb]Gr\u00e2ce \u00e0 la synergie entre toutes les entreprises de notre groupe, Promec est en mesure de vous proposer des lignes compl\u00e8tes, flexibles et personnalis\u00e9es, en partant de la production du r\u00e9cipient jusqu\u2019au conditionnement final avec l\u2019avantage, pour le client, de b\u00e9n\u00e9ficier d\u2019un interlocuteur unique capable d&rsquo;\u00e9couter [&hellip;]<\/p>\n","protected":false},"author":9,"featured_media":27268,"parent":0,"menu_order":0,"comment_status":"open","ping_status":"closed","template":"","meta":{"footnotes":""},"class_list":["post-26080","page","type-page","status-publish","has-post-thumbnail","hentry"],"yoast_head":"<!-- This site is optimized with the Yoast SEO plugin v27.5 - https:\/\/yoast.com\/product\/yoast-seo-wordpress\/ -->\n<title>Lignes d&#039;embouteillage | Promec<\/title>\n<meta name=\"description\" content=\"Section d\u00e9di\u00e9e aux lignes d&#039;embouteillage Promec. D\u00e9couvrez toutes les machines d&#039;embouteillage Promec.\" \/>\n<meta name=\"robots\" content=\"index, follow, max-snippet:-1, max-image-preview:large, max-video-preview:-1\" \/>\n<link rel=\"canonical\" href=\"https:\/\/www.promec-srl.com\/fr\/lignes-d-embouteillage\/\" \/>\n<meta property=\"og:locale\" content=\"fr_FR\" \/>\n<meta property=\"og:type\" content=\"article\" \/>\n<meta property=\"og:title\" content=\"Lignes d&#039;embouteillage | Promec\" \/>\n<meta property=\"og:description\" content=\"Section d\u00e9di\u00e9e aux lignes d&#039;embouteillage Promec. D\u00e9couvrez toutes les machines d&#039;embouteillage Promec.\" \/>\n<meta property=\"og:url\" content=\"https:\/\/www.promec-srl.com\/fr\/lignes-d-embouteillage\/\" \/>\n<meta property=\"og:site_name\" content=\"Promec\" \/>\n<meta property=\"article:modified_time\" content=\"2025-10-22T08:25:36+00:00\" \/>\n<meta property=\"og:image\" content=\"https:\/\/www.promec-srl.com\/wp-content\/uploads\/2025\/10\/lignes-dembouteillage-promec.jpg\" \/>\n\t<meta property=\"og:image:width\" content=\"1500\" \/>\n\t<meta property=\"og:image:height\" content=\"1000\" \/>\n\t<meta property=\"og:image:type\" content=\"image\/jpeg\" \/>\n<meta name=\"twitter:card\" content=\"summary_large_image\" \/>\n<meta name=\"twitter:label1\" content=\"Dur\u00e9e de lecture estim\u00e9e\" \/>\n\t<meta name=\"twitter:data1\" content=\"3 minutes\" \/>\n<script type=\"application\/ld+json\" class=\"yoast-schema-graph\">{\"@context\":\"https:\\\/\\\/schema.org\",\"@graph\":[{\"@type\":\"WebPage\",\"@id\":\"https:\\\/\\\/www.promec-srl.com\\\/fr\\\/lignes-d-embouteillage\\\/\",\"url\":\"https:\\\/\\\/www.promec-srl.com\\\/fr\\\/lignes-d-embouteillage\\\/\",\"name\":\"Lignes d'embouteillage | Promec\",\"isPartOf\":{\"@id\":\"https:\\\/\\\/www.promec-srl.com\\\/#website\"},\"primaryImageOfPage\":{\"@id\":\"https:\\\/\\\/www.promec-srl.com\\\/fr\\\/lignes-d-embouteillage\\\/#primaryimage\"},\"image\":{\"@id\":\"https:\\\/\\\/www.promec-srl.com\\\/fr\\\/lignes-d-embouteillage\\\/#primaryimage\"},\"thumbnailUrl\":\"https:\\\/\\\/www.promec-srl.com\\\/wp-content\\\/uploads\\\/2025\\\/10\\\/lignes-dembouteillage-promec.jpg\",\"datePublished\":\"2021-04-26T09:00:52+00:00\",\"dateModified\":\"2025-10-22T08:25:36+00:00\",\"description\":\"Section d\u00e9di\u00e9e aux lignes d'embouteillage Promec. D\u00e9couvrez toutes les machines d'embouteillage Promec.\",\"breadcrumb\":{\"@id\":\"https:\\\/\\\/www.promec-srl.com\\\/fr\\\/lignes-d-embouteillage\\\/#breadcrumb\"},\"inLanguage\":\"fr-FR\",\"potentialAction\":[{\"@type\":\"ReadAction\",\"target\":[\"https:\\\/\\\/www.promec-srl.com\\\/fr\\\/lignes-d-embouteillage\\\/\"]}]},{\"@type\":\"ImageObject\",\"inLanguage\":\"fr-FR\",\"@id\":\"https:\\\/\\\/www.promec-srl.com\\\/fr\\\/lignes-d-embouteillage\\\/#primaryimage\",\"url\":\"https:\\\/\\\/www.promec-srl.com\\\/wp-content\\\/uploads\\\/2025\\\/10\\\/lignes-dembouteillage-promec.jpg\",\"contentUrl\":\"https:\\\/\\\/www.promec-srl.com\\\/wp-content\\\/uploads\\\/2025\\\/10\\\/lignes-dembouteillage-promec.jpg\",\"width\":1500,\"height\":1000},{\"@type\":\"BreadcrumbList\",\"@id\":\"https:\\\/\\\/www.promec-srl.com\\\/fr\\\/lignes-d-embouteillage\\\/#breadcrumb\",\"itemListElement\":[{\"@type\":\"ListItem\",\"position\":1,\"name\":\"Home\",\"item\":\"https:\\\/\\\/www.promec-srl.com\\\/fr\\\/\"},{\"@type\":\"ListItem\",\"position\":2,\"name\":\"Lignes d&#8217;embouteillage\"}]},{\"@type\":\"WebSite\",\"@id\":\"https:\\\/\\\/www.promec-srl.com\\\/#website\",\"url\":\"https:\\\/\\\/www.promec-srl.com\\\/\",\"name\":\"Promec\",\"description\":\"IL PARTNER IDEALE PER LA REALIZZAZIONE DI IMPIANTI COMPLETI DI IMBOTTIGLIAMENTO\",\"potentialAction\":[{\"@type\":\"SearchAction\",\"target\":{\"@type\":\"EntryPoint\",\"urlTemplate\":\"https:\\\/\\\/www.promec-srl.com\\\/?s={search_term_string}\"},\"query-input\":{\"@type\":\"PropertyValueSpecification\",\"valueRequired\":true,\"valueName\":\"search_term_string\"}}],\"inLanguage\":\"fr-FR\"}]}<\/script>\n<!-- \/ Yoast SEO plugin. -->","yoast_head_json":{"title":"Lignes d'embouteillage | Promec","description":"Section d\u00e9di\u00e9e aux lignes d'embouteillage Promec. D\u00e9couvrez toutes les machines d'embouteillage Promec.","robots":{"index":"index","follow":"follow","max-snippet":"max-snippet:-1","max-image-preview":"max-image-preview:large","max-video-preview":"max-video-preview:-1"},"canonical":"https:\/\/www.promec-srl.com\/fr\/lignes-d-embouteillage\/","og_locale":"fr_FR","og_type":"article","og_title":"Lignes d'embouteillage | Promec","og_description":"Section d\u00e9di\u00e9e aux lignes d'embouteillage Promec. D\u00e9couvrez toutes les machines d'embouteillage Promec.","og_url":"https:\/\/www.promec-srl.com\/fr\/lignes-d-embouteillage\/","og_site_name":"Promec","article_modified_time":"2025-10-22T08:25:36+00:00","og_image":[{"width":1500,"height":1000,"url":"https:\/\/www.promec-srl.com\/wp-content\/uploads\/2025\/10\/lignes-dembouteillage-promec.jpg","type":"image\/jpeg"}],"twitter_card":"summary_large_image","twitter_misc":{"Dur\u00e9e de lecture estim\u00e9e":"3 minutes"},"schema":{"@context":"https:\/\/schema.org","@graph":[{"@type":"WebPage","@id":"https:\/\/www.promec-srl.com\/fr\/lignes-d-embouteillage\/","url":"https:\/\/www.promec-srl.com\/fr\/lignes-d-embouteillage\/","name":"Lignes d'embouteillage | Promec","isPartOf":{"@id":"https:\/\/www.promec-srl.com\/#website"},"primaryImageOfPage":{"@id":"https:\/\/www.promec-srl.com\/fr\/lignes-d-embouteillage\/#primaryimage"},"image":{"@id":"https:\/\/www.promec-srl.com\/fr\/lignes-d-embouteillage\/#primaryimage"},"thumbnailUrl":"https:\/\/www.promec-srl.com\/wp-content\/uploads\/2025\/10\/lignes-dembouteillage-promec.jpg","datePublished":"2021-04-26T09:00:52+00:00","dateModified":"2025-10-22T08:25:36+00:00","description":"Section d\u00e9di\u00e9e aux lignes d'embouteillage Promec. D\u00e9couvrez toutes les machines d'embouteillage Promec.","breadcrumb":{"@id":"https:\/\/www.promec-srl.com\/fr\/lignes-d-embouteillage\/#breadcrumb"},"inLanguage":"fr-FR","potentialAction":[{"@type":"ReadAction","target":["https:\/\/www.promec-srl.com\/fr\/lignes-d-embouteillage\/"]}]},{"@type":"ImageObject","inLanguage":"fr-FR","@id":"https:\/\/www.promec-srl.com\/fr\/lignes-d-embouteillage\/#primaryimage","url":"https:\/\/www.promec-srl.com\/wp-content\/uploads\/2025\/10\/lignes-dembouteillage-promec.jpg","contentUrl":"https:\/\/www.promec-srl.com\/wp-content\/uploads\/2025\/10\/lignes-dembouteillage-promec.jpg","width":1500,"height":1000},{"@type":"BreadcrumbList","@id":"https:\/\/www.promec-srl.com\/fr\/lignes-d-embouteillage\/#breadcrumb","itemListElement":[{"@type":"ListItem","position":1,"name":"Home","item":"https:\/\/www.promec-srl.com\/fr\/"},{"@type":"ListItem","position":2,"name":"Lignes d&#8217;embouteillage"}]},{"@type":"WebSite","@id":"https:\/\/www.promec-srl.com\/#website","url":"https:\/\/www.promec-srl.com\/","name":"Promec","description":"IL PARTNER IDEALE PER LA REALIZZAZIONE DI IMPIANTI COMPLETI DI IMBOTTIGLIAMENTO","potentialAction":[{"@type":"SearchAction","target":{"@type":"EntryPoint","urlTemplate":"https:\/\/www.promec-srl.com\/?s={search_term_string}"},"query-input":{"@type":"PropertyValueSpecification","valueRequired":true,"valueName":"search_term_string"}}],"inLanguage":"fr-FR"}]}},"_links":{"self":[{"href":"https:\/\/www.promec-srl.com\/fr\/wp-json\/wp\/v2\/pages\/26080","targetHints":{"allow":["GET"]}}],"collection":[{"href":"https:\/\/www.promec-srl.com\/fr\/wp-json\/wp\/v2\/pages"}],"about":[{"href":"https:\/\/www.promec-srl.com\/fr\/wp-json\/wp\/v2\/types\/page"}],"author":[{"embeddable":true,"href":"https:\/\/www.promec-srl.com\/fr\/wp-json\/wp\/v2\/users\/9"}],"replies":[{"embeddable":true,"href":"https:\/\/www.promec-srl.com\/fr\/wp-json\/wp\/v2\/comments?post=26080"}],"version-history":[{"count":0,"href":"https:\/\/www.promec-srl.com\/fr\/wp-json\/wp\/v2\/pages\/26080\/revisions"}],"wp:featuredmedia":[{"embeddable":true,"href":"https:\/\/www.promec-srl.com\/fr\/wp-json\/wp\/v2\/media\/27268"}],"wp:attachment":[{"href":"https:\/\/www.promec-srl.com\/fr\/wp-json\/wp\/v2\/media?parent=26080"}],"curies":[{"name":"wp","href":"https:\/\/api.w.org\/{rel}","templated":true}]}}