{"id":26084,"date":"2021-04-26T10:56:54","date_gmt":"2021-04-26T08:56:54","guid":{"rendered":"https:\/\/www.promec-srl.com\/sistemi-di-processo\/"},"modified":"2021-11-17T10:02:19","modified_gmt":"2021-11-17T09:02:19","slug":"systemes-de-traitement","status":"publish","type":"page","link":"https:\/\/www.promec-srl.com\/fr\/systemes-de-traitement\/","title":{"rendered":"Syst\u00e8mes de traitement"},"content":{"rendered":"<section  class=\"bg-image-srcset cover-background\" style=\"background-image: url(https:\/\/www.promec-srl.com\/wp-content\/uploads\/2021\/04\/promec-header-3-1500x1000-1.jpg);\" data-bg-srcset=\"https:\/\/www.promec-srl.com\/wp-content\/uploads\/2021\/04\/promec-header-3-1500x1000-1.jpg 1500w, https:\/\/www.promec-srl.com\/wp-content\/uploads\/2021\/04\/promec-header-3-1500x1000-1-300x200.jpg 300w, https:\/\/www.promec-srl.com\/wp-content\/uploads\/2021\/04\/promec-header-3-1500x1000-1-1024x683.jpg 1024w, https:\/\/www.promec-srl.com\/wp-content\/uploads\/2021\/04\/promec-header-3-1500x1000-1-768x512.jpg 768w, https:\/\/www.promec-srl.com\/wp-content\/uploads\/2021\/04\/promec-header-3-1500x1000-1-81x54.jpg 81w\"><div class=\"selection-overlay\" style=\"opacity:0.8;background-color:#005292;\"><\/div><div class=\"container\"><div class=\"row\"><div class=\"wpb_column hcode-column-container center-col text-center vc_col-sm-8 vc_col-md-6 col-xs-mobile-fullwidth\" data-front-class=\"center-col text-center col-xs-mobile-fullwidth\"><div class=\"vc-column-innner-wrapper\"><p class=\"title-large text-uppercase letter-spacing-1 black-text font-weight-600\"  style=\"color:#ffffff !important\">SYST\u00c8MES DE TRAITEMENT<\/p><\/div><\/div><\/div><\/div><\/section><section><div class=\"wpb_column hcode-column-container  vc_custom_1568626106247 vc_col-sm-12 col-xs-mobile-fullwidth\" data-front-class=\" vc_custom_1568626106247 col-xs-mobile-fullwidth\"><div class=\"vc-column-innner-wrapper\"><div  class=\"work-4col gutter work-with-title \"><div class=\"col-md-12  grid-gallery overflow-hidden  content-section\"><div class=\"tab-content portfolio-infinite-scroll-pagination\"><ul class=\"grid masonry-items masonry-portfolio-grid   hcode-portfolio-1\" data-portfolio=\"\" data-uniqueid=\"hcode-portfolio-1\"><li class=\"portfolio-filter-220 \"><figure><div class=\"gallery-img\"><a href=\"https:\/\/www.promec-srl.com\/fr\/prodotti\/steroxon\/\"><img fetchpriority=\"high\" decoding=\"async\" width=\"1500\" height=\"1000\" src=\"https:\/\/www.promec-srl.com\/wp-content\/uploads\/2021\/04\/Steroxon_1500x1000.jpg\" class=\"hcode-portfolio-img wp-post-image\" alt=\"\" srcset=\"https:\/\/www.promec-srl.com\/wp-content\/uploads\/2021\/04\/Steroxon_1500x1000.jpg 1500w, https:\/\/www.promec-srl.com\/wp-content\/uploads\/2021\/04\/Steroxon_1500x1000-300x200.jpg 300w, https:\/\/www.promec-srl.com\/wp-content\/uploads\/2021\/04\/Steroxon_1500x1000-1024x683.jpg 1024w, https:\/\/www.promec-srl.com\/wp-content\/uploads\/2021\/04\/Steroxon_1500x1000-768x512.jpg 768w, https:\/\/www.promec-srl.com\/wp-content\/uploads\/2021\/04\/Steroxon_1500x1000-81x54.jpg 81w\" sizes=\"(max-width: 1500px) 100vw, 1500px\" \/><\/a><\/div><figcaption><h3 class=\"\"><a href=\"https:\/\/www.promec-srl.com\/fr\/prodotti\/steroxon\/\">Steroxon<\/a><\/h3><\/figcaption><\/figure><\/li><li class=\"portfolio-filter-220 \"><figure><div class=\"gallery-img\"><a href=\"https:\/\/www.promec-srl.com\/fr\/prodotti\/sterochlor\/\"><img decoding=\"async\" width=\"1500\" height=\"1000\" src=\"https:\/\/www.promec-srl.com\/wp-content\/uploads\/2021\/04\/Sterochlor-1500x1000-1.jpg\" class=\"hcode-portfolio-img wp-post-image\" alt=\"\" srcset=\"https:\/\/www.promec-srl.com\/wp-content\/uploads\/2021\/04\/Sterochlor-1500x1000-1.jpg 1500w, https:\/\/www.promec-srl.com\/wp-content\/uploads\/2021\/04\/Sterochlor-1500x1000-1-300x200.jpg 300w, https:\/\/www.promec-srl.com\/wp-content\/uploads\/2021\/04\/Sterochlor-1500x1000-1-1024x683.jpg 1024w, https:\/\/www.promec-srl.com\/wp-content\/uploads\/2021\/04\/Sterochlor-1500x1000-1-768x512.jpg 768w, https:\/\/www.promec-srl.com\/wp-content\/uploads\/2021\/04\/Sterochlor-1500x1000-1-81x54.jpg 81w\" sizes=\"(max-width: 1500px) 100vw, 1500px\" \/><\/a><\/div><figcaption><h3 class=\"\"><a href=\"https:\/\/www.promec-srl.com\/fr\/prodotti\/sterochlor\/\">Sterochlor<\/a><\/h3><\/figcaption><\/figure><\/li><li class=\"portfolio-filter-220 \"><figure><div class=\"gallery-img\"><a href=\"https:\/\/www.promec-srl.com\/fr\/prodotti\/sterozon\/\"><img decoding=\"async\" width=\"1500\" height=\"1000\" src=\"https:\/\/www.promec-srl.com\/wp-content\/uploads\/2021\/04\/STEROZON-in-evidenza_1500x1000-2.jpg\" class=\"hcode-portfolio-img wp-post-image\" alt=\"\" srcset=\"https:\/\/www.promec-srl.com\/wp-content\/uploads\/2021\/04\/STEROZON-in-evidenza_1500x1000-2.jpg 1500w, https:\/\/www.promec-srl.com\/wp-content\/uploads\/2021\/04\/STEROZON-in-evidenza_1500x1000-2-300x200.jpg 300w, https:\/\/www.promec-srl.com\/wp-content\/uploads\/2021\/04\/STEROZON-in-evidenza_1500x1000-2-1024x683.jpg 1024w, https:\/\/www.promec-srl.com\/wp-content\/uploads\/2021\/04\/STEROZON-in-evidenza_1500x1000-2-768x512.jpg 768w, https:\/\/www.promec-srl.com\/wp-content\/uploads\/2021\/04\/STEROZON-in-evidenza_1500x1000-2-81x54.jpg 81w\" sizes=\"(max-width: 1500px) 100vw, 1500px\" \/><\/a><\/div><figcaption><h3 class=\"\"><a href=\"https:\/\/www.promec-srl.com\/fr\/prodotti\/sterozon\/\">Sterozon<\/a><\/h3><\/figcaption><\/figure><\/li><\/ul><\/div><\/div><\/div><\/div><\/div><\/section>","protected":false},"excerpt":{"rendered":"<p>[vc_single_image image=\u00a0\u00bb22412&Prime; img_size=\u00a0\u00bb1500&#215;700&Prime;][vc_single_image image=\u00a0\u00bb22415&Prime; img_size=\u00a0\u00bbfull\u00a0\u00bb][vc_single_image image=\u00a0\u00bb24620&Prime; img_size=\u00a0\u00bbfull\u00a0\u00bb]LA FONCTION DE L&rsquo;OZONE. Dans les modernes proc\u00e9d\u00e9s de remplissage st\u00e9rile la source primaire de contamination est repr\u00e9sent\u00e9e par le contenant, qu&rsquo;il soit en mat\u00e9riel plastique ou en verre. Voil\u00e0 l&rsquo;importance de la st\u00e9rilisation des bouteilles. Puisque l&rsquo;ozone est le plus puissant des oxydants pouvant \u00eatre utilis\u00e9s dans le [&hellip;]<\/p>\n","protected":false},"author":9,"featured_media":0,"parent":0,"menu_order":0,"comment_status":"open","ping_status":"closed","template":"","meta":{"footnotes":""},"class_list":["post-26084","page","type-page","status-publish","hentry"],"yoast_head":"<!-- This site is optimized with the Yoast SEO plugin v27.5 - https:\/\/yoast.com\/product\/yoast-seo-wordpress\/ -->\n<title>Syst\u00e8mes de traitement | Promec<\/title>\n<meta name=\"description\" content=\"Section consacr\u00e9e aux syst\u00e8mes de traitement Promec. D\u00e9couvrez toutes les machines et lignes d&#039;embouteillage Promec.\" \/>\n<meta name=\"robots\" content=\"index, follow, max-snippet:-1, max-image-preview:large, max-video-preview:-1\" \/>\n<link rel=\"canonical\" href=\"https:\/\/www.promec-srl.com\/fr\/systemes-de-traitement\/\" \/>\n<meta property=\"og:locale\" content=\"fr_FR\" \/>\n<meta property=\"og:type\" content=\"article\" \/>\n<meta property=\"og:title\" content=\"Syst\u00e8mes de traitement | Promec\" \/>\n<meta property=\"og:description\" content=\"Section consacr\u00e9e aux syst\u00e8mes de traitement Promec. D\u00e9couvrez toutes les machines et lignes d&#039;embouteillage Promec.\" \/>\n<meta property=\"og:url\" content=\"https:\/\/www.promec-srl.com\/fr\/systemes-de-traitement\/\" \/>\n<meta property=\"og:site_name\" content=\"Promec\" \/>\n<meta property=\"article:modified_time\" content=\"2021-11-17T09:02:19+00:00\" \/>\n<meta name=\"twitter:card\" content=\"summary_large_image\" \/>\n<meta name=\"twitter:label1\" content=\"Dur\u00e9e de lecture estim\u00e9e\" \/>\n\t<meta name=\"twitter:data1\" content=\"2 minutes\" \/>\n<script type=\"application\/ld+json\" class=\"yoast-schema-graph\">{\"@context\":\"https:\\\/\\\/schema.org\",\"@graph\":[{\"@type\":\"WebPage\",\"@id\":\"https:\\\/\\\/www.promec-srl.com\\\/fr\\\/systemes-de-traitement\\\/\",\"url\":\"https:\\\/\\\/www.promec-srl.com\\\/fr\\\/systemes-de-traitement\\\/\",\"name\":\"Syst\u00e8mes de traitement | Promec\",\"isPartOf\":{\"@id\":\"https:\\\/\\\/www.promec-srl.com\\\/#website\"},\"datePublished\":\"2021-04-26T08:56:54+00:00\",\"dateModified\":\"2021-11-17T09:02:19+00:00\",\"description\":\"Section consacr\u00e9e aux syst\u00e8mes de traitement Promec. D\u00e9couvrez toutes les machines et lignes d'embouteillage Promec.\",\"breadcrumb\":{\"@id\":\"https:\\\/\\\/www.promec-srl.com\\\/fr\\\/systemes-de-traitement\\\/#breadcrumb\"},\"inLanguage\":\"fr-FR\",\"potentialAction\":[{\"@type\":\"ReadAction\",\"target\":[\"https:\\\/\\\/www.promec-srl.com\\\/fr\\\/systemes-de-traitement\\\/\"]}]},{\"@type\":\"BreadcrumbList\",\"@id\":\"https:\\\/\\\/www.promec-srl.com\\\/fr\\\/systemes-de-traitement\\\/#breadcrumb\",\"itemListElement\":[{\"@type\":\"ListItem\",\"position\":1,\"name\":\"Home\",\"item\":\"https:\\\/\\\/www.promec-srl.com\\\/fr\\\/\"},{\"@type\":\"ListItem\",\"position\":2,\"name\":\"Syst\u00e8mes de traitement\"}]},{\"@type\":\"WebSite\",\"@id\":\"https:\\\/\\\/www.promec-srl.com\\\/#website\",\"url\":\"https:\\\/\\\/www.promec-srl.com\\\/\",\"name\":\"Promec\",\"description\":\"IL PARTNER IDEALE PER LA REALIZZAZIONE DI IMPIANTI COMPLETI DI IMBOTTIGLIAMENTO\",\"potentialAction\":[{\"@type\":\"SearchAction\",\"target\":{\"@type\":\"EntryPoint\",\"urlTemplate\":\"https:\\\/\\\/www.promec-srl.com\\\/?s={search_term_string}\"},\"query-input\":{\"@type\":\"PropertyValueSpecification\",\"valueRequired\":true,\"valueName\":\"search_term_string\"}}],\"inLanguage\":\"fr-FR\"}]}<\/script>\n<!-- \/ Yoast SEO plugin. -->","yoast_head_json":{"title":"Syst\u00e8mes de traitement | Promec","description":"Section consacr\u00e9e aux syst\u00e8mes de traitement Promec. D\u00e9couvrez toutes les machines et lignes d'embouteillage Promec.","robots":{"index":"index","follow":"follow","max-snippet":"max-snippet:-1","max-image-preview":"max-image-preview:large","max-video-preview":"max-video-preview:-1"},"canonical":"https:\/\/www.promec-srl.com\/fr\/systemes-de-traitement\/","og_locale":"fr_FR","og_type":"article","og_title":"Syst\u00e8mes de traitement | Promec","og_description":"Section consacr\u00e9e aux syst\u00e8mes de traitement Promec. D\u00e9couvrez toutes les machines et lignes d'embouteillage Promec.","og_url":"https:\/\/www.promec-srl.com\/fr\/systemes-de-traitement\/","og_site_name":"Promec","article_modified_time":"2021-11-17T09:02:19+00:00","twitter_card":"summary_large_image","twitter_misc":{"Dur\u00e9e de lecture estim\u00e9e":"2 minutes"},"schema":{"@context":"https:\/\/schema.org","@graph":[{"@type":"WebPage","@id":"https:\/\/www.promec-srl.com\/fr\/systemes-de-traitement\/","url":"https:\/\/www.promec-srl.com\/fr\/systemes-de-traitement\/","name":"Syst\u00e8mes de traitement | Promec","isPartOf":{"@id":"https:\/\/www.promec-srl.com\/#website"},"datePublished":"2021-04-26T08:56:54+00:00","dateModified":"2021-11-17T09:02:19+00:00","description":"Section consacr\u00e9e aux syst\u00e8mes de traitement Promec. D\u00e9couvrez toutes les machines et lignes d'embouteillage Promec.","breadcrumb":{"@id":"https:\/\/www.promec-srl.com\/fr\/systemes-de-traitement\/#breadcrumb"},"inLanguage":"fr-FR","potentialAction":[{"@type":"ReadAction","target":["https:\/\/www.promec-srl.com\/fr\/systemes-de-traitement\/"]}]},{"@type":"BreadcrumbList","@id":"https:\/\/www.promec-srl.com\/fr\/systemes-de-traitement\/#breadcrumb","itemListElement":[{"@type":"ListItem","position":1,"name":"Home","item":"https:\/\/www.promec-srl.com\/fr\/"},{"@type":"ListItem","position":2,"name":"Syst\u00e8mes de traitement"}]},{"@type":"WebSite","@id":"https:\/\/www.promec-srl.com\/#website","url":"https:\/\/www.promec-srl.com\/","name":"Promec","description":"IL PARTNER IDEALE PER LA REALIZZAZIONE DI IMPIANTI COMPLETI DI IMBOTTIGLIAMENTO","potentialAction":[{"@type":"SearchAction","target":{"@type":"EntryPoint","urlTemplate":"https:\/\/www.promec-srl.com\/?s={search_term_string}"},"query-input":{"@type":"PropertyValueSpecification","valueRequired":true,"valueName":"search_term_string"}}],"inLanguage":"fr-FR"}]}},"_links":{"self":[{"href":"https:\/\/www.promec-srl.com\/fr\/wp-json\/wp\/v2\/pages\/26084","targetHints":{"allow":["GET"]}}],"collection":[{"href":"https:\/\/www.promec-srl.com\/fr\/wp-json\/wp\/v2\/pages"}],"about":[{"href":"https:\/\/www.promec-srl.com\/fr\/wp-json\/wp\/v2\/types\/page"}],"author":[{"embeddable":true,"href":"https:\/\/www.promec-srl.com\/fr\/wp-json\/wp\/v2\/users\/9"}],"replies":[{"embeddable":true,"href":"https:\/\/www.promec-srl.com\/fr\/wp-json\/wp\/v2\/comments?post=26084"}],"version-history":[{"count":0,"href":"https:\/\/www.promec-srl.com\/fr\/wp-json\/wp\/v2\/pages\/26084\/revisions"}],"wp:attachment":[{"href":"https:\/\/www.promec-srl.com\/fr\/wp-json\/wp\/v2\/media?parent=26084"}],"curies":[{"name":"wp","href":"https:\/\/api.w.org\/{rel}","templated":true}]}}