{"id":26087,"date":"2021-04-26T10:14:46","date_gmt":"2021-04-26T08:14:46","guid":{"rendered":"https:\/\/www.promec-srl.com\/sterilizzatrici\/"},"modified":"2021-11-17T10:06:31","modified_gmt":"2021-11-17T09:06:31","slug":"sterilisateurs","status":"publish","type":"page","link":"https:\/\/www.promec-srl.com\/fr\/sterilisateurs\/","title":{"rendered":"Sterilisateurs"},"content":{"rendered":"<section  class=\"bg-image-srcset cover-background\" style=\"background-image: url(https:\/\/www.promec-srl.com\/wp-content\/uploads\/2021\/04\/promec-header-12-1500x1000-1.jpg);\" data-bg-srcset=\"https:\/\/www.promec-srl.com\/wp-content\/uploads\/2021\/04\/promec-header-12-1500x1000-1.jpg 1500w, https:\/\/www.promec-srl.com\/wp-content\/uploads\/2021\/04\/promec-header-12-1500x1000-1-300x200.jpg 300w, https:\/\/www.promec-srl.com\/wp-content\/uploads\/2021\/04\/promec-header-12-1500x1000-1-1024x683.jpg 1024w, https:\/\/www.promec-srl.com\/wp-content\/uploads\/2021\/04\/promec-header-12-1500x1000-1-768x512.jpg 768w, https:\/\/www.promec-srl.com\/wp-content\/uploads\/2021\/04\/promec-header-12-1500x1000-1-81x54.jpg 81w\"><div class=\"selection-overlay\" style=\"opacity:0.8;background-color:#005292;\"><\/div><div class=\"container\"><div class=\"row\"><div class=\"wpb_column hcode-column-container center-col text-center vc_col-sm-8 vc_col-md-6 col-xs-mobile-fullwidth\" data-front-class=\"center-col text-center col-xs-mobile-fullwidth\"><div class=\"vc-column-innner-wrapper\"><p class=\"title-large text-uppercase letter-spacing-1 black-text font-weight-600\"  style=\"color:#ffffff !important\">STERILISATEURS<\/p><\/div><\/div><\/div><\/div><\/section><section><div class=\"wpb_column hcode-column-container  vc_custom_1568626106247 vc_col-sm-12 col-xs-mobile-fullwidth\" data-front-class=\" vc_custom_1568626106247 col-xs-mobile-fullwidth\"><div class=\"vc-column-innner-wrapper\"><div class=\"col-md-12 text-center\"><div class=\"text-center\"><ul  class=\"portfolio-filter nav nav-tabs  hcode-portfolio-filter-1\"><li class=\"nav  active \"><a href=\"#\"  class=\"\" data-uniqueid=\"hcode-portfolio-1\" data-filter=\"*\" data-id=\"\">All<\/a><\/li><li class=\"nav \">\n                                    <a href=\"#\"  class=\"\" data-uniqueid=\"hcode-portfolio-1\" data-filter=\".portfolio-filter-213\" data-trigger-id=\"sterilizzatrici-acido-peracetico-fr\" data-id=\"\">St\u00e9rilisateur avec acide perac\u00e9tique<\/a>\n                                <\/li><li class=\"nav \">\n                                    <a href=\"#\"  class=\"\" data-uniqueid=\"hcode-portfolio-1\" data-filter=\".portfolio-filter-214\" data-trigger-id=\"sterilizzatrici-acqua-ossigenata-fr\" data-id=\"\">St\u00e9rilisateur rotative avec peroxyde d\u2019hydrog\u00e8ne<\/a>\n                                <\/li><\/ul><\/div><\/div><div  class=\"work-4col gutter work-with-title \"><div class=\"col-md-12  grid-gallery overflow-hidden  content-section\"><div class=\"tab-content portfolio-infinite-scroll-pagination\"><ul class=\"grid masonry-items masonry-portfolio-grid   hcode-portfolio-1\" data-portfolio=\"\" data-uniqueid=\"hcode-portfolio-1\"><li class=\"portfolio-filter-213 \"><figure><div class=\"gallery-img\"><a href=\"https:\/\/www.promec-srl.com\/fr\/prodotti\/evolution-hv\/\"><img fetchpriority=\"high\" decoding=\"async\" width=\"1500\" height=\"1000\" src=\"https:\/\/www.promec-srl.com\/wp-content\/uploads\/2021\/05\/Evolution-hv-scontornato.jpg\" class=\"hcode-portfolio-img wp-post-image\" alt=\"\" srcset=\"https:\/\/www.promec-srl.com\/wp-content\/uploads\/2021\/05\/Evolution-hv-scontornato.jpg 1500w, https:\/\/www.promec-srl.com\/wp-content\/uploads\/2021\/05\/Evolution-hv-scontornato-300x200.jpg 300w, https:\/\/www.promec-srl.com\/wp-content\/uploads\/2021\/05\/Evolution-hv-scontornato-1024x683.jpg 1024w, https:\/\/www.promec-srl.com\/wp-content\/uploads\/2021\/05\/Evolution-hv-scontornato-768x512.jpg 768w, https:\/\/www.promec-srl.com\/wp-content\/uploads\/2021\/05\/Evolution-hv-scontornato-81x54.jpg 81w\" sizes=\"(max-width: 1500px) 100vw, 1500px\" \/><\/a><\/div><figcaption><h3 class=\"\"><a href=\"https:\/\/www.promec-srl.com\/fr\/prodotti\/evolution-hv\/\">Evolution<\/a><\/h3><\/figcaption><\/figure><\/li><li class=\"portfolio-filter-213 \"><figure><div class=\"gallery-img\"><a href=\"https:\/\/www.promec-srl.com\/fr\/prodotti\/evolution-twin-hf\/\"><img decoding=\"async\" width=\"1500\" height=\"1000\" src=\"https:\/\/www.promec-srl.com\/wp-content\/uploads\/2021\/04\/XP1R1043-EVOL-TWIN_1500x1000.jpg\" class=\"hcode-portfolio-img wp-post-image\" alt=\"\" srcset=\"https:\/\/www.promec-srl.com\/wp-content\/uploads\/2021\/04\/XP1R1043-EVOL-TWIN_1500x1000.jpg 1500w, https:\/\/www.promec-srl.com\/wp-content\/uploads\/2021\/04\/XP1R1043-EVOL-TWIN_1500x1000-300x200.jpg 300w, https:\/\/www.promec-srl.com\/wp-content\/uploads\/2021\/04\/XP1R1043-EVOL-TWIN_1500x1000-1024x683.jpg 1024w, https:\/\/www.promec-srl.com\/wp-content\/uploads\/2021\/04\/XP1R1043-EVOL-TWIN_1500x1000-768x512.jpg 768w, https:\/\/www.promec-srl.com\/wp-content\/uploads\/2021\/04\/XP1R1043-EVOL-TWIN_1500x1000-81x54.jpg 81w\" sizes=\"(max-width: 1500px) 100vw, 1500px\" \/><\/a><\/div><figcaption><h3 class=\"\"><a href=\"https:\/\/www.promec-srl.com\/fr\/prodotti\/evolution-twin-hf\/\">Evolution Twin<\/a><\/h3><\/figcaption><\/figure><\/li><li class=\"portfolio-filter-214 \"><figure><div class=\"gallery-img\"><a href=\"https:\/\/www.promec-srl.com\/fr\/prodotti\/steril-ev\/\"><img decoding=\"async\" width=\"1500\" height=\"1000\" src=\"https:\/\/www.promec-srl.com\/wp-content\/uploads\/2021\/04\/STERIL-EV_sc_1500x1000.jpg\" class=\"hcode-portfolio-img wp-post-image\" alt=\"\" srcset=\"https:\/\/www.promec-srl.com\/wp-content\/uploads\/2021\/04\/STERIL-EV_sc_1500x1000.jpg 1500w, https:\/\/www.promec-srl.com\/wp-content\/uploads\/2021\/04\/STERIL-EV_sc_1500x1000-300x200.jpg 300w, https:\/\/www.promec-srl.com\/wp-content\/uploads\/2021\/04\/STERIL-EV_sc_1500x1000-1024x683.jpg 1024w, https:\/\/www.promec-srl.com\/wp-content\/uploads\/2021\/04\/STERIL-EV_sc_1500x1000-768x512.jpg 768w, https:\/\/www.promec-srl.com\/wp-content\/uploads\/2021\/04\/STERIL-EV_sc_1500x1000-81x54.jpg 81w\" sizes=\"(max-width: 1500px) 100vw, 1500px\" \/><\/a><\/div><figcaption><h3 class=\"\"><a href=\"https:\/\/www.promec-srl.com\/fr\/prodotti\/steril-ev\/\">Steril EV<\/a><\/h3><\/figcaption><\/figure><\/li><li class=\"portfolio-filter-214 \"><figure><div class=\"gallery-img\"><a href=\"https:\/\/www.promec-srl.com\/fr\/prodotti\/rotoax-ecs\/\"><img loading=\"lazy\" decoding=\"async\" width=\"1500\" height=\"1000\" src=\"https:\/\/www.promec-srl.com\/wp-content\/uploads\/2021\/04\/XP1R0182_1500x1000.jpg\" class=\"hcode-portfolio-img wp-post-image\" alt=\"\" srcset=\"https:\/\/www.promec-srl.com\/wp-content\/uploads\/2021\/04\/XP1R0182_1500x1000.jpg 1500w, https:\/\/www.promec-srl.com\/wp-content\/uploads\/2021\/04\/XP1R0182_1500x1000-300x200.jpg 300w, https:\/\/www.promec-srl.com\/wp-content\/uploads\/2021\/04\/XP1R0182_1500x1000-1024x683.jpg 1024w, https:\/\/www.promec-srl.com\/wp-content\/uploads\/2021\/04\/XP1R0182_1500x1000-768x512.jpg 768w, https:\/\/www.promec-srl.com\/wp-content\/uploads\/2021\/04\/XP1R0182_1500x1000-81x54.jpg 81w\" sizes=\"(max-width: 1500px) 100vw, 1500px\" \/><\/a><\/div><figcaption><h3 class=\"\"><a href=\"https:\/\/www.promec-srl.com\/fr\/prodotti\/rotoax-ecs\/\">Rotoax ECS<\/a><\/h3><\/figcaption><\/figure><\/li><\/ul><\/div><\/div><\/div><\/div><\/div><\/section>","protected":false},"excerpt":{"rendered":"<p>[vc_single_image image=\u00a0\u00bb22253&Prime; img_size=\u00a0\u00bb1500&#215;700&Prime;]Ce st\u00e9rilisateur de type rotatif est id\u00e9al pour st\u00e9riliser n\u2019importe quel type de conteneur (y compris les r\u00e9cipients) avec de l\u2019eau oxyg\u00e9n\u00e9e (H2 O2) \u00e0 l\u2019\u00e9tat liquide ou gazeux. Durant la premi\u00e8re phase, de l\u2019air chaud \u00e0 une temp\u00e9rature d\u2019environ 100-110\u00b0C est inject\u00e9 de fa\u00e7on \u00e0 pr\u00e9chauffer le r\u00e9cipient. Durant la deuxi\u00e8me phase, [&hellip;]<\/p>\n","protected":false},"author":9,"featured_media":0,"parent":0,"menu_order":0,"comment_status":"open","ping_status":"closed","template":"","meta":{"footnotes":""},"class_list":["post-26087","page","type-page","status-publish","hentry"],"yoast_head":"<!-- This site is optimized with the Yoast SEO plugin v27.5 - https:\/\/yoast.com\/product\/yoast-seo-wordpress\/ -->\n<title>Sterilisateurs | Promec<\/title>\n<meta name=\"description\" content=\"Section consacr\u00e9e aux machines de st\u00e9rilisation Promec. D\u00e9couvrez toutes les machines et lignes d&#039;embouteillage Promec.\" \/>\n<meta name=\"robots\" content=\"index, follow, max-snippet:-1, max-image-preview:large, max-video-preview:-1\" \/>\n<link rel=\"canonical\" href=\"https:\/\/www.promec-srl.com\/fr\/sterilisateurs\/\" \/>\n<meta property=\"og:locale\" content=\"fr_FR\" \/>\n<meta property=\"og:type\" content=\"article\" \/>\n<meta property=\"og:title\" content=\"Sterilisateurs | Promec\" \/>\n<meta property=\"og:description\" content=\"Section consacr\u00e9e aux machines de st\u00e9rilisation Promec. D\u00e9couvrez toutes les machines et lignes d&#039;embouteillage Promec.\" \/>\n<meta property=\"og:url\" content=\"https:\/\/www.promec-srl.com\/fr\/sterilisateurs\/\" \/>\n<meta property=\"og:site_name\" content=\"Promec\" \/>\n<meta property=\"article:modified_time\" content=\"2021-11-17T09:06:31+00:00\" \/>\n<meta name=\"twitter:card\" content=\"summary_large_image\" \/>\n<meta name=\"twitter:label1\" content=\"Dur\u00e9e de lecture estim\u00e9e\" \/>\n\t<meta name=\"twitter:data1\" content=\"2 minutes\" \/>\n<script type=\"application\/ld+json\" class=\"yoast-schema-graph\">{\"@context\":\"https:\\\/\\\/schema.org\",\"@graph\":[{\"@type\":\"WebPage\",\"@id\":\"https:\\\/\\\/www.promec-srl.com\\\/fr\\\/sterilisateurs\\\/\",\"url\":\"https:\\\/\\\/www.promec-srl.com\\\/fr\\\/sterilisateurs\\\/\",\"name\":\"Sterilisateurs | Promec\",\"isPartOf\":{\"@id\":\"https:\\\/\\\/www.promec-srl.com\\\/#website\"},\"datePublished\":\"2021-04-26T08:14:46+00:00\",\"dateModified\":\"2021-11-17T09:06:31+00:00\",\"description\":\"Section consacr\u00e9e aux machines de st\u00e9rilisation Promec. D\u00e9couvrez toutes les machines et lignes d'embouteillage Promec.\",\"breadcrumb\":{\"@id\":\"https:\\\/\\\/www.promec-srl.com\\\/fr\\\/sterilisateurs\\\/#breadcrumb\"},\"inLanguage\":\"fr-FR\",\"potentialAction\":[{\"@type\":\"ReadAction\",\"target\":[\"https:\\\/\\\/www.promec-srl.com\\\/fr\\\/sterilisateurs\\\/\"]}]},{\"@type\":\"BreadcrumbList\",\"@id\":\"https:\\\/\\\/www.promec-srl.com\\\/fr\\\/sterilisateurs\\\/#breadcrumb\",\"itemListElement\":[{\"@type\":\"ListItem\",\"position\":1,\"name\":\"Home\",\"item\":\"https:\\\/\\\/www.promec-srl.com\\\/fr\\\/\"},{\"@type\":\"ListItem\",\"position\":2,\"name\":\"Sterilisateurs\"}]},{\"@type\":\"WebSite\",\"@id\":\"https:\\\/\\\/www.promec-srl.com\\\/#website\",\"url\":\"https:\\\/\\\/www.promec-srl.com\\\/\",\"name\":\"Promec\",\"description\":\"IL PARTNER IDEALE PER LA REALIZZAZIONE DI IMPIANTI COMPLETI DI IMBOTTIGLIAMENTO\",\"potentialAction\":[{\"@type\":\"SearchAction\",\"target\":{\"@type\":\"EntryPoint\",\"urlTemplate\":\"https:\\\/\\\/www.promec-srl.com\\\/?s={search_term_string}\"},\"query-input\":{\"@type\":\"PropertyValueSpecification\",\"valueRequired\":true,\"valueName\":\"search_term_string\"}}],\"inLanguage\":\"fr-FR\"}]}<\/script>\n<!-- \/ Yoast SEO plugin. -->","yoast_head_json":{"title":"Sterilisateurs | Promec","description":"Section consacr\u00e9e aux machines de st\u00e9rilisation Promec. D\u00e9couvrez toutes les machines et lignes d'embouteillage Promec.","robots":{"index":"index","follow":"follow","max-snippet":"max-snippet:-1","max-image-preview":"max-image-preview:large","max-video-preview":"max-video-preview:-1"},"canonical":"https:\/\/www.promec-srl.com\/fr\/sterilisateurs\/","og_locale":"fr_FR","og_type":"article","og_title":"Sterilisateurs | Promec","og_description":"Section consacr\u00e9e aux machines de st\u00e9rilisation Promec. D\u00e9couvrez toutes les machines et lignes d'embouteillage Promec.","og_url":"https:\/\/www.promec-srl.com\/fr\/sterilisateurs\/","og_site_name":"Promec","article_modified_time":"2021-11-17T09:06:31+00:00","twitter_card":"summary_large_image","twitter_misc":{"Dur\u00e9e de lecture estim\u00e9e":"2 minutes"},"schema":{"@context":"https:\/\/schema.org","@graph":[{"@type":"WebPage","@id":"https:\/\/www.promec-srl.com\/fr\/sterilisateurs\/","url":"https:\/\/www.promec-srl.com\/fr\/sterilisateurs\/","name":"Sterilisateurs | Promec","isPartOf":{"@id":"https:\/\/www.promec-srl.com\/#website"},"datePublished":"2021-04-26T08:14:46+00:00","dateModified":"2021-11-17T09:06:31+00:00","description":"Section consacr\u00e9e aux machines de st\u00e9rilisation Promec. D\u00e9couvrez toutes les machines et lignes d'embouteillage Promec.","breadcrumb":{"@id":"https:\/\/www.promec-srl.com\/fr\/sterilisateurs\/#breadcrumb"},"inLanguage":"fr-FR","potentialAction":[{"@type":"ReadAction","target":["https:\/\/www.promec-srl.com\/fr\/sterilisateurs\/"]}]},{"@type":"BreadcrumbList","@id":"https:\/\/www.promec-srl.com\/fr\/sterilisateurs\/#breadcrumb","itemListElement":[{"@type":"ListItem","position":1,"name":"Home","item":"https:\/\/www.promec-srl.com\/fr\/"},{"@type":"ListItem","position":2,"name":"Sterilisateurs"}]},{"@type":"WebSite","@id":"https:\/\/www.promec-srl.com\/#website","url":"https:\/\/www.promec-srl.com\/","name":"Promec","description":"IL PARTNER IDEALE PER LA REALIZZAZIONE DI IMPIANTI COMPLETI DI IMBOTTIGLIAMENTO","potentialAction":[{"@type":"SearchAction","target":{"@type":"EntryPoint","urlTemplate":"https:\/\/www.promec-srl.com\/?s={search_term_string}"},"query-input":{"@type":"PropertyValueSpecification","valueRequired":true,"valueName":"search_term_string"}}],"inLanguage":"fr-FR"}]}},"_links":{"self":[{"href":"https:\/\/www.promec-srl.com\/fr\/wp-json\/wp\/v2\/pages\/26087","targetHints":{"allow":["GET"]}}],"collection":[{"href":"https:\/\/www.promec-srl.com\/fr\/wp-json\/wp\/v2\/pages"}],"about":[{"href":"https:\/\/www.promec-srl.com\/fr\/wp-json\/wp\/v2\/types\/page"}],"author":[{"embeddable":true,"href":"https:\/\/www.promec-srl.com\/fr\/wp-json\/wp\/v2\/users\/9"}],"replies":[{"embeddable":true,"href":"https:\/\/www.promec-srl.com\/fr\/wp-json\/wp\/v2\/comments?post=26087"}],"version-history":[{"count":0,"href":"https:\/\/www.promec-srl.com\/fr\/wp-json\/wp\/v2\/pages\/26087\/revisions"}],"wp:attachment":[{"href":"https:\/\/www.promec-srl.com\/fr\/wp-json\/wp\/v2\/media?parent=26087"}],"curies":[{"name":"wp","href":"https:\/\/api.w.org\/{rel}","templated":true}]}}