{"id":26719,"date":"2025-06-13T09:48:02","date_gmt":"2025-06-13T07:48:02","guid":{"rendered":"https:\/\/www.promec-srl.com\/?page_id=26719"},"modified":"2025-06-13T12:22:17","modified_gmt":"2025-06-13T10:22:17","slug":"machines-de-remplissage-de-boites","status":"publish","type":"page","link":"https:\/\/www.promec-srl.com\/fr\/machines-de-remplissage-de-boites\/","title":{"rendered":"Machines de remplissage de bo\u00eetes"},"content":{"rendered":"<section class=\"bg-image-srcset cover-background\" style=\"background-image: url(https:\/\/www.promec-srl.com\/wp-content\/uploads\/2021\/04\/promec-header-8-1500x1000-1.jpg);\" data-bg-srcset=\"https:\/\/www.promec-srl.com\/wp-content\/uploads\/2021\/04\/promec-header-8-1500x1000-1.jpg 1500w, https:\/\/www.promec-srl.com\/wp-content\/uploads\/2021\/04\/promec-header-8-1500x1000-1-300x200.jpg 300w, https:\/\/www.promec-srl.com\/wp-content\/uploads\/2021\/04\/promec-header-8-1500x1000-1-1024x683.jpg 1024w, https:\/\/www.promec-srl.com\/wp-content\/uploads\/2021\/04\/promec-header-8-1500x1000-1-768x512.jpg 768w, https:\/\/www.promec-srl.com\/wp-content\/uploads\/2021\/04\/promec-header-8-1500x1000-1-81x54.jpg 81w\"><div class=\"selection-overlay\" style=\"opacity:0.8;background-color:#005292;\"><\/div><div class=\"container\"><div class=\"row\"><div class=\"wpb_column hcode-column-container center-col text-center vc_col-sm-8 vc_col-md-6 col-xs-mobile-fullwidth\" data-front-class=\"center-col text-center col-xs-mobile-fullwidth\"><div class=\"vc-column-innner-wrapper\"><p class=\"title-large text-uppercase letter-spacing-1 black-text font-weight-600\"  style=\"color:#ffffff !important\">MACHINES DE REMPLISSAGE DE BO\u00ceTES<\/p><\/div><\/div><\/div><\/div><\/section><section class=\" vc_custom_1626260478749\"><div class=\"wpb_column hcode-column-container  vc_custom_1568626106247 vc_col-sm-12 col-xs-mobile-fullwidth\" data-front-class=\" vc_custom_1568626106247 col-xs-mobile-fullwidth\"><div class=\"vc-column-innner-wrapper\"><div  class=\"work-4col gutter work-with-title \"><div class=\"col-md-12  grid-gallery overflow-hidden  content-section\"><div class=\"tab-content portfolio-infinite-scroll-pagination\"><ul class=\"grid masonry-items masonry-portfolio-grid   hcode-portfolio-1\" data-portfolio=\"\" data-uniqueid=\"hcode-portfolio-1\"><li class=\"portfolio-filter-249 \"><figure><div class=\"gallery-img\"><a href=\"https:\/\/www.promec-srl.com\/fr\/prodotti\/can-jet-ep\/\"><img fetchpriority=\"high\" decoding=\"async\" width=\"1500\" height=\"983\" src=\"https:\/\/www.promec-srl.com\/wp-content\/uploads\/2026\/03\/Can-Jet-Copertina.jpg\" class=\"hcode-portfolio-img wp-post-image\" alt=\"\" srcset=\"https:\/\/www.promec-srl.com\/wp-content\/uploads\/2026\/03\/Can-Jet-Copertina.jpg 1500w, https:\/\/www.promec-srl.com\/wp-content\/uploads\/2026\/03\/Can-Jet-Copertina-300x197.jpg 300w, https:\/\/www.promec-srl.com\/wp-content\/uploads\/2026\/03\/Can-Jet-Copertina-1024x671.jpg 1024w, https:\/\/www.promec-srl.com\/wp-content\/uploads\/2026\/03\/Can-Jet-Copertina-768x503.jpg 768w, https:\/\/www.promec-srl.com\/wp-content\/uploads\/2026\/03\/Can-Jet-Copertina-81x53.jpg 81w\" sizes=\"(max-width: 1500px) 100vw, 1500px\" \/><\/a><\/div><figcaption><h3 class=\"\"><a href=\"https:\/\/www.promec-srl.com\/fr\/prodotti\/can-jet-ep\/\">Can Jet EP<\/a><\/h3><\/figcaption><\/figure><\/li><\/ul><\/div><\/div><\/div>[vc_separator]<\/div><\/div><\/section>\n","protected":false},"excerpt":{"rendered":"<p>[vc_single_image image=\u00a0\u00bb27401&Prime; img_size=\u00a0\u00bbfull\u00a0\u00bb css=\u00a0\u00bb\u00a0\u00bb][vc_single_image image=\u00a0\u00bb27399&Prime; img_size=\u00a0\u00bbfull\u00a0\u00bb alignment=\u00a0\u00bbcenter\u00a0\u00bb css=\u00a0\u00bb\u00a0\u00bb][vc_empty_space]CAN JET EP REMPLISSEUSE VOLUM\u00c9TRIQUE \u00c9LECTROPNEUMATIQUE POUR BO\u00ceTES DE CONSERVE La canette entre dans la remplisseuse et est positionn\u00e9e sous la vanne de remplissage dont la partie terminale mobile s\u2019abaisse pneumatiquement sur la canette, \u00e9liminant ainsi le v\u00e9rin typique des remplisseuses de bouteilles. Gr\u00e2ce \u00e0 une chambre \u00e0 [&hellip;]<\/p>\n","protected":false},"author":9,"featured_media":0,"parent":0,"menu_order":0,"comment_status":"closed","ping_status":"closed","template":"","meta":{"footnotes":""},"class_list":["post-26719","page","type-page","status-publish","hentry"],"yoast_head":"<!-- This site is optimized with the Yoast SEO plugin v27.6 - https:\/\/yoast.com\/product\/yoast-seo-wordpress\/ -->\n<title>Machines de remplissage de bo\u00eetes - Promec<\/title>\n<meta name=\"robots\" content=\"index, follow, max-snippet:-1, max-image-preview:large, max-video-preview:-1\" \/>\n<link rel=\"canonical\" href=\"https:\/\/www.promec-srl.com\/riempitrici-per-lattine\/\" \/>\n<meta property=\"og:locale\" content=\"fr_FR\" \/>\n<meta property=\"og:type\" content=\"article\" \/>\n<meta property=\"og:title\" content=\"Machines de remplissage de bo\u00eetes - Promec\" \/>\n<meta property=\"og:description\" content=\"[vc_single_image image=&quot;27401&quot; img_size=&quot;full&quot; css=&quot;&quot;][vc_single_image image=&quot;27399&quot; img_size=&quot;full&quot; alignment=&quot;center&quot; css=&quot;&quot;][vc_empty_space]CAN JET EP REMPLISSEUSE VOLUM\u00c9TRIQUE \u00c9LECTROPNEUMATIQUE POUR BO\u00ceTES DE CONSERVE La canette entre dans la remplisseuse et est positionn\u00e9e sous la vanne de remplissage dont la partie terminale mobile s\u2019abaisse pneumatiquement sur la canette, \u00e9liminant ainsi le v\u00e9rin typique des remplisseuses de bouteilles. Gr\u00e2ce \u00e0 une chambre \u00e0 [&hellip;]\" \/>\n<meta property=\"og:url\" content=\"https:\/\/www.promec-srl.com\/riempitrici-per-lattine\/\" \/>\n<meta property=\"og:site_name\" content=\"Promec\" \/>\n<meta property=\"article:modified_time\" content=\"2025-06-13T10:22:17+00:00\" \/>\n<meta name=\"twitter:card\" content=\"summary_large_image\" \/>\n<meta name=\"twitter:label1\" content=\"Dur\u00e9e de lecture estim\u00e9e\" \/>\n\t<meta name=\"twitter:data1\" content=\"4 minutes\" \/>\n<script type=\"application\/ld+json\" class=\"yoast-schema-graph\">{\"@context\":\"https:\\\/\\\/schema.org\",\"@graph\":[{\"@type\":\"WebPage\",\"@id\":\"https:\\\/\\\/www.promec-srl.com\\\/riempitrici-per-lattine\\\/\",\"url\":\"https:\\\/\\\/www.promec-srl.com\\\/riempitrici-per-lattine\\\/\",\"name\":\"Machines de remplissage de bo\u00eetes - Promec\",\"isPartOf\":{\"@id\":\"https:\\\/\\\/www.promec-srl.com\\\/#website\"},\"datePublished\":\"2025-06-13T07:48:02+00:00\",\"dateModified\":\"2025-06-13T10:22:17+00:00\",\"breadcrumb\":{\"@id\":\"https:\\\/\\\/www.promec-srl.com\\\/riempitrici-per-lattine\\\/#breadcrumb\"},\"inLanguage\":\"fr-FR\",\"potentialAction\":[{\"@type\":\"ReadAction\",\"target\":[\"https:\\\/\\\/www.promec-srl.com\\\/riempitrici-per-lattine\\\/\"]}]},{\"@type\":\"BreadcrumbList\",\"@id\":\"https:\\\/\\\/www.promec-srl.com\\\/riempitrici-per-lattine\\\/#breadcrumb\",\"itemListElement\":[{\"@type\":\"ListItem\",\"position\":1,\"name\":\"Home\",\"item\":\"https:\\\/\\\/www.promec-srl.com\\\/fr\\\/\"},{\"@type\":\"ListItem\",\"position\":2,\"name\":\"Machines de remplissage de bo\u00eetes\"}]},{\"@type\":\"WebSite\",\"@id\":\"https:\\\/\\\/www.promec-srl.com\\\/#website\",\"url\":\"https:\\\/\\\/www.promec-srl.com\\\/\",\"name\":\"Promec\",\"description\":\"IL PARTNER IDEALE PER LA REALIZZAZIONE DI IMPIANTI COMPLETI DI IMBOTTIGLIAMENTO\",\"potentialAction\":[{\"@type\":\"SearchAction\",\"target\":{\"@type\":\"EntryPoint\",\"urlTemplate\":\"https:\\\/\\\/www.promec-srl.com\\\/?s={search_term_string}\"},\"query-input\":{\"@type\":\"PropertyValueSpecification\",\"valueRequired\":true,\"valueName\":\"search_term_string\"}}],\"inLanguage\":\"fr-FR\"}]}<\/script>\n<!-- \/ Yoast SEO plugin. -->","yoast_head_json":{"title":"Machines de remplissage de bo\u00eetes - Promec","robots":{"index":"index","follow":"follow","max-snippet":"max-snippet:-1","max-image-preview":"max-image-preview:large","max-video-preview":"max-video-preview:-1"},"canonical":"https:\/\/www.promec-srl.com\/riempitrici-per-lattine\/","og_locale":"fr_FR","og_type":"article","og_title":"Machines de remplissage de bo\u00eetes - Promec","og_description":"[vc_single_image image=\"27401\" img_size=\"full\" css=\"\"][vc_single_image image=\"27399\" img_size=\"full\" alignment=\"center\" css=\"\"][vc_empty_space]CAN JET EP REMPLISSEUSE VOLUM\u00c9TRIQUE \u00c9LECTROPNEUMATIQUE POUR BO\u00ceTES DE CONSERVE La canette entre dans la remplisseuse et est positionn\u00e9e sous la vanne de remplissage dont la partie terminale mobile s\u2019abaisse pneumatiquement sur la canette, \u00e9liminant ainsi le v\u00e9rin typique des remplisseuses de bouteilles. Gr\u00e2ce \u00e0 une chambre \u00e0 [&hellip;]","og_url":"https:\/\/www.promec-srl.com\/riempitrici-per-lattine\/","og_site_name":"Promec","article_modified_time":"2025-06-13T10:22:17+00:00","twitter_card":"summary_large_image","twitter_misc":{"Dur\u00e9e de lecture estim\u00e9e":"4 minutes"},"schema":{"@context":"https:\/\/schema.org","@graph":[{"@type":"WebPage","@id":"https:\/\/www.promec-srl.com\/riempitrici-per-lattine\/","url":"https:\/\/www.promec-srl.com\/riempitrici-per-lattine\/","name":"Machines de remplissage de bo\u00eetes - Promec","isPartOf":{"@id":"https:\/\/www.promec-srl.com\/#website"},"datePublished":"2025-06-13T07:48:02+00:00","dateModified":"2025-06-13T10:22:17+00:00","breadcrumb":{"@id":"https:\/\/www.promec-srl.com\/riempitrici-per-lattine\/#breadcrumb"},"inLanguage":"fr-FR","potentialAction":[{"@type":"ReadAction","target":["https:\/\/www.promec-srl.com\/riempitrici-per-lattine\/"]}]},{"@type":"BreadcrumbList","@id":"https:\/\/www.promec-srl.com\/riempitrici-per-lattine\/#breadcrumb","itemListElement":[{"@type":"ListItem","position":1,"name":"Home","item":"https:\/\/www.promec-srl.com\/fr\/"},{"@type":"ListItem","position":2,"name":"Machines de remplissage de bo\u00eetes"}]},{"@type":"WebSite","@id":"https:\/\/www.promec-srl.com\/#website","url":"https:\/\/www.promec-srl.com\/","name":"Promec","description":"IL PARTNER IDEALE PER LA REALIZZAZIONE DI IMPIANTI COMPLETI DI IMBOTTIGLIAMENTO","potentialAction":[{"@type":"SearchAction","target":{"@type":"EntryPoint","urlTemplate":"https:\/\/www.promec-srl.com\/?s={search_term_string}"},"query-input":{"@type":"PropertyValueSpecification","valueRequired":true,"valueName":"search_term_string"}}],"inLanguage":"fr-FR"}]}},"_links":{"self":[{"href":"https:\/\/www.promec-srl.com\/fr\/wp-json\/wp\/v2\/pages\/26719","targetHints":{"allow":["GET"]}}],"collection":[{"href":"https:\/\/www.promec-srl.com\/fr\/wp-json\/wp\/v2\/pages"}],"about":[{"href":"https:\/\/www.promec-srl.com\/fr\/wp-json\/wp\/v2\/types\/page"}],"author":[{"embeddable":true,"href":"https:\/\/www.promec-srl.com\/fr\/wp-json\/wp\/v2\/users\/9"}],"replies":[{"embeddable":true,"href":"https:\/\/www.promec-srl.com\/fr\/wp-json\/wp\/v2\/comments?post=26719"}],"version-history":[{"count":0,"href":"https:\/\/www.promec-srl.com\/fr\/wp-json\/wp\/v2\/pages\/26719\/revisions"}],"wp:attachment":[{"href":"https:\/\/www.promec-srl.com\/fr\/wp-json\/wp\/v2\/media?parent=26719"}],"curies":[{"name":"wp","href":"https:\/\/api.w.org\/{rel}","templated":true}]}}