{"id":27464,"date":"2026-05-12T12:29:59","date_gmt":"2026-05-12T10:29:59","guid":{"rendered":"https:\/\/www.promec-srl.com\/combiblocco\/"},"modified":"2026-05-12T12:43:26","modified_gmt":"2026-05-12T10:43:26","slug":"bloc-combine","status":"publish","type":"page","link":"https:\/\/www.promec-srl.com\/fr\/bloc-combine\/","title":{"rendered":"Bloc Combin\u00e9"},"content":{"rendered":"<section  class=\"bg-image-srcset cover-background\" style=\"background-image: url(https:\/\/www.promec-srl.com\/wp-content\/uploads\/2021\/04\/promec-header-8-1500x1000-1.jpg);\" data-bg-srcset=\"https:\/\/www.promec-srl.com\/wp-content\/uploads\/2021\/04\/promec-header-8-1500x1000-1.jpg 1500w, https:\/\/www.promec-srl.com\/wp-content\/uploads\/2021\/04\/promec-header-8-1500x1000-1-300x200.jpg 300w, https:\/\/www.promec-srl.com\/wp-content\/uploads\/2021\/04\/promec-header-8-1500x1000-1-1024x683.jpg 1024w, https:\/\/www.promec-srl.com\/wp-content\/uploads\/2021\/04\/promec-header-8-1500x1000-1-768x512.jpg 768w, https:\/\/www.promec-srl.com\/wp-content\/uploads\/2021\/04\/promec-header-8-1500x1000-1-81x54.jpg 81w\"><div class=\"selection-overlay\" style=\"opacity:0.8;background-color:#005292;\"><\/div><div class=\"wpb_column hcode-column-container center-col text-center vc_col-sm-8 vc_col-md-6 col-xs-mobile-fullwidth\" data-front-class=\"center-col text-center col-xs-mobile-fullwidth\"><div class=\"vc-column-innner-wrapper\"><p class=\"title-large text-uppercase letter-spacing-1 black-text font-weight-600\"  style=\"color:#ffffff !important\">BLOC COMBIN\u00c9<\/p><\/div><\/div><\/section><section class=\" vc_custom_1626260478749\"><div class=\"wpb_column hcode-column-container  vc_custom_1568626106247 vc_col-sm-12 col-xs-mobile-fullwidth\" data-front-class=\" vc_custom_1568626106247 col-xs-mobile-fullwidth\"><div class=\"vc-column-innner-wrapper\"><div  class=\"work-4col gutter work-with-title \"><div class=\"col-md-12  grid-gallery overflow-hidden  content-section\"><div class=\"tab-content portfolio-infinite-scroll-pagination\"><ul class=\"grid masonry-items masonry-portfolio-grid   hcode-portfolio-1\" data-portfolio=\"\" data-uniqueid=\"hcode-portfolio-1\"><li class=\"portfolio-filter-255 \"><figure><div class=\"gallery-img\"><a href=\"https:\/\/www.promec-srl.com\/fr\/prodotti\/sincrojet\/\"><img fetchpriority=\"high\" decoding=\"async\" width=\"1500\" height=\"983\" src=\"https:\/\/www.promec-srl.com\/wp-content\/uploads\/2026\/05\/Sincrojet-Header-1500x983_01.jpg\" class=\"hcode-portfolio-img wp-post-image\" alt=\"\" srcset=\"https:\/\/www.promec-srl.com\/wp-content\/uploads\/2026\/05\/Sincrojet-Header-1500x983_01.jpg 1500w, https:\/\/www.promec-srl.com\/wp-content\/uploads\/2026\/05\/Sincrojet-Header-1500x983_01-300x197.jpg 300w, https:\/\/www.promec-srl.com\/wp-content\/uploads\/2026\/05\/Sincrojet-Header-1500x983_01-1024x671.jpg 1024w, https:\/\/www.promec-srl.com\/wp-content\/uploads\/2026\/05\/Sincrojet-Header-1500x983_01-768x503.jpg 768w, https:\/\/www.promec-srl.com\/wp-content\/uploads\/2026\/05\/Sincrojet-Header-1500x983_01-81x53.jpg 81w\" sizes=\"(max-width: 1500px) 100vw, 1500px\" \/><\/a><\/div><figcaption><h3 class=\"\"><a href=\"https:\/\/www.promec-srl.com\/fr\/prodotti\/sincrojet\/\">Sincrojet<\/a><\/h3><\/figcaption><\/figure><\/li><\/ul><\/div><\/div><\/div>[vc_separator]<\/div><\/div><\/section>","protected":false},"excerpt":{"rendered":"<p>[vc_single_image image=\u00a0\u00bb27442&Prime; img_size=\u00a0\u00bbfull\u00a0\u00bb css=\u00a0\u00bb\u00a0\u00bb][vc_single_image image=\u00a0\u00bb27438&Prime; img_size=\u00a0\u00bbfull\u00a0\u00bb alignment=\u00a0\u00bbcenter\u00a0\u00bb css=\u00a0\u00bb\u00a0\u00bb][vc_empty_space]SINCROJET SYST\u00c8MES INT\u00c9GR\u00c9S POUR LE SOUFFLAGE, LE REMPLISSAGE ET LE BOUCHAGE DES BOUTEILLES EN PET Il combine une souffleuse lin\u00e9aire avec un remplisseuse\/boucheuse rotative gr\u00e2ce \u00e0 un syst\u00e8me innovant de trasfert direct des bouteilles (brevet en cours). Cette solution simple et fiable garantit des standards de qualit\u00e9 \u00e9lev\u00e9s [&hellip;]<\/p>\n","protected":false},"author":9,"featured_media":0,"parent":0,"menu_order":0,"comment_status":"closed","ping_status":"closed","template":"","meta":{"footnotes":""},"class_list":["post-27464","page","type-page","status-publish","hentry"],"yoast_head":"<!-- This site is optimized with the Yoast SEO plugin v27.6 - https:\/\/yoast.com\/product\/yoast-seo-wordpress\/ -->\n<title>Bloc Combin\u00e9 - Promec<\/title>\n<meta name=\"robots\" content=\"index, follow, max-snippet:-1, max-image-preview:large, max-video-preview:-1\" \/>\n<link rel=\"canonical\" href=\"https:\/\/www.promec-srl.com\/fr\/bloc-combine\/\" \/>\n<meta property=\"og:locale\" content=\"fr_FR\" \/>\n<meta property=\"og:type\" content=\"article\" \/>\n<meta property=\"og:title\" content=\"Bloc Combin\u00e9 - Promec\" \/>\n<meta property=\"og:description\" content=\"[vc_single_image image=&quot;27442&quot; img_size=&quot;full&quot; css=&quot;&quot;][vc_single_image image=&quot;27438&quot; img_size=&quot;full&quot; alignment=&quot;center&quot; css=&quot;&quot;][vc_empty_space]SINCROJET SYST\u00c8MES INT\u00c9GR\u00c9S POUR LE SOUFFLAGE, LE REMPLISSAGE ET LE BOUCHAGE DES BOUTEILLES EN PET Il combine une souffleuse lin\u00e9aire avec un remplisseuse\/boucheuse rotative gr\u00e2ce \u00e0 un syst\u00e8me innovant de trasfert direct des bouteilles (brevet en cours). Cette solution simple et fiable garantit des standards de qualit\u00e9 \u00e9lev\u00e9s [&hellip;]\" \/>\n<meta property=\"og:url\" content=\"https:\/\/www.promec-srl.com\/fr\/bloc-combine\/\" \/>\n<meta property=\"og:site_name\" content=\"Promec\" \/>\n<meta property=\"article:modified_time\" content=\"2026-05-12T10:43:26+00:00\" \/>\n<meta name=\"twitter:card\" content=\"summary_large_image\" \/>\n<meta name=\"twitter:label1\" content=\"Dur\u00e9e de lecture estim\u00e9e\" \/>\n\t<meta name=\"twitter:data1\" content=\"4 minutes\" \/>\n<script type=\"application\/ld+json\" class=\"yoast-schema-graph\">{\"@context\":\"https:\\\/\\\/schema.org\",\"@graph\":[{\"@type\":\"WebPage\",\"@id\":\"https:\\\/\\\/www.promec-srl.com\\\/fr\\\/bloc-combine\\\/\",\"url\":\"https:\\\/\\\/www.promec-srl.com\\\/fr\\\/bloc-combine\\\/\",\"name\":\"Bloc Combin\u00e9 - Promec\",\"isPartOf\":{\"@id\":\"https:\\\/\\\/www.promec-srl.com\\\/#website\"},\"datePublished\":\"2026-05-12T10:29:59+00:00\",\"dateModified\":\"2026-05-12T10:43:26+00:00\",\"breadcrumb\":{\"@id\":\"https:\\\/\\\/www.promec-srl.com\\\/fr\\\/bloc-combine\\\/#breadcrumb\"},\"inLanguage\":\"fr-FR\",\"potentialAction\":[{\"@type\":\"ReadAction\",\"target\":[\"https:\\\/\\\/www.promec-srl.com\\\/fr\\\/bloc-combine\\\/\"]}]},{\"@type\":\"BreadcrumbList\",\"@id\":\"https:\\\/\\\/www.promec-srl.com\\\/fr\\\/bloc-combine\\\/#breadcrumb\",\"itemListElement\":[{\"@type\":\"ListItem\",\"position\":1,\"name\":\"Home\",\"item\":\"https:\\\/\\\/www.promec-srl.com\\\/fr\\\/\"},{\"@type\":\"ListItem\",\"position\":2,\"name\":\"Bloc Combin\u00e9\"}]},{\"@type\":\"WebSite\",\"@id\":\"https:\\\/\\\/www.promec-srl.com\\\/#website\",\"url\":\"https:\\\/\\\/www.promec-srl.com\\\/\",\"name\":\"Promec\",\"description\":\"IL PARTNER IDEALE PER LA REALIZZAZIONE DI IMPIANTI COMPLETI DI IMBOTTIGLIAMENTO\",\"potentialAction\":[{\"@type\":\"SearchAction\",\"target\":{\"@type\":\"EntryPoint\",\"urlTemplate\":\"https:\\\/\\\/www.promec-srl.com\\\/?s={search_term_string}\"},\"query-input\":{\"@type\":\"PropertyValueSpecification\",\"valueRequired\":true,\"valueName\":\"search_term_string\"}}],\"inLanguage\":\"fr-FR\"}]}<\/script>\n<!-- \/ Yoast SEO plugin. -->","yoast_head_json":{"title":"Bloc Combin\u00e9 - Promec","robots":{"index":"index","follow":"follow","max-snippet":"max-snippet:-1","max-image-preview":"max-image-preview:large","max-video-preview":"max-video-preview:-1"},"canonical":"https:\/\/www.promec-srl.com\/fr\/bloc-combine\/","og_locale":"fr_FR","og_type":"article","og_title":"Bloc Combin\u00e9 - Promec","og_description":"[vc_single_image image=\"27442\" img_size=\"full\" css=\"\"][vc_single_image image=\"27438\" img_size=\"full\" alignment=\"center\" css=\"\"][vc_empty_space]SINCROJET SYST\u00c8MES INT\u00c9GR\u00c9S POUR LE SOUFFLAGE, LE REMPLISSAGE ET LE BOUCHAGE DES BOUTEILLES EN PET Il combine une souffleuse lin\u00e9aire avec un remplisseuse\/boucheuse rotative gr\u00e2ce \u00e0 un syst\u00e8me innovant de trasfert direct des bouteilles (brevet en cours). Cette solution simple et fiable garantit des standards de qualit\u00e9 \u00e9lev\u00e9s [&hellip;]","og_url":"https:\/\/www.promec-srl.com\/fr\/bloc-combine\/","og_site_name":"Promec","article_modified_time":"2026-05-12T10:43:26+00:00","twitter_card":"summary_large_image","twitter_misc":{"Dur\u00e9e de lecture estim\u00e9e":"4 minutes"},"schema":{"@context":"https:\/\/schema.org","@graph":[{"@type":"WebPage","@id":"https:\/\/www.promec-srl.com\/fr\/bloc-combine\/","url":"https:\/\/www.promec-srl.com\/fr\/bloc-combine\/","name":"Bloc Combin\u00e9 - Promec","isPartOf":{"@id":"https:\/\/www.promec-srl.com\/#website"},"datePublished":"2026-05-12T10:29:59+00:00","dateModified":"2026-05-12T10:43:26+00:00","breadcrumb":{"@id":"https:\/\/www.promec-srl.com\/fr\/bloc-combine\/#breadcrumb"},"inLanguage":"fr-FR","potentialAction":[{"@type":"ReadAction","target":["https:\/\/www.promec-srl.com\/fr\/bloc-combine\/"]}]},{"@type":"BreadcrumbList","@id":"https:\/\/www.promec-srl.com\/fr\/bloc-combine\/#breadcrumb","itemListElement":[{"@type":"ListItem","position":1,"name":"Home","item":"https:\/\/www.promec-srl.com\/fr\/"},{"@type":"ListItem","position":2,"name":"Bloc Combin\u00e9"}]},{"@type":"WebSite","@id":"https:\/\/www.promec-srl.com\/#website","url":"https:\/\/www.promec-srl.com\/","name":"Promec","description":"IL PARTNER IDEALE PER LA REALIZZAZIONE DI IMPIANTI COMPLETI DI IMBOTTIGLIAMENTO","potentialAction":[{"@type":"SearchAction","target":{"@type":"EntryPoint","urlTemplate":"https:\/\/www.promec-srl.com\/?s={search_term_string}"},"query-input":{"@type":"PropertyValueSpecification","valueRequired":true,"valueName":"search_term_string"}}],"inLanguage":"fr-FR"}]}},"_links":{"self":[{"href":"https:\/\/www.promec-srl.com\/fr\/wp-json\/wp\/v2\/pages\/27464","targetHints":{"allow":["GET"]}}],"collection":[{"href":"https:\/\/www.promec-srl.com\/fr\/wp-json\/wp\/v2\/pages"}],"about":[{"href":"https:\/\/www.promec-srl.com\/fr\/wp-json\/wp\/v2\/types\/page"}],"author":[{"embeddable":true,"href":"https:\/\/www.promec-srl.com\/fr\/wp-json\/wp\/v2\/users\/9"}],"replies":[{"embeddable":true,"href":"https:\/\/www.promec-srl.com\/fr\/wp-json\/wp\/v2\/comments?post=27464"}],"version-history":[{"count":4,"href":"https:\/\/www.promec-srl.com\/fr\/wp-json\/wp\/v2\/pages\/27464\/revisions"}],"predecessor-version":[{"id":27471,"href":"https:\/\/www.promec-srl.com\/fr\/wp-json\/wp\/v2\/pages\/27464\/revisions\/27471"}],"wp:attachment":[{"href":"https:\/\/www.promec-srl.com\/fr\/wp-json\/wp\/v2\/media?parent=27464"}],"curies":[{"name":"wp","href":"https:\/\/api.w.org\/{rel}","templated":true}]}}